{"id":5862,"date":"2025-06-06T14:53:29","date_gmt":"2025-06-06T12:53:29","guid":{"rendered":"https:\/\/royal-glass.com\/product\/dropstop\/"},"modified":"2025-06-06T14:53:29","modified_gmt":"2025-06-06T12:53:29","slug":"dropstop","status":"publish","type":"product","link":"https:\/\/royal-glass.com\/fr\/produit\/dropstop\/","title":{"rendered":"Dropstop"},"content":{"rendered":"","protected":false},"excerpt":{"rendered":"<p>Con\u00e7u sp\u00e9cifiquement pour l&#8217;exquise collection de verres \u00e0 vin Royal Glass, ce chiffon en microfibre premium pr\u00e9serve l&#8217;\u00e9clat de votre verrerie fine \u00e0 chaque toucher d\u00e9licat. Ultra-doux et non pelucheux, il polit jusqu&#8217;\u00e0 obtenir une brillance sans traces, sans rayer les surfaces d\u00e9licates en cristal qui distinguent vos pi\u00e8ces Royal Glass. Le tissage sp\u00e9cialis\u00e9 capture la poussi\u00e8re et les empreintes digitales tout en restant suffisamment doux pour les tiges souffl\u00e9es \u00e0 la main les plus fines. Lavable et durable, cet accessoire essentiel garantit que vos verres fa\u00e7onn\u00e9s avec ma\u00eetrise conservent leur clart\u00e9 radieuse et leur pr\u00e9sentation \u00e9l\u00e9gante, permettant \u00e0 la v\u00e9ritable beaut\u00e9 de votre collection Royal Glass de briller \u00e0 chaque occasion.   <\/p>\n","protected":false},"featured_media":5839,"template":"","meta":{"_acf_changed":false},"product_brand":[76],"product_cat":[77],"product_tag":[],"class_list":{"0":"post-5862","1":"product","2":"type-product","3":"status-publish","4":"has-post-thumbnail","6":"product_brand-dropstop","7":"product_cat-accessoires","9":"first","10":"instock","11":"taxable","12":"shipping-taxable","13":"purchasable","14":"product-type-simple"},"acf":[],"cp_meta_data":{"_wcml_average_rating":[null],"_wcml_review_count":[null],"_wcml_rating_count":[null],"_backorders":["no"],"_download_limit":["-1"],"_download_expiry":["-1"],"_downloadable":["no"],"_manage_stock":["no"],"_sku":["ACC-DROP"],"_stock_status":["instock"],"_sold_individually":["no"],"_tax_class":[""],"_tax_status":["taxable"],"_virtual":["no"],"_weight":["0.01"],"_width":["8"],"_height":["0.1"],"_length":["8"],"total_sales":["4"],"_yoast_wpseo_primary_product_cat":["74"],"_top_nav_excluded":[""],"_cms_nav_minihome":[""],"_crosssell_ids":["a:7:{i:0;i:5699;i:1;i:3547;i:2;i:3545;i:3;i:4251;i:4;N;i:5;N;i:6;i:3546;}"],"_yoast_wpseo_title":["Dropstop - Outil pour \u00e9viter les gouttes de vin - Royal Glass"],"_yoast_wpseo_metadesc":["Ne perdez pas une seule goutte de votre vin pr\u00e9f\u00e9r\u00e9 avec le drop stop Royal Glass, l'accessoire pratique indispensable \u00e0 avoir pour bien profiter de vos vins et de vos verres \u00e0 vin."],"wc_productdata_options":["a:1:{i:0;a:10:{s:14:\"_product_block\";s:4:\"5803\";s:12:\"_top_content\";s:0:\"\";s:15:\"_bottom_content\";s:0:\"\";s:11:\"_bubble_new\";s:0:\"\";s:12:\"_bubble_text\";s:0:\"\";s:17:\"_custom_tab_title\";s:0:\"\";s:11:\"_custom_tab\";s:0:\"\";s:14:\"_product_video\";s:0:\"\";s:19:\"_product_video_size\";s:0:\"\";s:24:\"_product_video_placement\";s:0:\"\";}}"],"_downloadable_files":[""],"_thumbnail_id":["5839"],"_product_image_gallery":["5841,5843"],"_wpml_word_count":["134"],"_regular_price":["4.08"],"_sale_price":[""],"_price":["4.08"],"_max_variation_price":[""],"_max_variation_regular_price":[""],"_max_variation_sale_price":[""],"_min_variation_price":[""],"_min_variation_regular_price":[""],"_min_variation_sale_price":[""],"_wc_rating_count":[""],"_wc_review_count":[""],"_wc_average_rating":[0]},"yoast_head":"<!-- This site is optimized with the Yoast SEO plugin v27.4 - https:\/\/yoast.com\/product\/yoast-seo-wordpress\/ -->\n<title>Dropstop - Outil pour \u00e9viter les gouttes de vin - Royal Glass<\/title>\n<meta name=\"description\" content=\"Ne perdez pas une seule goutte de votre vin pr\u00e9f\u00e9r\u00e9 avec le drop stop Royal Glass, l&#039;accessoire pratique indispensable \u00e0 avoir pour bien profiter de vos vins et de vos verres \u00e0 vin.\" \/>\n<meta name=\"robots\" content=\"index, follow, max-snippet:-1, max-image-preview:large, max-video-preview:-1\" \/>\n<link rel=\"canonical\" href=\"https:\/\/royal-glass.com\/fr\/produit\/dropstop\/\" \/>\n<meta property=\"og:locale\" content=\"fr_FR\" \/>\n<meta property=\"og:type\" content=\"article\" \/>\n<meta property=\"og:title\" content=\"Dropstop - Outil pour \u00e9viter les gouttes de vin - Royal Glass\" \/>\n<meta property=\"og:description\" content=\"Ne perdez pas une seule goutte de votre vin pr\u00e9f\u00e9r\u00e9 avec le drop stop Royal Glass, l&#039;accessoire pratique indispensable \u00e0 avoir pour bien profiter de vos vins et de vos verres \u00e0 vin.\" \/>\n<meta property=\"og:url\" content=\"https:\/\/royal-glass.com\/fr\/produit\/dropstop\/\" \/>\n<meta property=\"og:site_name\" content=\"Royal Glass\" \/>\n<meta property=\"article:publisher\" content=\"https:\/\/www.facebook.com\/royalglassoffical\/\" \/>\n<meta property=\"og:image\" content=\"https:\/\/royal-glass.com\/wp-content\/uploads\/2025\/06\/Drop-Stop-Royal-Glass.jpg\" \/>\n\t<meta property=\"og:image:width\" content=\"1024\" \/>\n\t<meta property=\"og:image:height\" content=\"1535\" \/>\n\t<meta property=\"og:image:type\" content=\"image\/jpeg\" \/>\n<meta name=\"twitter:card\" content=\"summary_large_image\" \/>\n<script type=\"application\/ld+json\" class=\"yoast-schema-graph\">{\"@context\":\"https:\\\/\\\/schema.org\",\"@graph\":[{\"@type\":\"WebPage\",\"@id\":\"https:\\\/\\\/royal-glass.com\\\/fr\\\/produit\\\/dropstop\\\/\",\"url\":\"https:\\\/\\\/royal-glass.com\\\/fr\\\/produit\\\/dropstop\\\/\",\"name\":\"Dropstop - Outil pour \u00e9viter les gouttes de vin - Royal Glass\",\"isPartOf\":{\"@id\":\"https:\\\/\\\/royal-glass.com\\\/fr\\\/#website\"},\"primaryImageOfPage\":{\"@id\":\"https:\\\/\\\/royal-glass.com\\\/fr\\\/produit\\\/dropstop\\\/#primaryimage\"},\"image\":{\"@id\":\"https:\\\/\\\/royal-glass.com\\\/fr\\\/produit\\\/dropstop\\\/#primaryimage\"},\"thumbnailUrl\":\"https:\\\/\\\/royal-glass.com\\\/wp-content\\\/uploads\\\/2025\\\/06\\\/Drop-Stop-Royal-Glass.jpg\",\"datePublished\":\"2025-06-06T12:53:29+00:00\",\"description\":\"Ne perdez pas une seule goutte de votre vin pr\u00e9f\u00e9r\u00e9 avec le drop stop Royal Glass, l'accessoire pratique indispensable \u00e0 avoir pour bien profiter de vos vins et de vos verres \u00e0 vin.\",\"breadcrumb\":{\"@id\":\"https:\\\/\\\/royal-glass.com\\\/fr\\\/produit\\\/dropstop\\\/#breadcrumb\"},\"inLanguage\":\"fr-FR\",\"potentialAction\":[{\"@type\":\"ReadAction\",\"target\":[\"https:\\\/\\\/royal-glass.com\\\/fr\\\/produit\\\/dropstop\\\/\"]}]},{\"@type\":\"ImageObject\",\"inLanguage\":\"fr-FR\",\"@id\":\"https:\\\/\\\/royal-glass.com\\\/fr\\\/produit\\\/dropstop\\\/#primaryimage\",\"url\":\"https:\\\/\\\/royal-glass.com\\\/wp-content\\\/uploads\\\/2025\\\/06\\\/Drop-Stop-Royal-Glass.jpg\",\"contentUrl\":\"https:\\\/\\\/royal-glass.com\\\/wp-content\\\/uploads\\\/2025\\\/06\\\/Drop-Stop-Royal-Glass.jpg\",\"width\":1024,\"height\":1535,\"caption\":\"Drop-Stop - Royal Glass\"},{\"@type\":\"BreadcrumbList\",\"@id\":\"https:\\\/\\\/royal-glass.com\\\/fr\\\/produit\\\/dropstop\\\/#breadcrumb\",\"itemListElement\":[{\"@type\":\"ListItem\",\"position\":1,\"name\":\"Home\",\"item\":\"https:\\\/\\\/royal-glass.com\\\/fr\\\/\"},{\"@type\":\"ListItem\",\"position\":2,\"name\":\"Boutique\",\"item\":\"https:\\\/\\\/royal-glass.com\\\/fr\\\/boutique\\\/\"},{\"@type\":\"ListItem\",\"position\":3,\"name\":\"Dropstop\"}]},{\"@type\":\"WebSite\",\"@id\":\"https:\\\/\\\/royal-glass.com\\\/fr\\\/#website\",\"url\":\"https:\\\/\\\/royal-glass.com\\\/fr\\\/\",\"name\":\"Royal Glass\",\"description\":\"The perfect wine glass\",\"publisher\":{\"@id\":\"https:\\\/\\\/royal-glass.com\\\/fr\\\/#organization\"},\"potentialAction\":[{\"@type\":\"SearchAction\",\"target\":{\"@type\":\"EntryPoint\",\"urlTemplate\":\"https:\\\/\\\/royal-glass.com\\\/fr\\\/?s={search_term_string}\"},\"query-input\":{\"@type\":\"PropertyValueSpecification\",\"valueRequired\":true,\"valueName\":\"search_term_string\"}}],\"inLanguage\":\"fr-FR\"},{\"@type\":\"Organization\",\"@id\":\"https:\\\/\\\/royal-glass.com\\\/fr\\\/#organization\",\"name\":\"Royal Glass\",\"url\":\"https:\\\/\\\/royal-glass.com\\\/fr\\\/\",\"logo\":{\"@type\":\"ImageObject\",\"inLanguage\":\"fr-FR\",\"@id\":\"https:\\\/\\\/royal-glass.com\\\/fr\\\/#\\\/schema\\\/logo\\\/image\\\/\",\"url\":\"https:\\\/\\\/royal-glass.com\\\/wp-content\\\/uploads\\\/2023\\\/02\\\/logo-royal-glass.png\",\"contentUrl\":\"https:\\\/\\\/royal-glass.com\\\/wp-content\\\/uploads\\\/2023\\\/02\\\/logo-royal-glass.png\",\"width\":2097,\"height\":382,\"caption\":\"Royal Glass\"},\"image\":{\"@id\":\"https:\\\/\\\/royal-glass.com\\\/fr\\\/#\\\/schema\\\/logo\\\/image\\\/\"},\"sameAs\":[\"https:\\\/\\\/www.facebook.com\\\/royalglassoffical\\\/\",\"https:\\\/\\\/instagram.com\\\/royal_glass_official\\\/\"]}]}<\/script>\n<!-- \/ Yoast SEO plugin. -->","yoast_head_json":{"title":"Dropstop - Outil pour \u00e9viter les gouttes de vin - Royal Glass","description":"Ne perdez pas une seule goutte de votre vin pr\u00e9f\u00e9r\u00e9 avec le drop stop Royal Glass, l'accessoire pratique indispensable \u00e0 avoir pour bien profiter de vos vins et de vos verres \u00e0 vin.","robots":{"index":"index","follow":"follow","max-snippet":"max-snippet:-1","max-image-preview":"max-image-preview:large","max-video-preview":"max-video-preview:-1"},"canonical":"https:\/\/royal-glass.com\/fr\/produit\/dropstop\/","og_locale":"fr_FR","og_type":"article","og_title":"Dropstop - Outil pour \u00e9viter les gouttes de vin - Royal Glass","og_description":"Ne perdez pas une seule goutte de votre vin pr\u00e9f\u00e9r\u00e9 avec le drop stop Royal Glass, l'accessoire pratique indispensable \u00e0 avoir pour bien profiter de vos vins et de vos verres \u00e0 vin.","og_url":"https:\/\/royal-glass.com\/fr\/produit\/dropstop\/","og_site_name":"Royal Glass","article_publisher":"https:\/\/www.facebook.com\/royalglassoffical\/","og_image":[{"width":1024,"height":1535,"url":"https:\/\/royal-glass.com\/wp-content\/uploads\/2025\/06\/Drop-Stop-Royal-Glass.jpg","type":"image\/jpeg"}],"twitter_card":"summary_large_image","schema":{"@context":"https:\/\/schema.org","@graph":[{"@type":"WebPage","@id":"https:\/\/royal-glass.com\/fr\/produit\/dropstop\/","url":"https:\/\/royal-glass.com\/fr\/produit\/dropstop\/","name":"Dropstop - Outil pour \u00e9viter les gouttes de vin - Royal Glass","isPartOf":{"@id":"https:\/\/royal-glass.com\/fr\/#website"},"primaryImageOfPage":{"@id":"https:\/\/royal-glass.com\/fr\/produit\/dropstop\/#primaryimage"},"image":{"@id":"https:\/\/royal-glass.com\/fr\/produit\/dropstop\/#primaryimage"},"thumbnailUrl":"https:\/\/royal-glass.com\/wp-content\/uploads\/2025\/06\/Drop-Stop-Royal-Glass.jpg","datePublished":"2025-06-06T12:53:29+00:00","description":"Ne perdez pas une seule goutte de votre vin pr\u00e9f\u00e9r\u00e9 avec le drop stop Royal Glass, l'accessoire pratique indispensable \u00e0 avoir pour bien profiter de vos vins et de vos verres \u00e0 vin.","breadcrumb":{"@id":"https:\/\/royal-glass.com\/fr\/produit\/dropstop\/#breadcrumb"},"inLanguage":"fr-FR","potentialAction":[{"@type":"ReadAction","target":["https:\/\/royal-glass.com\/fr\/produit\/dropstop\/"]}]},{"@type":"ImageObject","inLanguage":"fr-FR","@id":"https:\/\/royal-glass.com\/fr\/produit\/dropstop\/#primaryimage","url":"https:\/\/royal-glass.com\/wp-content\/uploads\/2025\/06\/Drop-Stop-Royal-Glass.jpg","contentUrl":"https:\/\/royal-glass.com\/wp-content\/uploads\/2025\/06\/Drop-Stop-Royal-Glass.jpg","width":1024,"height":1535,"caption":"Drop-Stop - Royal Glass"},{"@type":"BreadcrumbList","@id":"https:\/\/royal-glass.com\/fr\/produit\/dropstop\/#breadcrumb","itemListElement":[{"@type":"ListItem","position":1,"name":"Home","item":"https:\/\/royal-glass.com\/fr\/"},{"@type":"ListItem","position":2,"name":"Boutique","item":"https:\/\/royal-glass.com\/fr\/boutique\/"},{"@type":"ListItem","position":3,"name":"Dropstop"}]},{"@type":"WebSite","@id":"https:\/\/royal-glass.com\/fr\/#website","url":"https:\/\/royal-glass.com\/fr\/","name":"Royal Glass","description":"The perfect wine glass","publisher":{"@id":"https:\/\/royal-glass.com\/fr\/#organization"},"potentialAction":[{"@type":"SearchAction","target":{"@type":"EntryPoint","urlTemplate":"https:\/\/royal-glass.com\/fr\/?s={search_term_string}"},"query-input":{"@type":"PropertyValueSpecification","valueRequired":true,"valueName":"search_term_string"}}],"inLanguage":"fr-FR"},{"@type":"Organization","@id":"https:\/\/royal-glass.com\/fr\/#organization","name":"Royal Glass","url":"https:\/\/royal-glass.com\/fr\/","logo":{"@type":"ImageObject","inLanguage":"fr-FR","@id":"https:\/\/royal-glass.com\/fr\/#\/schema\/logo\/image\/","url":"https:\/\/royal-glass.com\/wp-content\/uploads\/2023\/02\/logo-royal-glass.png","contentUrl":"https:\/\/royal-glass.com\/wp-content\/uploads\/2023\/02\/logo-royal-glass.png","width":2097,"height":382,"caption":"Royal Glass"},"image":{"@id":"https:\/\/royal-glass.com\/fr\/#\/schema\/logo\/image\/"},"sameAs":["https:\/\/www.facebook.com\/royalglassoffical\/","https:\/\/instagram.com\/royal_glass_official\/"]}]}},"_links":{"self":[{"href":"https:\/\/royal-glass.com\/fr\/wp-json\/wp\/v2\/product\/5862","targetHints":{"allow":["GET"]}}],"collection":[{"href":"https:\/\/royal-glass.com\/fr\/wp-json\/wp\/v2\/product"}],"about":[{"href":"https:\/\/royal-glass.com\/fr\/wp-json\/wp\/v2\/types\/product"}],"wp:featuredmedia":[{"embeddable":true,"href":"https:\/\/royal-glass.com\/fr\/wp-json\/wp\/v2\/media\/5839"}],"wp:attachment":[{"href":"https:\/\/royal-glass.com\/fr\/wp-json\/wp\/v2\/media?parent=5862"}],"wp:term":[{"taxonomy":"product_brand","embeddable":true,"href":"https:\/\/royal-glass.com\/fr\/wp-json\/wp\/v2\/product_brand?post=5862"},{"taxonomy":"product_cat","embeddable":true,"href":"https:\/\/royal-glass.com\/fr\/wp-json\/wp\/v2\/product_cat?post=5862"},{"taxonomy":"product_tag","embeddable":true,"href":"https:\/\/royal-glass.com\/fr\/wp-json\/wp\/v2\/product_tag?post=5862"}],"curies":[{"name":"wp","href":"https:\/\/api.w.org\/{rel}","templated":true}]}}