{"id":4251,"date":"2024-08-04T21:34:28","date_gmt":"2024-08-04T19:34:28","guid":{"rendered":"https:\/\/royal-glass.com\/?post_type=product&#038;p=4251"},"modified":"2025-12-05T22:18:03","modified_gmt":"2025-12-05T21:18:03","slug":"polymaster-black-34cl","status":"publish","type":"product","link":"https:\/\/royal-glass.com\/fr\/produit\/polymaster-black-34cl\/","title":{"rendered":"Polymaster Noir &#8211; 34 cl &#8211; Lot de 2"},"content":{"rendered":"","protected":false},"excerpt":{"rendered":"<p><img loading=\"lazy\" decoding=\"async\" class=\"alignnone size-full wp-image-3573\" src=\"https:\/\/royal-glass.com\/wp-content\/uploads\/2023\/02\/glasses-x2.png\" alt=\"\" width=\"50\" height=\"40\"><\/p>\n<h3>Verre de d\u00e9gustation \u00e0 l&#8217;aveugle<\/h3>\n<p class=\"x_MsoNormal\"><span lang=\"EN-US\">Le verre &#8220;Polymaster&#8221; est notre cr\u00e9ation originale, la base de notre mod\u00e8le unique d\u00e9velopp\u00e9 depuis 15 ans. Devenu notre best-seller, nous avons d\u00e9velopp\u00e9 une version noire du Polymaster, parfaitement adapt\u00e9e aux d\u00e9gustations \u00e0 l&#8217;aveugle. <\/span><\/p>\n<p class=\"x_MsoNormal\"><span lang=\"EN-US\">\u00c9largissez vos connaissances et \u00e9patez vos amis avec notre verre Polymaster Black. Cette nouvelle approche de la d\u00e9gustation est particuli\u00e8rement ludique, car seuls votre odorat et votre go\u00fbt pourront juger des vins que vous d\u00e9gustez, sans \u00eatre influenc\u00e9s par votre vue ! <\/span><\/p>\n<p class=\"x_MsoNormal\"><span lang=\"EN-US\"> <\/span><span lang=\"EN-US\">Fabriqu\u00e9 en Allemagne \u00e0 partir de cristal de baryum sans plomb, le verre Polymaster est durable et 100 % recyclable. Il peut \u00e9galement \u00eatre lav\u00e9 au lave-vaisselle, ce qui lui conf\u00e8re une robustesse impressionnante pour un usage quotidien. <\/span><\/p>\n","protected":false},"featured_media":5892,"template":"","meta":{"_acf_changed":false},"product_brand":[],"product_cat":[79],"product_tag":[43,42],"class_list":{"0":"post-4251","1":"product","2":"type-product","3":"status-publish","4":"has-post-thumbnail","6":"product_cat-verres-mecaniques","7":"product_tag-accueil","8":"product_tag-bestsellers-fr","10":"first","11":"instock","12":"taxable","13":"shipping-taxable","14":"purchasable","15":"product-type-simple"},"acf":[],"cp_meta_data":{"total_sales":["5"],"_tax_status":["taxable"],"_tax_class":[""],"_backorders":["no"],"_sold_individually":["no"],"_weight":["0.38"],"_length":["7.0"],"_width":["7.0"],"_height":["20.7"],"_virtual":["no"],"_downloadable":["no"],"_product_image_gallery":["3867"],"_download_limit":["-1"],"_download_expiry":["-1"],"_thumbnail_id":["5892"],"_stock":["1029"],"_stock_status":["instock"],"_wc_average_rating":[0],"_wc_review_count":["0"],"_product_version":["10.3.5"],"_top_nav_excluded":[""],"_cms_nav_minihome":[""],"wcml_sync_hash":["a:1:{s:15:\"postmeta_fields\";s:32:\"74eaa9f5a1445a5e0b3536077a24d003\";}"],"attr_label_translations":["a:1:{s:2:\"fr\";a:1:{s:6:\"set-of\";s:6:\"Set de\";}}"],"min_quantity":[""],"max_quantity":[""],"product_step":[""],"_last_translation_edit_mode":["translation-editor"],"_wpml_media_duplicate":["0"],"_wpml_location_migration_done":["1"],"_yoast_wpseo_primary_product_cat":[""],"wcmmq_var_quantity_limit":[""],"wcmmq_var_quantity_min_total":[""],"wcmmq_var_count_limit":[""],"_wpml_media_featured":["1"],"_yoast_wpseo_estimated-reading-time-minutes":["1"],"_yoast_wpseo_wordproof_timestamp":[""],"_sku":["RG-PM\/02x2 Black"],"_crosssell_ids":["a:0:{}"],"_manage_stock":["yes"],"_regular_price":["46.33"],"_downloadable_files":[""],"_wpml_word_count":["141"],"_wp_old_date":["2024-08-04"],"_edit_last":["7151"],"_edit_lock":["1752153004:7151"],"_yoast_wpseo_primary_product_brand":[""],"_yoast_wpseo_content_score":["90"],"_wcml_average_rating":[null],"_wcml_review_count":[null],"_wcml_rating_count":[null],"_product_attributes":["a:4:{s:10:\"pa_made-in\";a:6:{s:4:\"name\";s:10:\"pa_made-in\";s:5:\"value\";s:0:\"\";s:8:\"position\";i:0;s:10:\"is_visible\";i:1;s:12:\"is_variation\";i:0;s:11:\"is_taxonomy\";i:1;}s:11:\"pa_material\";a:6:{s:4:\"name\";s:11:\"pa_material\";s:5:\"value\";s:0:\"\";s:8:\"position\";i:1;s:10:\"is_visible\";i:1;s:12:\"is_variation\";i:0;s:11:\"is_taxonomy\";i:1;}s:11:\"pa_delivery\";a:6:{s:4:\"name\";s:11:\"pa_delivery\";s:5:\"value\";s:0:\"\";s:8:\"position\";i:2;s:10:\"is_visible\";i:1;s:12:\"is_variation\";i:0;s:11:\"is_taxonomy\";i:1;}s:11:\"pa_order-by\";a:6:{s:4:\"name\";s:11:\"pa_order-by\";s:5:\"value\";s:0:\"\";s:8:\"position\";i:3;s:10:\"is_visible\";i:0;s:12:\"is_variation\";i:1;s:11:\"is_taxonomy\";i:1;}}"],"_default_attributes":["a:1:{s:11:\"pa_order-by\";s:4:\"2-fr\";}"],"_yoast_wpseo_title":["Verre \u00e0 vin noir Polymaster - D\u00e9gustation \u00e0 l'aveugle - Royal Glass"],"_yoast_wpseo_metadesc":["Le Polymaster Black est la version pour la d\u00e9gustation \u00e0 l'aveugle de notre verre \u00e0 vin original et universel, con\u00e7u pour tout type de vin. Le verre \u00e0 vin par excellence."],"wc_productdata_options":["a:1:{i:0;a:10:{s:14:\"_product_block\";s:4:\"5714\";s:12:\"_top_content\";s:0:\"\";s:15:\"_bottom_content\";s:0:\"\";s:11:\"_bubble_new\";s:0:\"\";s:12:\"_bubble_text\";s:0:\"\";s:17:\"_custom_tab_title\";s:0:\"\";s:11:\"_custom_tab\";s:0:\"\";s:14:\"_product_video\";s:0:\"\";s:19:\"_product_video_size\";s:0:\"\";s:24:\"_product_video_placement\";s:0:\"\";}}"],"_price_CHF":["46.33"],"_price":["46.33"],"_max_variation_price":[""],"_max_variation_regular_price":[""],"_max_variation_sale_price":[""],"_min_variation_price":[""],"_min_variation_regular_price":[""],"_min_variation_sale_price":[""],"_sale_price":[""],"_wc_rating_count":[""]},"yoast_head":"<!-- This site is optimized with the Yoast SEO plugin v27.3 - https:\/\/yoast.com\/product\/yoast-seo-wordpress\/ -->\n<title>Verre \u00e0 vin noir Polymaster - D\u00e9gustation \u00e0 l&#039;aveugle - Royal Glass<\/title>\n<meta name=\"description\" content=\"Le Polymaster Black est la version pour la d\u00e9gustation \u00e0 l&#039;aveugle de notre verre \u00e0 vin original et universel, con\u00e7u pour tout type de vin. Le verre \u00e0 vin par excellence.\" \/>\n<meta name=\"robots\" content=\"index, follow, max-snippet:-1, max-image-preview:large, max-video-preview:-1\" \/>\n<link rel=\"canonical\" href=\"https:\/\/royal-glass.com\/fr\/produit\/polymaster-black-34cl\/\" \/>\n<meta property=\"og:locale\" content=\"fr_FR\" \/>\n<meta property=\"og:type\" content=\"article\" \/>\n<meta property=\"og:title\" content=\"Verre \u00e0 vin noir Polymaster - D\u00e9gustation \u00e0 l&#039;aveugle - Royal Glass\" \/>\n<meta property=\"og:description\" content=\"Le Polymaster Black est la version pour la d\u00e9gustation \u00e0 l&#039;aveugle de notre verre \u00e0 vin original et universel, con\u00e7u pour tout type de vin. Le verre \u00e0 vin par excellence.\" \/>\n<meta property=\"og:url\" content=\"https:\/\/royal-glass.com\/fr\/produit\/polymaster-black-34cl\/\" \/>\n<meta property=\"og:site_name\" content=\"Royal Glass\" \/>\n<meta property=\"article:publisher\" content=\"https:\/\/www.facebook.com\/royalglassoffical\/\" \/>\n<meta property=\"article:modified_time\" content=\"2025-12-05T21:18:03+00:00\" \/>\n<meta property=\"og:image\" content=\"https:\/\/royal-glass.com\/wp-content\/uploads\/2024\/08\/Polymaster-Black-Royal-Glass.jpg\" \/>\n\t<meta property=\"og:image:width\" content=\"1024\" \/>\n\t<meta property=\"og:image:height\" content=\"1535\" \/>\n\t<meta property=\"og:image:type\" content=\"image\/jpeg\" \/>\n<meta name=\"twitter:card\" content=\"summary_large_image\" \/>\n<meta name=\"twitter:label1\" content=\"Dur\u00e9e de lecture estim\u00e9e\" \/>\n\t<meta name=\"twitter:data1\" content=\"1 minute\" \/>\n<script type=\"application\/ld+json\" class=\"yoast-schema-graph\">{\"@context\":\"https:\\\/\\\/schema.org\",\"@graph\":[{\"@type\":\"WebPage\",\"@id\":\"https:\\\/\\\/royal-glass.com\\\/fr\\\/produit\\\/polymaster-black-34cl\\\/\",\"url\":\"https:\\\/\\\/royal-glass.com\\\/fr\\\/produit\\\/polymaster-black-34cl\\\/\",\"name\":\"Verre \u00e0 vin noir Polymaster - D\u00e9gustation \u00e0 l'aveugle - Royal Glass\",\"isPartOf\":{\"@id\":\"https:\\\/\\\/royal-glass.com\\\/fr\\\/#website\"},\"primaryImageOfPage\":{\"@id\":\"https:\\\/\\\/royal-glass.com\\\/fr\\\/produit\\\/polymaster-black-34cl\\\/#primaryimage\"},\"image\":{\"@id\":\"https:\\\/\\\/royal-glass.com\\\/fr\\\/produit\\\/polymaster-black-34cl\\\/#primaryimage\"},\"thumbnailUrl\":\"https:\\\/\\\/royal-glass.com\\\/wp-content\\\/uploads\\\/2024\\\/08\\\/Polymaster-Black-Royal-Glass.jpg\",\"datePublished\":\"2024-08-04T19:34:28+00:00\",\"dateModified\":\"2025-12-05T21:18:03+00:00\",\"description\":\"Le Polymaster Black est la version pour la d\u00e9gustation \u00e0 l'aveugle de notre verre \u00e0 vin original et universel, con\u00e7u pour tout type de vin. Le verre \u00e0 vin par excellence.\",\"breadcrumb\":{\"@id\":\"https:\\\/\\\/royal-glass.com\\\/fr\\\/produit\\\/polymaster-black-34cl\\\/#breadcrumb\"},\"inLanguage\":\"fr-FR\",\"potentialAction\":[{\"@type\":\"ReadAction\",\"target\":[\"https:\\\/\\\/royal-glass.com\\\/fr\\\/produit\\\/polymaster-black-34cl\\\/\"]}]},{\"@type\":\"ImageObject\",\"inLanguage\":\"fr-FR\",\"@id\":\"https:\\\/\\\/royal-glass.com\\\/fr\\\/produit\\\/polymaster-black-34cl\\\/#primaryimage\",\"url\":\"https:\\\/\\\/royal-glass.com\\\/wp-content\\\/uploads\\\/2024\\\/08\\\/Polymaster-Black-Royal-Glass.jpg\",\"contentUrl\":\"https:\\\/\\\/royal-glass.com\\\/wp-content\\\/uploads\\\/2024\\\/08\\\/Polymaster-Black-Royal-Glass.jpg\",\"width\":1024,\"height\":1535,\"caption\":\"Polymaster Black - Verre de d\u00e9gustation \u00e0 l'aveugle - Royal Glass\"},{\"@type\":\"BreadcrumbList\",\"@id\":\"https:\\\/\\\/royal-glass.com\\\/fr\\\/produit\\\/polymaster-black-34cl\\\/#breadcrumb\",\"itemListElement\":[{\"@type\":\"ListItem\",\"position\":1,\"name\":\"Home\",\"item\":\"https:\\\/\\\/royal-glass.com\\\/fr\\\/\"},{\"@type\":\"ListItem\",\"position\":2,\"name\":\"Boutique\",\"item\":\"https:\\\/\\\/royal-glass.com\\\/fr\\\/boutique\\\/\"},{\"@type\":\"ListItem\",\"position\":3,\"name\":\"Polymaster Noir &#8211; 34 cl &#8211; Lot de 2\"}]},{\"@type\":\"WebSite\",\"@id\":\"https:\\\/\\\/royal-glass.com\\\/fr\\\/#website\",\"url\":\"https:\\\/\\\/royal-glass.com\\\/fr\\\/\",\"name\":\"Royal Glass\",\"description\":\"The perfect wine glass\",\"publisher\":{\"@id\":\"https:\\\/\\\/royal-glass.com\\\/fr\\\/#organization\"},\"potentialAction\":[{\"@type\":\"SearchAction\",\"target\":{\"@type\":\"EntryPoint\",\"urlTemplate\":\"https:\\\/\\\/royal-glass.com\\\/fr\\\/?s={search_term_string}\"},\"query-input\":{\"@type\":\"PropertyValueSpecification\",\"valueRequired\":true,\"valueName\":\"search_term_string\"}}],\"inLanguage\":\"fr-FR\"},{\"@type\":\"Organization\",\"@id\":\"https:\\\/\\\/royal-glass.com\\\/fr\\\/#organization\",\"name\":\"Royal Glass\",\"url\":\"https:\\\/\\\/royal-glass.com\\\/fr\\\/\",\"logo\":{\"@type\":\"ImageObject\",\"inLanguage\":\"fr-FR\",\"@id\":\"https:\\\/\\\/royal-glass.com\\\/fr\\\/#\\\/schema\\\/logo\\\/image\\\/\",\"url\":\"https:\\\/\\\/royal-glass.com\\\/wp-content\\\/uploads\\\/2023\\\/02\\\/logo-royal-glass.png\",\"contentUrl\":\"https:\\\/\\\/royal-glass.com\\\/wp-content\\\/uploads\\\/2023\\\/02\\\/logo-royal-glass.png\",\"width\":2097,\"height\":382,\"caption\":\"Royal Glass\"},\"image\":{\"@id\":\"https:\\\/\\\/royal-glass.com\\\/fr\\\/#\\\/schema\\\/logo\\\/image\\\/\"},\"sameAs\":[\"https:\\\/\\\/www.facebook.com\\\/royalglassoffical\\\/\",\"https:\\\/\\\/instagram.com\\\/royal_glass_official\\\/\"]}]}<\/script>\n<!-- \/ Yoast SEO plugin. -->","yoast_head_json":{"title":"Verre \u00e0 vin noir Polymaster - D\u00e9gustation \u00e0 l'aveugle - Royal Glass","description":"Le Polymaster Black est la version pour la d\u00e9gustation \u00e0 l'aveugle de notre verre \u00e0 vin original et universel, con\u00e7u pour tout type de vin. Le verre \u00e0 vin par excellence.","robots":{"index":"index","follow":"follow","max-snippet":"max-snippet:-1","max-image-preview":"max-image-preview:large","max-video-preview":"max-video-preview:-1"},"canonical":"https:\/\/royal-glass.com\/fr\/produit\/polymaster-black-34cl\/","og_locale":"fr_FR","og_type":"article","og_title":"Verre \u00e0 vin noir Polymaster - D\u00e9gustation \u00e0 l'aveugle - Royal Glass","og_description":"Le Polymaster Black est la version pour la d\u00e9gustation \u00e0 l'aveugle de notre verre \u00e0 vin original et universel, con\u00e7u pour tout type de vin. Le verre \u00e0 vin par excellence.","og_url":"https:\/\/royal-glass.com\/fr\/produit\/polymaster-black-34cl\/","og_site_name":"Royal Glass","article_publisher":"https:\/\/www.facebook.com\/royalglassoffical\/","article_modified_time":"2025-12-05T21:18:03+00:00","og_image":[{"width":1024,"height":1535,"url":"https:\/\/royal-glass.com\/wp-content\/uploads\/2024\/08\/Polymaster-Black-Royal-Glass.jpg","type":"image\/jpeg"}],"twitter_card":"summary_large_image","twitter_misc":{"Dur\u00e9e de lecture estim\u00e9e":"1 minute"},"schema":{"@context":"https:\/\/schema.org","@graph":[{"@type":"WebPage","@id":"https:\/\/royal-glass.com\/fr\/produit\/polymaster-black-34cl\/","url":"https:\/\/royal-glass.com\/fr\/produit\/polymaster-black-34cl\/","name":"Verre \u00e0 vin noir Polymaster - D\u00e9gustation \u00e0 l'aveugle - Royal Glass","isPartOf":{"@id":"https:\/\/royal-glass.com\/fr\/#website"},"primaryImageOfPage":{"@id":"https:\/\/royal-glass.com\/fr\/produit\/polymaster-black-34cl\/#primaryimage"},"image":{"@id":"https:\/\/royal-glass.com\/fr\/produit\/polymaster-black-34cl\/#primaryimage"},"thumbnailUrl":"https:\/\/royal-glass.com\/wp-content\/uploads\/2024\/08\/Polymaster-Black-Royal-Glass.jpg","datePublished":"2024-08-04T19:34:28+00:00","dateModified":"2025-12-05T21:18:03+00:00","description":"Le Polymaster Black est la version pour la d\u00e9gustation \u00e0 l'aveugle de notre verre \u00e0 vin original et universel, con\u00e7u pour tout type de vin. Le verre \u00e0 vin par excellence.","breadcrumb":{"@id":"https:\/\/royal-glass.com\/fr\/produit\/polymaster-black-34cl\/#breadcrumb"},"inLanguage":"fr-FR","potentialAction":[{"@type":"ReadAction","target":["https:\/\/royal-glass.com\/fr\/produit\/polymaster-black-34cl\/"]}]},{"@type":"ImageObject","inLanguage":"fr-FR","@id":"https:\/\/royal-glass.com\/fr\/produit\/polymaster-black-34cl\/#primaryimage","url":"https:\/\/royal-glass.com\/wp-content\/uploads\/2024\/08\/Polymaster-Black-Royal-Glass.jpg","contentUrl":"https:\/\/royal-glass.com\/wp-content\/uploads\/2024\/08\/Polymaster-Black-Royal-Glass.jpg","width":1024,"height":1535,"caption":"Polymaster Black - Verre de d\u00e9gustation \u00e0 l'aveugle - Royal Glass"},{"@type":"BreadcrumbList","@id":"https:\/\/royal-glass.com\/fr\/produit\/polymaster-black-34cl\/#breadcrumb","itemListElement":[{"@type":"ListItem","position":1,"name":"Home","item":"https:\/\/royal-glass.com\/fr\/"},{"@type":"ListItem","position":2,"name":"Boutique","item":"https:\/\/royal-glass.com\/fr\/boutique\/"},{"@type":"ListItem","position":3,"name":"Polymaster Noir &#8211; 34 cl &#8211; Lot de 2"}]},{"@type":"WebSite","@id":"https:\/\/royal-glass.com\/fr\/#website","url":"https:\/\/royal-glass.com\/fr\/","name":"Royal Glass","description":"The perfect wine glass","publisher":{"@id":"https:\/\/royal-glass.com\/fr\/#organization"},"potentialAction":[{"@type":"SearchAction","target":{"@type":"EntryPoint","urlTemplate":"https:\/\/royal-glass.com\/fr\/?s={search_term_string}"},"query-input":{"@type":"PropertyValueSpecification","valueRequired":true,"valueName":"search_term_string"}}],"inLanguage":"fr-FR"},{"@type":"Organization","@id":"https:\/\/royal-glass.com\/fr\/#organization","name":"Royal Glass","url":"https:\/\/royal-glass.com\/fr\/","logo":{"@type":"ImageObject","inLanguage":"fr-FR","@id":"https:\/\/royal-glass.com\/fr\/#\/schema\/logo\/image\/","url":"https:\/\/royal-glass.com\/wp-content\/uploads\/2023\/02\/logo-royal-glass.png","contentUrl":"https:\/\/royal-glass.com\/wp-content\/uploads\/2023\/02\/logo-royal-glass.png","width":2097,"height":382,"caption":"Royal Glass"},"image":{"@id":"https:\/\/royal-glass.com\/fr\/#\/schema\/logo\/image\/"},"sameAs":["https:\/\/www.facebook.com\/royalglassoffical\/","https:\/\/instagram.com\/royal_glass_official\/"]}]}},"_links":{"self":[{"href":"https:\/\/royal-glass.com\/fr\/wp-json\/wp\/v2\/product\/4251","targetHints":{"allow":["GET"]}}],"collection":[{"href":"https:\/\/royal-glass.com\/fr\/wp-json\/wp\/v2\/product"}],"about":[{"href":"https:\/\/royal-glass.com\/fr\/wp-json\/wp\/v2\/types\/product"}],"wp:featuredmedia":[{"embeddable":true,"href":"https:\/\/royal-glass.com\/fr\/wp-json\/wp\/v2\/media\/5892"}],"wp:attachment":[{"href":"https:\/\/royal-glass.com\/fr\/wp-json\/wp\/v2\/media?parent=4251"}],"wp:term":[{"taxonomy":"product_brand","embeddable":true,"href":"https:\/\/royal-glass.com\/fr\/wp-json\/wp\/v2\/product_brand?post=4251"},{"taxonomy":"product_cat","embeddable":true,"href":"https:\/\/royal-glass.com\/fr\/wp-json\/wp\/v2\/product_cat?post=4251"},{"taxonomy":"product_tag","embeddable":true,"href":"https:\/\/royal-glass.com\/fr\/wp-json\/wp\/v2\/product_tag?post=4251"}],"curies":[{"name":"wp","href":"https:\/\/api.w.org\/{rel}","templated":true}]}}