{"id":3547,"date":"2024-08-03T15:04:03","date_gmt":"2024-08-03T13:04:03","guid":{"rendered":"https:\/\/royal-glass.com\/product\/gran-ultima-54cl\/"},"modified":"2026-04-12T12:07:21","modified_gmt":"2026-04-12T10:07:21","slug":"gran-ultima-54cl","status":"publish","type":"product","link":"https:\/\/royal-glass.com\/fr\/produit\/gran-ultima-54cl\/","title":{"rendered":"Gran Ultima &#8211; 54cl &#8211; Set de 2"},"content":{"rendered":"","protected":false},"excerpt":{"rendered":"<p><img loading=\"lazy\" decoding=\"async\" class=\"alignnone size-full wp-image-3573\" src=\"https:\/\/royal-glass.com\/wp-content\/uploads\/2023\/02\/glasses-x2.png\" alt=\"\" width=\"50\" height=\"40\"><\/p>\n<h3>Le verre des tables gastronomiques<\/h3>\n<p>\u00c0 la suite de la note de La Revue du Vin de France, la demande de la part de nos clients s\u2019est fortement accentu\u00e9e. En discutant avec plusieurs restaurateurs, nous avons r\u00e9alis\u00e9 l\u2019importance d\u2019avoir un verre qui non seulement r\u00e9pond aux besoins gustatifs, mais qui embellit \u00e9galement les tables des restaurants gastronomiques. <\/p>\n<p>Pour satisfaire cette attente esth\u00e9tique, nous avons d\u00e9velopp\u00e9 le Gran Ultima, un verre de 54 cl qui reprend les formes de notre mod\u00e8le unique tout en ajoutant une touche d&#8217;\u00e9l\u00e9gance et de prestige. Ce verre est aujourd&#8217;hui le plus imposant et le plus raffin\u00e9 de notre gamme.<\/p>\n","protected":false},"featured_media":3788,"template":"","meta":{"_acf_changed":false},"product_brand":[],"product_cat":[79],"product_tag":[43,42],"class_list":{"0":"post-3547","1":"product","2":"type-product","3":"status-publish","4":"has-post-thumbnail","6":"product_cat-verres-mecaniques","7":"product_tag-accueil","8":"product_tag-bestsellers-fr","10":"first","11":"instock","12":"taxable","13":"shipping-taxable","14":"purchasable","15":"product-type-simple"},"acf":[],"cp_meta_data":{"_backorders":["no"],"_download_limit":["-1"],"_download_expiry":["-1"],"_downloadable":["no"],"_sku":["RG-M\/011"],"_stock_status":["instock"],"_sold_individually":["no"],"_tax_class":[""],"_tax_status":["taxable"],"_virtual":["no"],"_weight":["0.190"],"_width":["9.0"],"_height":["23.4"],"_length":["9.0"],"_top_nav_excluded":[""],"_cms_nav_minihome":[""],"wcml_sync_hash":["a:1:{s:15:\"postmeta_fields\";s:32:\"ec087d126ea004b5db5cd7308ad88924\";}"],"_wcml_average_rating":[null],"_wcml_review_count":[null],"_wcml_rating_count":[null],"attr_label_translations":["a:0:{}"],"_thumbnail_id":["3788"],"_crosssell_ids":["a:0:{}"],"_edit_lock":["1764324123:7151"],"_edit_last":["2"],"min_quantity":[""],"max_quantity":[""],"product_step":[""],"_stock":["3687"],"_wc_average_rating":[0],"_wc_review_count":["0"],"_product_version":["10.6.2"],"_last_translation_edit_mode":["translation-editor"],"_wpml_location_migration_done":["1"],"_yoast_wpseo_primary_product_cat":[""],"_manage_stock":["yes"],"total_sales":["147"],"wcmmq_var_quantity_limit":[""],"wcmmq_var_quantity_min_total":[""],"wcmmq_var_count_limit":[""],"_wpml_media_duplicate":["0"],"_wpml_media_featured":["1"],"_yoast_wpseo_estimated-reading-time-minutes":["1"],"_yoast_wpseo_wordproof_timestamp":[""],"_product_image_gallery":["3869"],"_product_attributes":["a:3:{s:10:\"pa_made-in\";a:6:{s:4:\"name\";s:10:\"pa_made-in\";s:5:\"value\";s:0:\"\";s:8:\"position\";i:0;s:10:\"is_visible\";i:1;s:12:\"is_variation\";i:0;s:11:\"is_taxonomy\";i:1;}s:11:\"pa_material\";a:6:{s:4:\"name\";s:11:\"pa_material\";s:5:\"value\";s:0:\"\";s:8:\"position\";i:1;s:10:\"is_visible\";i:1;s:12:\"is_variation\";i:0;s:11:\"is_taxonomy\";i:1;}s:11:\"pa_delivery\";a:6:{s:4:\"name\";s:11:\"pa_delivery\";s:5:\"value\";s:0:\"\";s:8:\"position\";i:2;s:10:\"is_visible\";i:1;s:12:\"is_variation\";i:0;s:11:\"is_taxonomy\";i:1;}}"],"_regular_price":["38.17"],"_downloadable_files":[""],"_wpml_word_count":["114"],"_yoast_wpseo_title":["Set de 2 verres \u00e0 vin Gran Ultima - Royal Glass"],"_yoast_wpseo_metadesc":["Gran Ultima de Royal Glass : le plus grand verre \u00e0 vin de notre gamme, id\u00e9al pour les vins rouges et blancs en quantit\u00e9s plus g\u00e9n\u00e9reuses."],"wc_productdata_options":["a:1:{i:0;a:10:{s:14:\"_product_block\";s:4:\"3885\";s:12:\"_top_content\";s:0:\"\";s:15:\"_bottom_content\";s:0:\"\";s:11:\"_bubble_new\";s:0:\"\";s:12:\"_bubble_text\";s:0:\"\";s:17:\"_custom_tab_title\";s:0:\"\";s:11:\"_custom_tab\";s:0:\"\";s:14:\"_product_video\";s:0:\"\";s:19:\"_product_video_size\";s:0:\"\";s:24:\"_product_video_placement\";s:0:\"\";}}"],"_price_CHF":["38.17"],"_price":["38.17"],"_max_variation_price":[""],"_max_variation_regular_price":[""],"_max_variation_sale_price":[""],"_min_variation_price":[""],"_min_variation_regular_price":[""],"_min_variation_sale_price":[""],"_sale_price":[""],"_wc_rating_count":[""]},"yoast_head":"<!-- This site is optimized with the Yoast SEO plugin v27.4 - https:\/\/yoast.com\/product\/yoast-seo-wordpress\/ -->\n<title>Set de 2 verres \u00e0 vin Gran Ultima - Royal Glass<\/title>\n<meta name=\"description\" content=\"Gran Ultima de Royal Glass : le plus grand verre \u00e0 vin de notre gamme, id\u00e9al pour les vins rouges et blancs en quantit\u00e9s plus g\u00e9n\u00e9reuses.\" \/>\n<meta name=\"robots\" content=\"index, follow, max-snippet:-1, max-image-preview:large, max-video-preview:-1\" \/>\n<link rel=\"canonical\" href=\"https:\/\/royal-glass.com\/fr\/produit\/gran-ultima-54cl\/\" \/>\n<meta property=\"og:locale\" content=\"fr_FR\" \/>\n<meta property=\"og:type\" content=\"article\" \/>\n<meta property=\"og:title\" content=\"Set de 2 verres \u00e0 vin Gran Ultima - Royal Glass\" \/>\n<meta property=\"og:description\" content=\"Gran Ultima de Royal Glass : le plus grand verre \u00e0 vin de notre gamme, id\u00e9al pour les vins rouges et blancs en quantit\u00e9s plus g\u00e9n\u00e9reuses.\" \/>\n<meta property=\"og:url\" content=\"https:\/\/royal-glass.com\/fr\/produit\/gran-ultima-54cl\/\" \/>\n<meta property=\"og:site_name\" content=\"Royal Glass\" \/>\n<meta property=\"article:publisher\" content=\"https:\/\/www.facebook.com\/royalglassoffical\/\" \/>\n<meta property=\"article:modified_time\" content=\"2026-04-12T10:07:21+00:00\" \/>\n<meta property=\"og:image\" content=\"https:\/\/royal-glass.com\/wp-content\/uploads\/2023\/02\/Collection-3-RG-GrandUltima-HD.jpg\" \/>\n\t<meta property=\"og:image:width\" content=\"1024\" \/>\n\t<meta property=\"og:image:height\" content=\"1535\" \/>\n\t<meta property=\"og:image:type\" content=\"image\/jpeg\" \/>\n<meta name=\"twitter:card\" content=\"summary_large_image\" \/>\n<meta name=\"twitter:label1\" content=\"Dur\u00e9e de lecture estim\u00e9e\" \/>\n\t<meta name=\"twitter:data1\" content=\"1 minute\" \/>\n<script type=\"application\/ld+json\" class=\"yoast-schema-graph\">{\"@context\":\"https:\\\/\\\/schema.org\",\"@graph\":[{\"@type\":\"WebPage\",\"@id\":\"https:\\\/\\\/royal-glass.com\\\/fr\\\/produit\\\/gran-ultima-54cl\\\/\",\"url\":\"https:\\\/\\\/royal-glass.com\\\/fr\\\/produit\\\/gran-ultima-54cl\\\/\",\"name\":\"Set de 2 verres \u00e0 vin Gran Ultima - Royal Glass\",\"isPartOf\":{\"@id\":\"https:\\\/\\\/royal-glass.com\\\/fr\\\/#website\"},\"primaryImageOfPage\":{\"@id\":\"https:\\\/\\\/royal-glass.com\\\/fr\\\/produit\\\/gran-ultima-54cl\\\/#primaryimage\"},\"image\":{\"@id\":\"https:\\\/\\\/royal-glass.com\\\/fr\\\/produit\\\/gran-ultima-54cl\\\/#primaryimage\"},\"thumbnailUrl\":\"https:\\\/\\\/royal-glass.com\\\/wp-content\\\/uploads\\\/2023\\\/02\\\/Collection-3-RG-GrandUltima-HD.jpg\",\"datePublished\":\"2024-08-03T13:04:03+00:00\",\"dateModified\":\"2026-04-12T10:07:21+00:00\",\"description\":\"Gran Ultima de Royal Glass : le plus grand verre \u00e0 vin de notre gamme, id\u00e9al pour les vins rouges et blancs en quantit\u00e9s plus g\u00e9n\u00e9reuses.\",\"breadcrumb\":{\"@id\":\"https:\\\/\\\/royal-glass.com\\\/fr\\\/produit\\\/gran-ultima-54cl\\\/#breadcrumb\"},\"inLanguage\":\"fr-FR\",\"potentialAction\":[{\"@type\":\"ReadAction\",\"target\":[\"https:\\\/\\\/royal-glass.com\\\/fr\\\/produit\\\/gran-ultima-54cl\\\/\"]}]},{\"@type\":\"ImageObject\",\"inLanguage\":\"fr-FR\",\"@id\":\"https:\\\/\\\/royal-glass.com\\\/fr\\\/produit\\\/gran-ultima-54cl\\\/#primaryimage\",\"url\":\"https:\\\/\\\/royal-glass.com\\\/wp-content\\\/uploads\\\/2023\\\/02\\\/Collection-3-RG-GrandUltima-HD.jpg\",\"contentUrl\":\"https:\\\/\\\/royal-glass.com\\\/wp-content\\\/uploads\\\/2023\\\/02\\\/Collection-3-RG-GrandUltima-HD.jpg\",\"width\":1024,\"height\":1535},{\"@type\":\"BreadcrumbList\",\"@id\":\"https:\\\/\\\/royal-glass.com\\\/fr\\\/produit\\\/gran-ultima-54cl\\\/#breadcrumb\",\"itemListElement\":[{\"@type\":\"ListItem\",\"position\":1,\"name\":\"Home\",\"item\":\"https:\\\/\\\/royal-glass.com\\\/fr\\\/\"},{\"@type\":\"ListItem\",\"position\":2,\"name\":\"Boutique\",\"item\":\"https:\\\/\\\/royal-glass.com\\\/fr\\\/boutique\\\/\"},{\"@type\":\"ListItem\",\"position\":3,\"name\":\"Gran Ultima &#8211; 54cl &#8211; Set de 2\"}]},{\"@type\":\"WebSite\",\"@id\":\"https:\\\/\\\/royal-glass.com\\\/fr\\\/#website\",\"url\":\"https:\\\/\\\/royal-glass.com\\\/fr\\\/\",\"name\":\"Royal Glass\",\"description\":\"The perfect wine glass\",\"publisher\":{\"@id\":\"https:\\\/\\\/royal-glass.com\\\/fr\\\/#organization\"},\"potentialAction\":[{\"@type\":\"SearchAction\",\"target\":{\"@type\":\"EntryPoint\",\"urlTemplate\":\"https:\\\/\\\/royal-glass.com\\\/fr\\\/?s={search_term_string}\"},\"query-input\":{\"@type\":\"PropertyValueSpecification\",\"valueRequired\":true,\"valueName\":\"search_term_string\"}}],\"inLanguage\":\"fr-FR\"},{\"@type\":\"Organization\",\"@id\":\"https:\\\/\\\/royal-glass.com\\\/fr\\\/#organization\",\"name\":\"Royal Glass\",\"url\":\"https:\\\/\\\/royal-glass.com\\\/fr\\\/\",\"logo\":{\"@type\":\"ImageObject\",\"inLanguage\":\"fr-FR\",\"@id\":\"https:\\\/\\\/royal-glass.com\\\/fr\\\/#\\\/schema\\\/logo\\\/image\\\/\",\"url\":\"https:\\\/\\\/royal-glass.com\\\/wp-content\\\/uploads\\\/2023\\\/02\\\/logo-royal-glass.png\",\"contentUrl\":\"https:\\\/\\\/royal-glass.com\\\/wp-content\\\/uploads\\\/2023\\\/02\\\/logo-royal-glass.png\",\"width\":2097,\"height\":382,\"caption\":\"Royal Glass\"},\"image\":{\"@id\":\"https:\\\/\\\/royal-glass.com\\\/fr\\\/#\\\/schema\\\/logo\\\/image\\\/\"},\"sameAs\":[\"https:\\\/\\\/www.facebook.com\\\/royalglassoffical\\\/\",\"https:\\\/\\\/instagram.com\\\/royal_glass_official\\\/\"]}]}<\/script>\n<!-- \/ Yoast SEO plugin. -->","yoast_head_json":{"title":"Set de 2 verres \u00e0 vin Gran Ultima - Royal Glass","description":"Gran Ultima de Royal Glass : le plus grand verre \u00e0 vin de notre gamme, id\u00e9al pour les vins rouges et blancs en quantit\u00e9s plus g\u00e9n\u00e9reuses.","robots":{"index":"index","follow":"follow","max-snippet":"max-snippet:-1","max-image-preview":"max-image-preview:large","max-video-preview":"max-video-preview:-1"},"canonical":"https:\/\/royal-glass.com\/fr\/produit\/gran-ultima-54cl\/","og_locale":"fr_FR","og_type":"article","og_title":"Set de 2 verres \u00e0 vin Gran Ultima - Royal Glass","og_description":"Gran Ultima de Royal Glass : le plus grand verre \u00e0 vin de notre gamme, id\u00e9al pour les vins rouges et blancs en quantit\u00e9s plus g\u00e9n\u00e9reuses.","og_url":"https:\/\/royal-glass.com\/fr\/produit\/gran-ultima-54cl\/","og_site_name":"Royal Glass","article_publisher":"https:\/\/www.facebook.com\/royalglassoffical\/","article_modified_time":"2026-04-12T10:07:21+00:00","og_image":[{"width":1024,"height":1535,"url":"https:\/\/royal-glass.com\/wp-content\/uploads\/2023\/02\/Collection-3-RG-GrandUltima-HD.jpg","type":"image\/jpeg"}],"twitter_card":"summary_large_image","twitter_misc":{"Dur\u00e9e de lecture estim\u00e9e":"1 minute"},"schema":{"@context":"https:\/\/schema.org","@graph":[{"@type":"WebPage","@id":"https:\/\/royal-glass.com\/fr\/produit\/gran-ultima-54cl\/","url":"https:\/\/royal-glass.com\/fr\/produit\/gran-ultima-54cl\/","name":"Set de 2 verres \u00e0 vin Gran Ultima - Royal Glass","isPartOf":{"@id":"https:\/\/royal-glass.com\/fr\/#website"},"primaryImageOfPage":{"@id":"https:\/\/royal-glass.com\/fr\/produit\/gran-ultima-54cl\/#primaryimage"},"image":{"@id":"https:\/\/royal-glass.com\/fr\/produit\/gran-ultima-54cl\/#primaryimage"},"thumbnailUrl":"https:\/\/royal-glass.com\/wp-content\/uploads\/2023\/02\/Collection-3-RG-GrandUltima-HD.jpg","datePublished":"2024-08-03T13:04:03+00:00","dateModified":"2026-04-12T10:07:21+00:00","description":"Gran Ultima de Royal Glass : le plus grand verre \u00e0 vin de notre gamme, id\u00e9al pour les vins rouges et blancs en quantit\u00e9s plus g\u00e9n\u00e9reuses.","breadcrumb":{"@id":"https:\/\/royal-glass.com\/fr\/produit\/gran-ultima-54cl\/#breadcrumb"},"inLanguage":"fr-FR","potentialAction":[{"@type":"ReadAction","target":["https:\/\/royal-glass.com\/fr\/produit\/gran-ultima-54cl\/"]}]},{"@type":"ImageObject","inLanguage":"fr-FR","@id":"https:\/\/royal-glass.com\/fr\/produit\/gran-ultima-54cl\/#primaryimage","url":"https:\/\/royal-glass.com\/wp-content\/uploads\/2023\/02\/Collection-3-RG-GrandUltima-HD.jpg","contentUrl":"https:\/\/royal-glass.com\/wp-content\/uploads\/2023\/02\/Collection-3-RG-GrandUltima-HD.jpg","width":1024,"height":1535},{"@type":"BreadcrumbList","@id":"https:\/\/royal-glass.com\/fr\/produit\/gran-ultima-54cl\/#breadcrumb","itemListElement":[{"@type":"ListItem","position":1,"name":"Home","item":"https:\/\/royal-glass.com\/fr\/"},{"@type":"ListItem","position":2,"name":"Boutique","item":"https:\/\/royal-glass.com\/fr\/boutique\/"},{"@type":"ListItem","position":3,"name":"Gran Ultima &#8211; 54cl &#8211; Set de 2"}]},{"@type":"WebSite","@id":"https:\/\/royal-glass.com\/fr\/#website","url":"https:\/\/royal-glass.com\/fr\/","name":"Royal Glass","description":"The perfect wine glass","publisher":{"@id":"https:\/\/royal-glass.com\/fr\/#organization"},"potentialAction":[{"@type":"SearchAction","target":{"@type":"EntryPoint","urlTemplate":"https:\/\/royal-glass.com\/fr\/?s={search_term_string}"},"query-input":{"@type":"PropertyValueSpecification","valueRequired":true,"valueName":"search_term_string"}}],"inLanguage":"fr-FR"},{"@type":"Organization","@id":"https:\/\/royal-glass.com\/fr\/#organization","name":"Royal Glass","url":"https:\/\/royal-glass.com\/fr\/","logo":{"@type":"ImageObject","inLanguage":"fr-FR","@id":"https:\/\/royal-glass.com\/fr\/#\/schema\/logo\/image\/","url":"https:\/\/royal-glass.com\/wp-content\/uploads\/2023\/02\/logo-royal-glass.png","contentUrl":"https:\/\/royal-glass.com\/wp-content\/uploads\/2023\/02\/logo-royal-glass.png","width":2097,"height":382,"caption":"Royal Glass"},"image":{"@id":"https:\/\/royal-glass.com\/fr\/#\/schema\/logo\/image\/"},"sameAs":["https:\/\/www.facebook.com\/royalglassoffical\/","https:\/\/instagram.com\/royal_glass_official\/"]}]}},"_links":{"self":[{"href":"https:\/\/royal-glass.com\/fr\/wp-json\/wp\/v2\/product\/3547","targetHints":{"allow":["GET"]}}],"collection":[{"href":"https:\/\/royal-glass.com\/fr\/wp-json\/wp\/v2\/product"}],"about":[{"href":"https:\/\/royal-glass.com\/fr\/wp-json\/wp\/v2\/types\/product"}],"wp:featuredmedia":[{"embeddable":true,"href":"https:\/\/royal-glass.com\/fr\/wp-json\/wp\/v2\/media\/3788"}],"wp:attachment":[{"href":"https:\/\/royal-glass.com\/fr\/wp-json\/wp\/v2\/media?parent=3547"}],"wp:term":[{"taxonomy":"product_brand","embeddable":true,"href":"https:\/\/royal-glass.com\/fr\/wp-json\/wp\/v2\/product_brand?post=3547"},{"taxonomy":"product_cat","embeddable":true,"href":"https:\/\/royal-glass.com\/fr\/wp-json\/wp\/v2\/product_cat?post=3547"},{"taxonomy":"product_tag","embeddable":true,"href":"https:\/\/royal-glass.com\/fr\/wp-json\/wp\/v2\/product_tag?post=3547"}],"curies":[{"name":"wp","href":"https:\/\/api.w.org\/{rel}","templated":true}]}}