{"id":3545,"date":"2024-08-01T14:13:34","date_gmt":"2024-08-01T12:13:34","guid":{"rendered":"https:\/\/royal-glass.com\/product\/polymaster-34cl\/"},"modified":"2026-04-21T18:53:45","modified_gmt":"2026-04-21T16:53:45","slug":"polymaster-34cl","status":"publish","type":"product","link":"https:\/\/royal-glass.com\/fr\/produit\/polymaster-34cl\/","title":{"rendered":"Polymaster &#8211; 34cl &#8211; Set de 2 ou 6"},"content":{"rendered":"","protected":false},"excerpt":{"rendered":"<p><strong><em><strong><img loading=\"lazy\" decoding=\"async\" class=\"alignnone size-full wp-image-3573\" src=\"https:\/\/royal-glass.com\/wp-content\/uploads\/2023\/02\/glasses-x2.png\" alt=\"\" width=\"50\" height=\"40\"> ou <img loading=\"lazy\" decoding=\"async\" class=\"alignnone size-full wp-image-3571\" src=\"https:\/\/royal-glass.com\/wp-content\/uploads\/2023\/02\/glasses-x6.png\" alt=\"\" width=\"128\" height=\"40\"><br \/>\nPrix pour un set de 2 ou 6 verres<\/strong><\/em><\/strong><\/p>\n<h3>Le verre du quotidien<\/h3>\n<p>Le verre \u00ab Polymaster \u00bb est notre cr\u00e9ation originale, fondement de notre mod\u00e8le unique d\u00e9velopp\u00e9 pendant 15 ann\u00e9es. Devenu aujourd\u2019hui notre best-seller, ce verre a \u00e9t\u00e9 sp\u00e9cialement con\u00e7u pour un usage quotidien, le rendant extr\u00eamement pratique pour toute collection. <\/p>\n<p>Fabriqu\u00e9 \u00e0 partir de cristal de baryum sans plomb en Allemagne, le verre Polymaster se distingue par sa durabilit\u00e9 et son caract\u00e8re 100 % recyclable. Il est \u00e9galement lavable au lave-vaisselle, offrant une robustesse impressionnante adapt\u00e9e \u00e0 une utilisation quotidienne. <\/p>\n","protected":false},"featured_media":3784,"template":"","meta":{"_acf_changed":false},"product_brand":[73],"product_cat":[79],"product_tag":[43,42],"class_list":{"0":"post-3545","1":"product","2":"type-product","3":"status-publish","4":"has-post-thumbnail","6":"product_brand-professional","7":"product_cat-verres-mecaniques","8":"product_tag-accueil","9":"product_tag-bestsellers-fr","11":"first","12":"instock","13":"taxable","14":"shipping-taxable","15":"purchasable","16":"product-type-variable","17":"has-default-attributes"},"acf":[],"cp_meta_data":{"_backorders":["no"],"_download_limit":["-1"],"_download_expiry":["-1"],"_downloadable":["no"],"_stock_status":["instock"],"_sold_individually":["no"],"_tax_class":[""],"_tax_status":["taxable"],"_virtual":["no"],"_width":["7.0"],"_height":["20.7"],"_length":["7.0"],"_top_nav_excluded":[""],"_cms_nav_minihome":[""],"wcml_sync_hash":["a:1:{s:15:\"postmeta_fields\";s:32:\"56cef5320eaeca53cb0de62741948e5b\";}"],"_wcml_average_rating":[null],"_wcml_review_count":[null],"_wcml_rating_count":[null],"attr_label_translations":["a:1:{s:2:\"fr\";a:1:{s:6:\"set-of\";s:6:\"Set de\";}}"],"_thumbnail_id":["3784"],"_crosssell_ids":["a:0:{}"],"_edit_lock":["1764321394:2"],"_edit_last":["2"],"min_quantity":[""],"max_quantity":[""],"product_step":[""],"_stock":[null],"_wc_average_rating":[0],"_wc_review_count":["0"],"_product_version":["10.7.0"],"_last_translation_edit_mode":["translation-editor"],"_wpml_media_duplicate":["0"],"_wpml_location_migration_done":["1"],"_yoast_wpseo_primary_product_cat":[""],"_weight":["0.38"],"wcmmq_var_quantity_limit":[""],"wcmmq_var_quantity_min_total":[""],"wcmmq_var_count_limit":[""],"_wpml_media_featured":["1"],"_yoast_wpseo_estimated-reading-time-minutes":["1"],"_yoast_wpseo_wordproof_timestamp":[""],"_manage_stock":["no"],"_product_image_gallery":["3867"],"_product_attributes":["a:4:{s:10:\"pa_made-in\";a:6:{s:4:\"name\";s:10:\"pa_made-in\";s:5:\"value\";s:0:\"\";s:8:\"position\";i:0;s:10:\"is_visible\";i:1;s:12:\"is_variation\";i:0;s:11:\"is_taxonomy\";i:1;}s:11:\"pa_material\";a:6:{s:4:\"name\";s:11:\"pa_material\";s:5:\"value\";s:0:\"\";s:8:\"position\";i:1;s:10:\"is_visible\";i:1;s:12:\"is_variation\";i:0;s:11:\"is_taxonomy\";i:1;}s:11:\"pa_delivery\";a:6:{s:4:\"name\";s:11:\"pa_delivery\";s:5:\"value\";s:0:\"\";s:8:\"position\";i:2;s:10:\"is_visible\";i:1;s:12:\"is_variation\";i:0;s:11:\"is_taxonomy\";i:1;}s:11:\"pa_order-by\";a:6:{s:4:\"name\";s:11:\"pa_order-by\";s:5:\"value\";s:0:\"\";s:8:\"position\";i:3;s:10:\"is_visible\";i:0;s:12:\"is_variation\";i:1;s:11:\"is_taxonomy\";i:1;}}"],"_default_attributes":["a:1:{s:11:\"pa_order-by\";s:4:\"2-fr\";}"],"_downloadable_files":[""],"total_sales":["356"],"_yoast_wpseo_title":["Verre \u00e0 vin Polymaster - Set de 2 ou 6 verres - Royal Glass"],"_yoast_wpseo_metadesc":["Le verre \u00e0 vin Polymaster est notre verre \u00e0 vin original et universel, con\u00e7u pour tous les types de vins - rouges et blancs. La d\u00e9gustation ultime."],"wc_productdata_options":["a:1:{i:0;a:10:{s:14:\"_product_block\";s:4:\"3873\";s:12:\"_top_content\";s:0:\"\";s:15:\"_bottom_content\";s:0:\"\";s:11:\"_bubble_new\";s:0:\"\";s:12:\"_bubble_text\";s:0:\"\";s:17:\"_custom_tab_title\";s:0:\"\";s:11:\"_custom_tab\";s:0:\"\";s:14:\"_product_video\";s:0:\"\";s:19:\"_product_video_size\";s:0:\"\";s:24:\"_product_video_placement\";s:0:\"\";}}"],"_wpml_word_count":["108"],"_price":["23.17","69.5"],"_max_variation_price":[""],"_max_variation_regular_price":[""],"_max_variation_sale_price":[""],"_min_variation_price":[""],"_min_variation_regular_price":[""],"_min_variation_sale_price":[""],"_regular_price":[""],"_sale_price":[""],"_wc_rating_count":[""]},"yoast_head":"<!-- This site is optimized with the Yoast SEO plugin v27.5 - https:\/\/yoast.com\/product\/yoast-seo-wordpress\/ -->\n<title>Verre \u00e0 vin Polymaster - Set de 2 ou 6 verres - Royal Glass<\/title>\n<meta name=\"description\" content=\"Le verre \u00e0 vin Polymaster est notre verre \u00e0 vin original et universel, con\u00e7u pour tous les types de vins - rouges et blancs. La d\u00e9gustation ultime.\" \/>\n<meta name=\"robots\" content=\"index, follow, max-snippet:-1, max-image-preview:large, max-video-preview:-1\" \/>\n<link rel=\"canonical\" href=\"https:\/\/royal-glass.com\/fr\/produit\/polymaster-34cl\/\" \/>\n<meta property=\"og:locale\" content=\"fr_FR\" \/>\n<meta property=\"og:type\" content=\"article\" \/>\n<meta property=\"og:title\" content=\"Verre \u00e0 vin Polymaster - Set de 2 ou 6 verres - Royal Glass\" \/>\n<meta property=\"og:description\" content=\"Le verre \u00e0 vin Polymaster est notre verre \u00e0 vin original et universel, con\u00e7u pour tous les types de vins - rouges et blancs. La d\u00e9gustation ultime.\" \/>\n<meta property=\"og:url\" content=\"https:\/\/royal-glass.com\/fr\/produit\/polymaster-34cl\/\" \/>\n<meta property=\"og:site_name\" content=\"Royal Glass\" \/>\n<meta property=\"article:publisher\" content=\"https:\/\/www.facebook.com\/royalglassoffical\/\" \/>\n<meta property=\"article:modified_time\" content=\"2026-04-21T16:53:45+00:00\" \/>\n<meta property=\"og:image\" content=\"https:\/\/royal-glass.com\/wp-content\/uploads\/2023\/02\/Collection-1-RG-Polymaster-1-HD.jpg\" \/>\n\t<meta property=\"og:image:width\" content=\"1024\" \/>\n\t<meta property=\"og:image:height\" content=\"1535\" \/>\n\t<meta property=\"og:image:type\" content=\"image\/jpeg\" \/>\n<meta name=\"twitter:card\" content=\"summary_large_image\" \/>\n<meta name=\"twitter:label1\" content=\"Dur\u00e9e de lecture estim\u00e9e\" \/>\n\t<meta name=\"twitter:data1\" content=\"1 minute\" \/>\n<script type=\"application\/ld+json\" class=\"yoast-schema-graph\">{\"@context\":\"https:\\\/\\\/schema.org\",\"@graph\":[{\"@type\":\"WebPage\",\"@id\":\"https:\\\/\\\/royal-glass.com\\\/fr\\\/produit\\\/polymaster-34cl\\\/\",\"url\":\"https:\\\/\\\/royal-glass.com\\\/fr\\\/produit\\\/polymaster-34cl\\\/\",\"name\":\"Verre \u00e0 vin Polymaster - Set de 2 ou 6 verres - Royal Glass\",\"isPartOf\":{\"@id\":\"https:\\\/\\\/royal-glass.com\\\/fr\\\/#website\"},\"primaryImageOfPage\":{\"@id\":\"https:\\\/\\\/royal-glass.com\\\/fr\\\/produit\\\/polymaster-34cl\\\/#primaryimage\"},\"image\":{\"@id\":\"https:\\\/\\\/royal-glass.com\\\/fr\\\/produit\\\/polymaster-34cl\\\/#primaryimage\"},\"thumbnailUrl\":\"https:\\\/\\\/royal-glass.com\\\/wp-content\\\/uploads\\\/2023\\\/02\\\/Collection-1-RG-Polymaster-1-HD.jpg\",\"datePublished\":\"2024-08-01T12:13:34+00:00\",\"dateModified\":\"2026-04-21T16:53:45+00:00\",\"description\":\"Le verre \u00e0 vin Polymaster est notre verre \u00e0 vin original et universel, con\u00e7u pour tous les types de vins - rouges et blancs. La d\u00e9gustation ultime.\",\"breadcrumb\":{\"@id\":\"https:\\\/\\\/royal-glass.com\\\/fr\\\/produit\\\/polymaster-34cl\\\/#breadcrumb\"},\"inLanguage\":\"fr-FR\",\"potentialAction\":[{\"@type\":\"ReadAction\",\"target\":[\"https:\\\/\\\/royal-glass.com\\\/fr\\\/produit\\\/polymaster-34cl\\\/\"]}]},{\"@type\":\"ImageObject\",\"inLanguage\":\"fr-FR\",\"@id\":\"https:\\\/\\\/royal-glass.com\\\/fr\\\/produit\\\/polymaster-34cl\\\/#primaryimage\",\"url\":\"https:\\\/\\\/royal-glass.com\\\/wp-content\\\/uploads\\\/2023\\\/02\\\/Collection-1-RG-Polymaster-1-HD.jpg\",\"contentUrl\":\"https:\\\/\\\/royal-glass.com\\\/wp-content\\\/uploads\\\/2023\\\/02\\\/Collection-1-RG-Polymaster-1-HD.jpg\",\"width\":1024,\"height\":1535},{\"@type\":\"BreadcrumbList\",\"@id\":\"https:\\\/\\\/royal-glass.com\\\/fr\\\/produit\\\/polymaster-34cl\\\/#breadcrumb\",\"itemListElement\":[{\"@type\":\"ListItem\",\"position\":1,\"name\":\"Home\",\"item\":\"https:\\\/\\\/royal-glass.com\\\/fr\\\/\"},{\"@type\":\"ListItem\",\"position\":2,\"name\":\"Boutique\",\"item\":\"https:\\\/\\\/royal-glass.com\\\/fr\\\/boutique\\\/\"},{\"@type\":\"ListItem\",\"position\":3,\"name\":\"Polymaster &#8211; 34cl &#8211; Set de 2 ou 6\"}]},{\"@type\":\"WebSite\",\"@id\":\"https:\\\/\\\/royal-glass.com\\\/fr\\\/#website\",\"url\":\"https:\\\/\\\/royal-glass.com\\\/fr\\\/\",\"name\":\"Royal Glass\",\"description\":\"The perfect wine glass\",\"publisher\":{\"@id\":\"https:\\\/\\\/royal-glass.com\\\/fr\\\/#organization\"},\"potentialAction\":[{\"@type\":\"SearchAction\",\"target\":{\"@type\":\"EntryPoint\",\"urlTemplate\":\"https:\\\/\\\/royal-glass.com\\\/fr\\\/?s={search_term_string}\"},\"query-input\":{\"@type\":\"PropertyValueSpecification\",\"valueRequired\":true,\"valueName\":\"search_term_string\"}}],\"inLanguage\":\"fr-FR\"},{\"@type\":\"Organization\",\"@id\":\"https:\\\/\\\/royal-glass.com\\\/fr\\\/#organization\",\"name\":\"Royal Glass\",\"url\":\"https:\\\/\\\/royal-glass.com\\\/fr\\\/\",\"logo\":{\"@type\":\"ImageObject\",\"inLanguage\":\"fr-FR\",\"@id\":\"https:\\\/\\\/royal-glass.com\\\/fr\\\/#\\\/schema\\\/logo\\\/image\\\/\",\"url\":\"https:\\\/\\\/royal-glass.com\\\/wp-content\\\/uploads\\\/2023\\\/02\\\/logo-royal-glass.png\",\"contentUrl\":\"https:\\\/\\\/royal-glass.com\\\/wp-content\\\/uploads\\\/2023\\\/02\\\/logo-royal-glass.png\",\"width\":2097,\"height\":382,\"caption\":\"Royal Glass\"},\"image\":{\"@id\":\"https:\\\/\\\/royal-glass.com\\\/fr\\\/#\\\/schema\\\/logo\\\/image\\\/\"},\"sameAs\":[\"https:\\\/\\\/www.facebook.com\\\/royalglassoffical\\\/\",\"https:\\\/\\\/instagram.com\\\/royal_glass_official\\\/\"]}]}<\/script>\n<!-- \/ Yoast SEO plugin. -->","yoast_head_json":{"title":"Verre \u00e0 vin Polymaster - Set de 2 ou 6 verres - Royal Glass","description":"Le verre \u00e0 vin Polymaster est notre verre \u00e0 vin original et universel, con\u00e7u pour tous les types de vins - rouges et blancs. La d\u00e9gustation ultime.","robots":{"index":"index","follow":"follow","max-snippet":"max-snippet:-1","max-image-preview":"max-image-preview:large","max-video-preview":"max-video-preview:-1"},"canonical":"https:\/\/royal-glass.com\/fr\/produit\/polymaster-34cl\/","og_locale":"fr_FR","og_type":"article","og_title":"Verre \u00e0 vin Polymaster - Set de 2 ou 6 verres - Royal Glass","og_description":"Le verre \u00e0 vin Polymaster est notre verre \u00e0 vin original et universel, con\u00e7u pour tous les types de vins - rouges et blancs. La d\u00e9gustation ultime.","og_url":"https:\/\/royal-glass.com\/fr\/produit\/polymaster-34cl\/","og_site_name":"Royal Glass","article_publisher":"https:\/\/www.facebook.com\/royalglassoffical\/","article_modified_time":"2026-04-21T16:53:45+00:00","og_image":[{"width":1024,"height":1535,"url":"https:\/\/royal-glass.com\/wp-content\/uploads\/2023\/02\/Collection-1-RG-Polymaster-1-HD.jpg","type":"image\/jpeg"}],"twitter_card":"summary_large_image","twitter_misc":{"Dur\u00e9e de lecture estim\u00e9e":"1 minute"},"schema":{"@context":"https:\/\/schema.org","@graph":[{"@type":"WebPage","@id":"https:\/\/royal-glass.com\/fr\/produit\/polymaster-34cl\/","url":"https:\/\/royal-glass.com\/fr\/produit\/polymaster-34cl\/","name":"Verre \u00e0 vin Polymaster - Set de 2 ou 6 verres - Royal Glass","isPartOf":{"@id":"https:\/\/royal-glass.com\/fr\/#website"},"primaryImageOfPage":{"@id":"https:\/\/royal-glass.com\/fr\/produit\/polymaster-34cl\/#primaryimage"},"image":{"@id":"https:\/\/royal-glass.com\/fr\/produit\/polymaster-34cl\/#primaryimage"},"thumbnailUrl":"https:\/\/royal-glass.com\/wp-content\/uploads\/2023\/02\/Collection-1-RG-Polymaster-1-HD.jpg","datePublished":"2024-08-01T12:13:34+00:00","dateModified":"2026-04-21T16:53:45+00:00","description":"Le verre \u00e0 vin Polymaster est notre verre \u00e0 vin original et universel, con\u00e7u pour tous les types de vins - rouges et blancs. La d\u00e9gustation ultime.","breadcrumb":{"@id":"https:\/\/royal-glass.com\/fr\/produit\/polymaster-34cl\/#breadcrumb"},"inLanguage":"fr-FR","potentialAction":[{"@type":"ReadAction","target":["https:\/\/royal-glass.com\/fr\/produit\/polymaster-34cl\/"]}]},{"@type":"ImageObject","inLanguage":"fr-FR","@id":"https:\/\/royal-glass.com\/fr\/produit\/polymaster-34cl\/#primaryimage","url":"https:\/\/royal-glass.com\/wp-content\/uploads\/2023\/02\/Collection-1-RG-Polymaster-1-HD.jpg","contentUrl":"https:\/\/royal-glass.com\/wp-content\/uploads\/2023\/02\/Collection-1-RG-Polymaster-1-HD.jpg","width":1024,"height":1535},{"@type":"BreadcrumbList","@id":"https:\/\/royal-glass.com\/fr\/produit\/polymaster-34cl\/#breadcrumb","itemListElement":[{"@type":"ListItem","position":1,"name":"Home","item":"https:\/\/royal-glass.com\/fr\/"},{"@type":"ListItem","position":2,"name":"Boutique","item":"https:\/\/royal-glass.com\/fr\/boutique\/"},{"@type":"ListItem","position":3,"name":"Polymaster &#8211; 34cl &#8211; Set de 2 ou 6"}]},{"@type":"WebSite","@id":"https:\/\/royal-glass.com\/fr\/#website","url":"https:\/\/royal-glass.com\/fr\/","name":"Royal Glass","description":"The perfect wine glass","publisher":{"@id":"https:\/\/royal-glass.com\/fr\/#organization"},"potentialAction":[{"@type":"SearchAction","target":{"@type":"EntryPoint","urlTemplate":"https:\/\/royal-glass.com\/fr\/?s={search_term_string}"},"query-input":{"@type":"PropertyValueSpecification","valueRequired":true,"valueName":"search_term_string"}}],"inLanguage":"fr-FR"},{"@type":"Organization","@id":"https:\/\/royal-glass.com\/fr\/#organization","name":"Royal Glass","url":"https:\/\/royal-glass.com\/fr\/","logo":{"@type":"ImageObject","inLanguage":"fr-FR","@id":"https:\/\/royal-glass.com\/fr\/#\/schema\/logo\/image\/","url":"https:\/\/royal-glass.com\/wp-content\/uploads\/2023\/02\/logo-royal-glass.png","contentUrl":"https:\/\/royal-glass.com\/wp-content\/uploads\/2023\/02\/logo-royal-glass.png","width":2097,"height":382,"caption":"Royal Glass"},"image":{"@id":"https:\/\/royal-glass.com\/fr\/#\/schema\/logo\/image\/"},"sameAs":["https:\/\/www.facebook.com\/royalglassoffical\/","https:\/\/instagram.com\/royal_glass_official\/"]}]}},"_links":{"self":[{"href":"https:\/\/royal-glass.com\/fr\/wp-json\/wp\/v2\/product\/3545","targetHints":{"allow":["GET"]}}],"collection":[{"href":"https:\/\/royal-glass.com\/fr\/wp-json\/wp\/v2\/product"}],"about":[{"href":"https:\/\/royal-glass.com\/fr\/wp-json\/wp\/v2\/types\/product"}],"wp:featuredmedia":[{"embeddable":true,"href":"https:\/\/royal-glass.com\/fr\/wp-json\/wp\/v2\/media\/3784"}],"wp:attachment":[{"href":"https:\/\/royal-glass.com\/fr\/wp-json\/wp\/v2\/media?parent=3545"}],"wp:term":[{"taxonomy":"product_brand","embeddable":true,"href":"https:\/\/royal-glass.com\/fr\/wp-json\/wp\/v2\/product_brand?post=3545"},{"taxonomy":"product_cat","embeddable":true,"href":"https:\/\/royal-glass.com\/fr\/wp-json\/wp\/v2\/product_cat?post=3545"},{"taxonomy":"product_tag","embeddable":true,"href":"https:\/\/royal-glass.com\/fr\/wp-json\/wp\/v2\/product_tag?post=3545"}],"curies":[{"name":"wp","href":"https:\/\/api.w.org\/{rel}","templated":true}]}}