{"id":5133,"date":"2025-02-08T16:44:23","date_gmt":"2025-02-08T15:44:23","guid":{"rendered":"https:\/\/royal-glass.com\/glossary\/retained-bubbles\/"},"modified":"2025-02-08T16:44:23","modified_gmt":"2025-02-08T15:44:23","slug":"retained-bubbles","status":"publish","type":"page","link":"https:\/\/royal-glass.com\/fr\/glossaire\/retained-bubbles\/","title":{"rendered":"Bulles retenues"},"content":{"rendered":"<p>La qualit\u00e9 des verres \u00e0 mousse d\u00e9pend en grande partie de leur capacit\u00e9 \u00e0 retenir les bulles et \u00e0 prolonger l&#8217;exp\u00e9rience de la d\u00e9gustation. La r\u00e9tention des bulles est un \u00e9l\u00e9ment cl\u00e9 qui joue un r\u00f4le important dans l&#8217;impression laiss\u00e9e par un vin p\u00e9tillant, qu&#8217;il s&#8217;agisse d&#8217;un champagne ou d&#8217;un prosecco. Chez Royal Glass, nous avons con\u00e7u nos verres pour maximiser cette qualit\u00e9, permettant aux petites bulles de s&#8217;\u00e9panouir et de durer plus longtemps. En choisissant nos verres, tels que le &#8220;Polymaster&#8221; et l'&#8221;Ultima&#8221;, vous vous assurez non seulement une esth\u00e9tique raffin\u00e9e mais aussi une performance exceptionnelle lors de chaque d\u00e9gustation. La forme et la qualit\u00e9 du verre influencent directement la capacit\u00e9 \u00e0 pr\u00e9server les bulles, ce qui rend chaque toast encore plus sp\u00e9cial. En vous plongeant dans cette exp\u00e9rience effervescente avec le bon verre, vous enrichissez le moment.     <\/p>\n","protected":false},"excerpt":{"rendered":"<p>La qualit\u00e9 des verres \u00e0 mousse d\u00e9pend en grande partie de leur capacit\u00e9 \u00e0 retenir les bulles et \u00e0 prolonger l&#8217;exp\u00e9rience de la d\u00e9gustation. La r\u00e9tention des bulles est un \u00e9l\u00e9ment cl\u00e9 qui joue un r\u00f4le important dans l&#8217;impression laiss\u00e9e par un vin p\u00e9tillant, qu&#8217;il s&#8217;agisse d&#8217;un champagne ou d&#8217;un prosecco. Chez Royal Glass, nous [&#8230;]\n","protected":false},"author":2,"featured_media":5440,"parent":5113,"menu_order":0,"comment_status":"closed","ping_status":"open","template":"page-right-sidebar.php","meta":{"_acf_changed":false,"footnotes":""},"class_list":["post-5133","page","type-page","status-publish","has-post-thumbnail","hentry"],"acf":[],"yoast_head":"<!-- This site is optimized with the Yoast SEO plugin v27.5 - https:\/\/yoast.com\/product\/yoast-seo-wordpress\/ -->\n<title>Bulles retenues - Royal Glass<\/title>\n<meta name=\"robots\" content=\"index, follow, max-snippet:-1, max-image-preview:large, max-video-preview:-1\" \/>\n<link rel=\"canonical\" href=\"https:\/\/royal-glass.com\/fr\/glossaire\/retained-bubbles\/\" \/>\n<meta property=\"og:locale\" content=\"fr_FR\" \/>\n<meta property=\"og:type\" content=\"article\" \/>\n<meta property=\"og:title\" content=\"Bulles retenues - Royal Glass\" \/>\n<meta property=\"og:description\" content=\"La qualit\u00e9 des verres \u00e0 mousse d\u00e9pend en grande partie de leur capacit\u00e9 \u00e0 retenir les bulles et \u00e0 prolonger l&#8217;exp\u00e9rience de la d\u00e9gustation. La r\u00e9tention des bulles est un \u00e9l\u00e9ment cl\u00e9 qui joue un r\u00f4le important dans l&#8217;impression laiss\u00e9e par un vin p\u00e9tillant, qu&#8217;il s&#8217;agisse d&#8217;un champagne ou d&#8217;un prosecco. Chez Royal Glass, nous [...]\" \/>\n<meta property=\"og:url\" content=\"https:\/\/royal-glass.com\/fr\/glossaire\/retained-bubbles\/\" \/>\n<meta property=\"og:site_name\" content=\"Royal Glass\" \/>\n<meta property=\"article:publisher\" content=\"https:\/\/www.facebook.com\/royalglassoffical\/\" \/>\n<meta name=\"twitter:card\" content=\"summary_large_image\" \/>\n<meta name=\"twitter:label1\" content=\"Dur\u00e9e de lecture estim\u00e9e\" \/>\n\t<meta name=\"twitter:data1\" content=\"1 minute\" \/>\n<script type=\"application\/ld+json\" class=\"yoast-schema-graph\">{\"@context\":\"https:\\\/\\\/schema.org\",\"@graph\":[{\"@type\":\"WebPage\",\"@id\":\"https:\\\/\\\/royal-glass.com\\\/fr\\\/glossaire\\\/retained-bubbles\\\/\",\"url\":\"https:\\\/\\\/royal-glass.com\\\/fr\\\/glossaire\\\/retained-bubbles\\\/\",\"name\":\"Bulles retenues - Royal Glass\",\"isPartOf\":{\"@id\":\"https:\\\/\\\/royal-glass.com\\\/fr\\\/#website\"},\"primaryImageOfPage\":{\"@id\":\"https:\\\/\\\/royal-glass.com\\\/fr\\\/glossaire\\\/retained-bubbles\\\/#primaryimage\"},\"image\":{\"@id\":\"https:\\\/\\\/royal-glass.com\\\/fr\\\/glossaire\\\/retained-bubbles\\\/#primaryimage\"},\"thumbnailUrl\":\"https:\\\/\\\/royal-glass.com\\\/wp-content\\\/uploads\\\/2025\\\/02\\\/letter-b-15.jpg\",\"datePublished\":\"2025-02-08T15:44:23+00:00\",\"breadcrumb\":{\"@id\":\"https:\\\/\\\/royal-glass.com\\\/fr\\\/glossaire\\\/retained-bubbles\\\/#breadcrumb\"},\"inLanguage\":\"fr-FR\",\"potentialAction\":[{\"@type\":\"ReadAction\",\"target\":[\"https:\\\/\\\/royal-glass.com\\\/fr\\\/glossaire\\\/retained-bubbles\\\/\"]}]},{\"@type\":\"ImageObject\",\"inLanguage\":\"fr-FR\",\"@id\":\"https:\\\/\\\/royal-glass.com\\\/fr\\\/glossaire\\\/retained-bubbles\\\/#primaryimage\",\"url\":\"https:\\\/\\\/royal-glass.com\\\/wp-content\\\/uploads\\\/2025\\\/02\\\/letter-b-15.jpg\",\"contentUrl\":\"https:\\\/\\\/royal-glass.com\\\/wp-content\\\/uploads\\\/2025\\\/02\\\/letter-b-15.jpg\",\"width\":600,\"height\":400},{\"@type\":\"BreadcrumbList\",\"@id\":\"https:\\\/\\\/royal-glass.com\\\/fr\\\/glossaire\\\/retained-bubbles\\\/#breadcrumb\",\"itemListElement\":[{\"@type\":\"ListItem\",\"position\":1,\"name\":\"Home\",\"item\":\"https:\\\/\\\/royal-glass.com\\\/fr\\\/\"},{\"@type\":\"ListItem\",\"position\":2,\"name\":\"Glossaire\",\"item\":\"https:\\\/\\\/royal-glass.com\\\/fr\\\/glossaire\\\/\"},{\"@type\":\"ListItem\",\"position\":3,\"name\":\"Bulles retenues\"}]},{\"@type\":\"WebSite\",\"@id\":\"https:\\\/\\\/royal-glass.com\\\/fr\\\/#website\",\"url\":\"https:\\\/\\\/royal-glass.com\\\/fr\\\/\",\"name\":\"Royal Glass\",\"description\":\"The perfect wine glass\",\"publisher\":{\"@id\":\"https:\\\/\\\/royal-glass.com\\\/fr\\\/#organization\"},\"potentialAction\":[{\"@type\":\"SearchAction\",\"target\":{\"@type\":\"EntryPoint\",\"urlTemplate\":\"https:\\\/\\\/royal-glass.com\\\/fr\\\/?s={search_term_string}\"},\"query-input\":{\"@type\":\"PropertyValueSpecification\",\"valueRequired\":true,\"valueName\":\"search_term_string\"}}],\"inLanguage\":\"fr-FR\"},{\"@type\":\"Organization\",\"@id\":\"https:\\\/\\\/royal-glass.com\\\/fr\\\/#organization\",\"name\":\"Royal Glass\",\"url\":\"https:\\\/\\\/royal-glass.com\\\/fr\\\/\",\"logo\":{\"@type\":\"ImageObject\",\"inLanguage\":\"fr-FR\",\"@id\":\"https:\\\/\\\/royal-glass.com\\\/fr\\\/#\\\/schema\\\/logo\\\/image\\\/\",\"url\":\"https:\\\/\\\/royal-glass.com\\\/wp-content\\\/uploads\\\/2023\\\/02\\\/logo-royal-glass.png\",\"contentUrl\":\"https:\\\/\\\/royal-glass.com\\\/wp-content\\\/uploads\\\/2023\\\/02\\\/logo-royal-glass.png\",\"width\":2097,\"height\":382,\"caption\":\"Royal Glass\"},\"image\":{\"@id\":\"https:\\\/\\\/royal-glass.com\\\/fr\\\/#\\\/schema\\\/logo\\\/image\\\/\"},\"sameAs\":[\"https:\\\/\\\/www.facebook.com\\\/royalglassoffical\\\/\",\"https:\\\/\\\/instagram.com\\\/royal_glass_official\\\/\"]}]}<\/script>\n<!-- \/ Yoast SEO plugin. -->","yoast_head_json":{"title":"Bulles retenues - Royal Glass","robots":{"index":"index","follow":"follow","max-snippet":"max-snippet:-1","max-image-preview":"max-image-preview:large","max-video-preview":"max-video-preview:-1"},"canonical":"https:\/\/royal-glass.com\/fr\/glossaire\/retained-bubbles\/","og_locale":"fr_FR","og_type":"article","og_title":"Bulles retenues - Royal Glass","og_description":"La qualit\u00e9 des verres \u00e0 mousse d\u00e9pend en grande partie de leur capacit\u00e9 \u00e0 retenir les bulles et \u00e0 prolonger l&#8217;exp\u00e9rience de la d\u00e9gustation. La r\u00e9tention des bulles est un \u00e9l\u00e9ment cl\u00e9 qui joue un r\u00f4le important dans l&#8217;impression laiss\u00e9e par un vin p\u00e9tillant, qu&#8217;il s&#8217;agisse d&#8217;un champagne ou d&#8217;un prosecco. Chez Royal Glass, nous [...]","og_url":"https:\/\/royal-glass.com\/fr\/glossaire\/retained-bubbles\/","og_site_name":"Royal Glass","article_publisher":"https:\/\/www.facebook.com\/royalglassoffical\/","twitter_card":"summary_large_image","twitter_misc":{"Dur\u00e9e de lecture estim\u00e9e":"1 minute"},"schema":{"@context":"https:\/\/schema.org","@graph":[{"@type":"WebPage","@id":"https:\/\/royal-glass.com\/fr\/glossaire\/retained-bubbles\/","url":"https:\/\/royal-glass.com\/fr\/glossaire\/retained-bubbles\/","name":"Bulles retenues - Royal Glass","isPartOf":{"@id":"https:\/\/royal-glass.com\/fr\/#website"},"primaryImageOfPage":{"@id":"https:\/\/royal-glass.com\/fr\/glossaire\/retained-bubbles\/#primaryimage"},"image":{"@id":"https:\/\/royal-glass.com\/fr\/glossaire\/retained-bubbles\/#primaryimage"},"thumbnailUrl":"https:\/\/royal-glass.com\/wp-content\/uploads\/2025\/02\/letter-b-15.jpg","datePublished":"2025-02-08T15:44:23+00:00","breadcrumb":{"@id":"https:\/\/royal-glass.com\/fr\/glossaire\/retained-bubbles\/#breadcrumb"},"inLanguage":"fr-FR","potentialAction":[{"@type":"ReadAction","target":["https:\/\/royal-glass.com\/fr\/glossaire\/retained-bubbles\/"]}]},{"@type":"ImageObject","inLanguage":"fr-FR","@id":"https:\/\/royal-glass.com\/fr\/glossaire\/retained-bubbles\/#primaryimage","url":"https:\/\/royal-glass.com\/wp-content\/uploads\/2025\/02\/letter-b-15.jpg","contentUrl":"https:\/\/royal-glass.com\/wp-content\/uploads\/2025\/02\/letter-b-15.jpg","width":600,"height":400},{"@type":"BreadcrumbList","@id":"https:\/\/royal-glass.com\/fr\/glossaire\/retained-bubbles\/#breadcrumb","itemListElement":[{"@type":"ListItem","position":1,"name":"Home","item":"https:\/\/royal-glass.com\/fr\/"},{"@type":"ListItem","position":2,"name":"Glossaire","item":"https:\/\/royal-glass.com\/fr\/glossaire\/"},{"@type":"ListItem","position":3,"name":"Bulles retenues"}]},{"@type":"WebSite","@id":"https:\/\/royal-glass.com\/fr\/#website","url":"https:\/\/royal-glass.com\/fr\/","name":"Royal Glass","description":"The perfect wine glass","publisher":{"@id":"https:\/\/royal-glass.com\/fr\/#organization"},"potentialAction":[{"@type":"SearchAction","target":{"@type":"EntryPoint","urlTemplate":"https:\/\/royal-glass.com\/fr\/?s={search_term_string}"},"query-input":{"@type":"PropertyValueSpecification","valueRequired":true,"valueName":"search_term_string"}}],"inLanguage":"fr-FR"},{"@type":"Organization","@id":"https:\/\/royal-glass.com\/fr\/#organization","name":"Royal Glass","url":"https:\/\/royal-glass.com\/fr\/","logo":{"@type":"ImageObject","inLanguage":"fr-FR","@id":"https:\/\/royal-glass.com\/fr\/#\/schema\/logo\/image\/","url":"https:\/\/royal-glass.com\/wp-content\/uploads\/2023\/02\/logo-royal-glass.png","contentUrl":"https:\/\/royal-glass.com\/wp-content\/uploads\/2023\/02\/logo-royal-glass.png","width":2097,"height":382,"caption":"Royal Glass"},"image":{"@id":"https:\/\/royal-glass.com\/fr\/#\/schema\/logo\/image\/"},"sameAs":["https:\/\/www.facebook.com\/royalglassoffical\/","https:\/\/instagram.com\/royal_glass_official\/"]}]}},"_links":{"self":[{"href":"https:\/\/royal-glass.com\/fr\/wp-json\/wp\/v2\/pages\/5133","targetHints":{"allow":["GET"]}}],"collection":[{"href":"https:\/\/royal-glass.com\/fr\/wp-json\/wp\/v2\/pages"}],"about":[{"href":"https:\/\/royal-glass.com\/fr\/wp-json\/wp\/v2\/types\/page"}],"author":[{"embeddable":true,"href":"https:\/\/royal-glass.com\/fr\/wp-json\/wp\/v2\/users\/2"}],"replies":[{"embeddable":true,"href":"https:\/\/royal-glass.com\/fr\/wp-json\/wp\/v2\/comments?post=5133"}],"version-history":[{"count":0,"href":"https:\/\/royal-glass.com\/fr\/wp-json\/wp\/v2\/pages\/5133\/revisions"}],"up":[{"embeddable":true,"href":"https:\/\/royal-glass.com\/fr\/wp-json\/wp\/v2\/pages\/5113"}],"wp:featuredmedia":[{"embeddable":true,"href":"https:\/\/royal-glass.com\/fr\/wp-json\/wp\/v2\/media\/5440"}],"wp:attachment":[{"href":"https:\/\/royal-glass.com\/fr\/wp-json\/wp\/v2\/media?parent=5133"}],"curies":[{"name":"wp","href":"https:\/\/api.w.org\/{rel}","templated":true}]}}