{"id":5106,"date":"2025-02-08T16:44:37","date_gmt":"2025-02-08T15:44:37","guid":{"rendered":"https:\/\/royal-glass.com\/stretched-glass\/"},"modified":"2025-02-12T13:32:23","modified_gmt":"2025-02-12T12:32:23","slug":"stretched-glass","status":"publish","type":"page","link":"https:\/\/royal-glass.com\/fr\/glossaire\/stretched-glass\/","title":{"rendered":"Verre \u00e9tir\u00e9"},"content":{"rendered":"<p>Le verre \u00e9tir\u00e9 est fabriqu\u00e9 \u00e0 l&#8217;aide d&#8217;une technique de fa\u00e7onnage o\u00f9 le mat\u00e9riau est allong\u00e9 pour cr\u00e9er des formes uniques. Cette m\u00e9thode permet de cr\u00e9er des motifs semblables \u00e0 ceux de l&#8217;origami, ce qui donne du caract\u00e8re et de la personnalit\u00e9 \u00e0 chaque pi\u00e8ce. Les verres \u00e9tir\u00e9s sont parfaits pour ceux qui cherchent \u00e0 se d\u00e9marquer avec des objets qui allient \u00e9l\u00e9gance et cr\u00e9ativit\u00e9. Chez Royal Glass, nous explorons cette technique pour proposer des verres qui captivent l&#8217;\u0153il et enrichissent l&#8217;exp\u00e9rience de la d\u00e9gustation. En choisissant des verres \u00e9tir\u00e9s, vous investissez dans des cr\u00e9ations qui allient style et innovation, ajoutant une touche de modernit\u00e9 \u00e0 votre collection.    <\/p>\n","protected":false},"excerpt":{"rendered":"<p>Le verre \u00e9tir\u00e9 est fabriqu\u00e9 \u00e0 l&#8217;aide d&#8217;une technique de fa\u00e7onnage o\u00f9 le mat\u00e9riau est allong\u00e9 pour cr\u00e9er des formes uniques. Cette m\u00e9thode permet de cr\u00e9er des motifs semblables \u00e0 ceux de l&#8217;origami, ce qui donne du caract\u00e8re et de la personnalit\u00e9 \u00e0 chaque pi\u00e8ce. Les verres \u00e9tir\u00e9s sont parfaits pour ceux qui cherchent \u00e0 [&#8230;]\n","protected":false},"author":2,"featured_media":5648,"parent":5113,"menu_order":0,"comment_status":"closed","ping_status":"open","template":"page-right-sidebar.php","meta":{"_acf_changed":false,"footnotes":""},"class_list":["post-5106","page","type-page","status-publish","has-post-thumbnail","hentry"],"acf":[],"yoast_head":"<!-- This site is optimized with the Yoast SEO plugin v27.4 - https:\/\/yoast.com\/product\/yoast-seo-wordpress\/ -->\n<title>Verre \u00e9tir\u00e9 - Royal Glass<\/title>\n<meta name=\"robots\" content=\"index, follow, max-snippet:-1, max-image-preview:large, max-video-preview:-1\" \/>\n<link rel=\"canonical\" href=\"https:\/\/royal-glass.com\/fr\/glossaire\/stretched-glass\/\" \/>\n<meta property=\"og:locale\" content=\"fr_FR\" \/>\n<meta property=\"og:type\" content=\"article\" \/>\n<meta property=\"og:title\" content=\"Verre \u00e9tir\u00e9 - Royal Glass\" \/>\n<meta property=\"og:description\" content=\"Le verre \u00e9tir\u00e9 est fabriqu\u00e9 \u00e0 l&#8217;aide d&#8217;une technique de fa\u00e7onnage o\u00f9 le mat\u00e9riau est allong\u00e9 pour cr\u00e9er des formes uniques. Cette m\u00e9thode permet de cr\u00e9er des motifs semblables \u00e0 ceux de l&#8217;origami, ce qui donne du caract\u00e8re et de la personnalit\u00e9 \u00e0 chaque pi\u00e8ce. Les verres \u00e9tir\u00e9s sont parfaits pour ceux qui cherchent \u00e0 [...]\" \/>\n<meta property=\"og:url\" content=\"https:\/\/royal-glass.com\/fr\/glossaire\/stretched-glass\/\" \/>\n<meta property=\"og:site_name\" content=\"Royal Glass\" \/>\n<meta property=\"article:publisher\" content=\"https:\/\/www.facebook.com\/royalglassoffical\/\" \/>\n<meta property=\"article:modified_time\" content=\"2025-02-12T12:32:23+00:00\" \/>\n<meta name=\"twitter:card\" content=\"summary_large_image\" \/>\n<meta name=\"twitter:label1\" content=\"Dur\u00e9e de lecture estim\u00e9e\" \/>\n\t<meta name=\"twitter:data1\" content=\"1 minute\" \/>\n<script type=\"application\/ld+json\" class=\"yoast-schema-graph\">{\"@context\":\"https:\\\/\\\/schema.org\",\"@graph\":[{\"@type\":\"WebPage\",\"@id\":\"https:\\\/\\\/royal-glass.com\\\/fr\\\/glossaire\\\/stretched-glass\\\/\",\"url\":\"https:\\\/\\\/royal-glass.com\\\/fr\\\/glossaire\\\/stretched-glass\\\/\",\"name\":\"Verre \u00e9tir\u00e9 - Royal Glass\",\"isPartOf\":{\"@id\":\"https:\\\/\\\/royal-glass.com\\\/fr\\\/#website\"},\"primaryImageOfPage\":{\"@id\":\"https:\\\/\\\/royal-glass.com\\\/fr\\\/glossaire\\\/stretched-glass\\\/#primaryimage\"},\"image\":{\"@id\":\"https:\\\/\\\/royal-glass.com\\\/fr\\\/glossaire\\\/stretched-glass\\\/#primaryimage\"},\"thumbnailUrl\":\"https:\\\/\\\/royal-glass.com\\\/wp-content\\\/uploads\\\/2025\\\/02\\\/letter-v-3.jpg\",\"datePublished\":\"2025-02-08T15:44:37+00:00\",\"dateModified\":\"2025-02-12T12:32:23+00:00\",\"breadcrumb\":{\"@id\":\"https:\\\/\\\/royal-glass.com\\\/fr\\\/glossaire\\\/stretched-glass\\\/#breadcrumb\"},\"inLanguage\":\"fr-FR\",\"potentialAction\":[{\"@type\":\"ReadAction\",\"target\":[\"https:\\\/\\\/royal-glass.com\\\/fr\\\/glossaire\\\/stretched-glass\\\/\"]}]},{\"@type\":\"ImageObject\",\"inLanguage\":\"fr-FR\",\"@id\":\"https:\\\/\\\/royal-glass.com\\\/fr\\\/glossaire\\\/stretched-glass\\\/#primaryimage\",\"url\":\"https:\\\/\\\/royal-glass.com\\\/wp-content\\\/uploads\\\/2025\\\/02\\\/letter-v-3.jpg\",\"contentUrl\":\"https:\\\/\\\/royal-glass.com\\\/wp-content\\\/uploads\\\/2025\\\/02\\\/letter-v-3.jpg\",\"width\":600,\"height\":400},{\"@type\":\"BreadcrumbList\",\"@id\":\"https:\\\/\\\/royal-glass.com\\\/fr\\\/glossaire\\\/stretched-glass\\\/#breadcrumb\",\"itemListElement\":[{\"@type\":\"ListItem\",\"position\":1,\"name\":\"Home\",\"item\":\"https:\\\/\\\/royal-glass.com\\\/fr\\\/\"},{\"@type\":\"ListItem\",\"position\":2,\"name\":\"Glossaire\",\"item\":\"https:\\\/\\\/royal-glass.com\\\/fr\\\/glossaire\\\/\"},{\"@type\":\"ListItem\",\"position\":3,\"name\":\"Verre \u00e9tir\u00e9\"}]},{\"@type\":\"WebSite\",\"@id\":\"https:\\\/\\\/royal-glass.com\\\/fr\\\/#website\",\"url\":\"https:\\\/\\\/royal-glass.com\\\/fr\\\/\",\"name\":\"Royal Glass\",\"description\":\"The perfect wine glass\",\"publisher\":{\"@id\":\"https:\\\/\\\/royal-glass.com\\\/fr\\\/#organization\"},\"potentialAction\":[{\"@type\":\"SearchAction\",\"target\":{\"@type\":\"EntryPoint\",\"urlTemplate\":\"https:\\\/\\\/royal-glass.com\\\/fr\\\/?s={search_term_string}\"},\"query-input\":{\"@type\":\"PropertyValueSpecification\",\"valueRequired\":true,\"valueName\":\"search_term_string\"}}],\"inLanguage\":\"fr-FR\"},{\"@type\":\"Organization\",\"@id\":\"https:\\\/\\\/royal-glass.com\\\/fr\\\/#organization\",\"name\":\"Royal Glass\",\"url\":\"https:\\\/\\\/royal-glass.com\\\/fr\\\/\",\"logo\":{\"@type\":\"ImageObject\",\"inLanguage\":\"fr-FR\",\"@id\":\"https:\\\/\\\/royal-glass.com\\\/fr\\\/#\\\/schema\\\/logo\\\/image\\\/\",\"url\":\"https:\\\/\\\/royal-glass.com\\\/wp-content\\\/uploads\\\/2023\\\/02\\\/logo-royal-glass.png\",\"contentUrl\":\"https:\\\/\\\/royal-glass.com\\\/wp-content\\\/uploads\\\/2023\\\/02\\\/logo-royal-glass.png\",\"width\":2097,\"height\":382,\"caption\":\"Royal Glass\"},\"image\":{\"@id\":\"https:\\\/\\\/royal-glass.com\\\/fr\\\/#\\\/schema\\\/logo\\\/image\\\/\"},\"sameAs\":[\"https:\\\/\\\/www.facebook.com\\\/royalglassoffical\\\/\",\"https:\\\/\\\/instagram.com\\\/royal_glass_official\\\/\"]}]}<\/script>\n<!-- \/ Yoast SEO plugin. -->","yoast_head_json":{"title":"Verre \u00e9tir\u00e9 - Royal Glass","robots":{"index":"index","follow":"follow","max-snippet":"max-snippet:-1","max-image-preview":"max-image-preview:large","max-video-preview":"max-video-preview:-1"},"canonical":"https:\/\/royal-glass.com\/fr\/glossaire\/stretched-glass\/","og_locale":"fr_FR","og_type":"article","og_title":"Verre \u00e9tir\u00e9 - Royal Glass","og_description":"Le verre \u00e9tir\u00e9 est fabriqu\u00e9 \u00e0 l&#8217;aide d&#8217;une technique de fa\u00e7onnage o\u00f9 le mat\u00e9riau est allong\u00e9 pour cr\u00e9er des formes uniques. Cette m\u00e9thode permet de cr\u00e9er des motifs semblables \u00e0 ceux de l&#8217;origami, ce qui donne du caract\u00e8re et de la personnalit\u00e9 \u00e0 chaque pi\u00e8ce. Les verres \u00e9tir\u00e9s sont parfaits pour ceux qui cherchent \u00e0 [...]","og_url":"https:\/\/royal-glass.com\/fr\/glossaire\/stretched-glass\/","og_site_name":"Royal Glass","article_publisher":"https:\/\/www.facebook.com\/royalglassoffical\/","article_modified_time":"2025-02-12T12:32:23+00:00","twitter_card":"summary_large_image","twitter_misc":{"Dur\u00e9e de lecture estim\u00e9e":"1 minute"},"schema":{"@context":"https:\/\/schema.org","@graph":[{"@type":"WebPage","@id":"https:\/\/royal-glass.com\/fr\/glossaire\/stretched-glass\/","url":"https:\/\/royal-glass.com\/fr\/glossaire\/stretched-glass\/","name":"Verre \u00e9tir\u00e9 - Royal Glass","isPartOf":{"@id":"https:\/\/royal-glass.com\/fr\/#website"},"primaryImageOfPage":{"@id":"https:\/\/royal-glass.com\/fr\/glossaire\/stretched-glass\/#primaryimage"},"image":{"@id":"https:\/\/royal-glass.com\/fr\/glossaire\/stretched-glass\/#primaryimage"},"thumbnailUrl":"https:\/\/royal-glass.com\/wp-content\/uploads\/2025\/02\/letter-v-3.jpg","datePublished":"2025-02-08T15:44:37+00:00","dateModified":"2025-02-12T12:32:23+00:00","breadcrumb":{"@id":"https:\/\/royal-glass.com\/fr\/glossaire\/stretched-glass\/#breadcrumb"},"inLanguage":"fr-FR","potentialAction":[{"@type":"ReadAction","target":["https:\/\/royal-glass.com\/fr\/glossaire\/stretched-glass\/"]}]},{"@type":"ImageObject","inLanguage":"fr-FR","@id":"https:\/\/royal-glass.com\/fr\/glossaire\/stretched-glass\/#primaryimage","url":"https:\/\/royal-glass.com\/wp-content\/uploads\/2025\/02\/letter-v-3.jpg","contentUrl":"https:\/\/royal-glass.com\/wp-content\/uploads\/2025\/02\/letter-v-3.jpg","width":600,"height":400},{"@type":"BreadcrumbList","@id":"https:\/\/royal-glass.com\/fr\/glossaire\/stretched-glass\/#breadcrumb","itemListElement":[{"@type":"ListItem","position":1,"name":"Home","item":"https:\/\/royal-glass.com\/fr\/"},{"@type":"ListItem","position":2,"name":"Glossaire","item":"https:\/\/royal-glass.com\/fr\/glossaire\/"},{"@type":"ListItem","position":3,"name":"Verre \u00e9tir\u00e9"}]},{"@type":"WebSite","@id":"https:\/\/royal-glass.com\/fr\/#website","url":"https:\/\/royal-glass.com\/fr\/","name":"Royal Glass","description":"The perfect wine glass","publisher":{"@id":"https:\/\/royal-glass.com\/fr\/#organization"},"potentialAction":[{"@type":"SearchAction","target":{"@type":"EntryPoint","urlTemplate":"https:\/\/royal-glass.com\/fr\/?s={search_term_string}"},"query-input":{"@type":"PropertyValueSpecification","valueRequired":true,"valueName":"search_term_string"}}],"inLanguage":"fr-FR"},{"@type":"Organization","@id":"https:\/\/royal-glass.com\/fr\/#organization","name":"Royal Glass","url":"https:\/\/royal-glass.com\/fr\/","logo":{"@type":"ImageObject","inLanguage":"fr-FR","@id":"https:\/\/royal-glass.com\/fr\/#\/schema\/logo\/image\/","url":"https:\/\/royal-glass.com\/wp-content\/uploads\/2023\/02\/logo-royal-glass.png","contentUrl":"https:\/\/royal-glass.com\/wp-content\/uploads\/2023\/02\/logo-royal-glass.png","width":2097,"height":382,"caption":"Royal Glass"},"image":{"@id":"https:\/\/royal-glass.com\/fr\/#\/schema\/logo\/image\/"},"sameAs":["https:\/\/www.facebook.com\/royalglassoffical\/","https:\/\/instagram.com\/royal_glass_official\/"]}]}},"_links":{"self":[{"href":"https:\/\/royal-glass.com\/fr\/wp-json\/wp\/v2\/pages\/5106","targetHints":{"allow":["GET"]}}],"collection":[{"href":"https:\/\/royal-glass.com\/fr\/wp-json\/wp\/v2\/pages"}],"about":[{"href":"https:\/\/royal-glass.com\/fr\/wp-json\/wp\/v2\/types\/page"}],"author":[{"embeddable":true,"href":"https:\/\/royal-glass.com\/fr\/wp-json\/wp\/v2\/users\/2"}],"replies":[{"embeddable":true,"href":"https:\/\/royal-glass.com\/fr\/wp-json\/wp\/v2\/comments?post=5106"}],"version-history":[{"count":0,"href":"https:\/\/royal-glass.com\/fr\/wp-json\/wp\/v2\/pages\/5106\/revisions"}],"up":[{"embeddable":true,"href":"https:\/\/royal-glass.com\/fr\/wp-json\/wp\/v2\/pages\/5113"}],"wp:featuredmedia":[{"embeddable":true,"href":"https:\/\/royal-glass.com\/fr\/wp-json\/wp\/v2\/media\/5648"}],"wp:attachment":[{"href":"https:\/\/royal-glass.com\/fr\/wp-json\/wp\/v2\/media?parent=5106"}],"curies":[{"name":"wp","href":"https:\/\/api.w.org\/{rel}","templated":true}]}}