{"id":5092,"date":"2025-02-08T16:44:34","date_gmt":"2025-02-08T15:44:34","guid":{"rendered":"https:\/\/royal-glass.com\/sparkling\/"},"modified":"2025-02-12T13:32:23","modified_gmt":"2025-02-12T12:32:23","slug":"sparkling","status":"publish","type":"page","link":"https:\/\/royal-glass.com\/fr\/glossaire\/sparkling\/","title":{"rendered":"P\u00e9tillant"},"content":{"rendered":"<p>Le scintillement d\u00e9signe un effet visuel o\u00f9 la lumi\u00e8re se refl\u00e8te sur la surface du cristal, cr\u00e9ant des points lumineux. Cet effet est particuli\u00e8rement appr\u00e9ci\u00e9 dans la verrerie de haute qualit\u00e9, ajoutant une dimension esth\u00e9tique captivante \u00e0 chaque pi\u00e8ce. Chez Royal Glass, nous nous engageons \u00e0 produire des verres qui pr\u00e9sentent des qualit\u00e9s de scintillement exceptionnelles, comme le &#8220;Polymaster&#8221; et l'&#8221;Ultima&#8221;. Les verres qui p\u00e9tillent ne sont pas seulement un plaisir pour les yeux, ils am\u00e9liorent \u00e9galement l&#8217;exp\u00e9rience de la d\u00e9gustation, en mettant en valeur le vin de mani\u00e8re unique. En choisissant des verres qui privil\u00e9gient les effets p\u00e9tillants, vous ajoutez une touche de magie \u00e0 vos occasions sp\u00e9ciales, transformant chaque moment en un spectacle visuel.    <\/p>\n","protected":false},"excerpt":{"rendered":"<p>Le scintillement d\u00e9signe un effet visuel o\u00f9 la lumi\u00e8re se refl\u00e8te sur la surface du cristal, cr\u00e9ant des points lumineux. Cet effet est particuli\u00e8rement appr\u00e9ci\u00e9 dans la verrerie de haute qualit\u00e9, ajoutant une dimension esth\u00e9tique captivante \u00e0 chaque pi\u00e8ce. Chez Royal Glass, nous nous engageons \u00e0 produire des verres qui pr\u00e9sentent des qualit\u00e9s de scintillement [&#8230;]\n","protected":false},"author":2,"featured_media":5574,"parent":5113,"menu_order":0,"comment_status":"closed","ping_status":"open","template":"page-right-sidebar.php","meta":{"_acf_changed":false,"footnotes":""},"class_list":["post-5092","page","type-page","status-publish","has-post-thumbnail","hentry"],"acf":[],"yoast_head":"<!-- This site is optimized with the Yoast SEO plugin v27.2 - https:\/\/yoast.com\/product\/yoast-seo-wordpress\/ -->\n<title>P\u00e9tillant - Royal Glass<\/title>\n<meta name=\"robots\" content=\"index, follow, max-snippet:-1, max-image-preview:large, max-video-preview:-1\" \/>\n<link rel=\"canonical\" href=\"https:\/\/royal-glass.com\/fr\/glossaire\/sparkling\/\" \/>\n<meta property=\"og:locale\" content=\"fr_FR\" \/>\n<meta property=\"og:type\" content=\"article\" \/>\n<meta property=\"og:title\" content=\"P\u00e9tillant - Royal Glass\" \/>\n<meta property=\"og:description\" content=\"Le scintillement d\u00e9signe un effet visuel o\u00f9 la lumi\u00e8re se refl\u00e8te sur la surface du cristal, cr\u00e9ant des points lumineux. Cet effet est particuli\u00e8rement appr\u00e9ci\u00e9 dans la verrerie de haute qualit\u00e9, ajoutant une dimension esth\u00e9tique captivante \u00e0 chaque pi\u00e8ce. Chez Royal Glass, nous nous engageons \u00e0 produire des verres qui pr\u00e9sentent des qualit\u00e9s de scintillement [...]\" \/>\n<meta property=\"og:url\" content=\"https:\/\/royal-glass.com\/fr\/glossaire\/sparkling\/\" \/>\n<meta property=\"og:site_name\" content=\"Royal Glass\" \/>\n<meta property=\"article:publisher\" content=\"https:\/\/www.facebook.com\/royalglassoffical\/\" \/>\n<meta property=\"article:modified_time\" content=\"2025-02-12T12:32:23+00:00\" \/>\n<meta name=\"twitter:card\" content=\"summary_large_image\" \/>\n<meta name=\"twitter:label1\" content=\"Dur\u00e9e de lecture estim\u00e9e\" \/>\n\t<meta name=\"twitter:data1\" content=\"1 minute\" \/>\n<script type=\"application\/ld+json\" class=\"yoast-schema-graph\">{\"@context\":\"https:\/\/schema.org\",\"@graph\":[{\"@type\":\"WebPage\",\"@id\":\"https:\/\/royal-glass.com\/fr\/glossaire\/sparkling\/\",\"url\":\"https:\/\/royal-glass.com\/fr\/glossaire\/sparkling\/\",\"name\":\"P\u00e9tillant - Royal Glass\",\"isPartOf\":{\"@id\":\"https:\/\/royal-glass.com\/fr\/#website\"},\"primaryImageOfPage\":{\"@id\":\"https:\/\/royal-glass.com\/fr\/glossaire\/sparkling\/#primaryimage\"},\"image\":{\"@id\":\"https:\/\/royal-glass.com\/fr\/glossaire\/sparkling\/#primaryimage\"},\"thumbnailUrl\":\"https:\/\/royal-glass.com\/wp-content\/uploads\/2025\/02\/letter-p-9.jpg\",\"datePublished\":\"2025-02-08T15:44:34+00:00\",\"dateModified\":\"2025-02-12T12:32:23+00:00\",\"breadcrumb\":{\"@id\":\"https:\/\/royal-glass.com\/fr\/glossaire\/sparkling\/#breadcrumb\"},\"inLanguage\":\"fr-FR\",\"potentialAction\":[{\"@type\":\"ReadAction\",\"target\":[\"https:\/\/royal-glass.com\/fr\/glossaire\/sparkling\/\"]}]},{\"@type\":\"ImageObject\",\"inLanguage\":\"fr-FR\",\"@id\":\"https:\/\/royal-glass.com\/fr\/glossaire\/sparkling\/#primaryimage\",\"url\":\"https:\/\/royal-glass.com\/wp-content\/uploads\/2025\/02\/letter-p-9.jpg\",\"contentUrl\":\"https:\/\/royal-glass.com\/wp-content\/uploads\/2025\/02\/letter-p-9.jpg\",\"width\":600,\"height\":400},{\"@type\":\"BreadcrumbList\",\"@id\":\"https:\/\/royal-glass.com\/fr\/glossaire\/sparkling\/#breadcrumb\",\"itemListElement\":[{\"@type\":\"ListItem\",\"position\":1,\"name\":\"Home\",\"item\":\"https:\/\/royal-glass.com\/fr\/\"},{\"@type\":\"ListItem\",\"position\":2,\"name\":\"Glossaire\",\"item\":\"https:\/\/royal-glass.com\/fr\/glossaire\/\"},{\"@type\":\"ListItem\",\"position\":3,\"name\":\"P\u00e9tillant\"}]},{\"@type\":\"WebSite\",\"@id\":\"https:\/\/royal-glass.com\/fr\/#website\",\"url\":\"https:\/\/royal-glass.com\/fr\/\",\"name\":\"Royal Glass\",\"description\":\"The perfect wine glass\",\"publisher\":{\"@id\":\"https:\/\/royal-glass.com\/fr\/#organization\"},\"potentialAction\":[{\"@type\":\"SearchAction\",\"target\":{\"@type\":\"EntryPoint\",\"urlTemplate\":\"https:\/\/royal-glass.com\/fr\/?s={search_term_string}\"},\"query-input\":{\"@type\":\"PropertyValueSpecification\",\"valueRequired\":true,\"valueName\":\"search_term_string\"}}],\"inLanguage\":\"fr-FR\"},{\"@type\":\"Organization\",\"@id\":\"https:\/\/royal-glass.com\/fr\/#organization\",\"name\":\"Royal Glass\",\"url\":\"https:\/\/royal-glass.com\/fr\/\",\"logo\":{\"@type\":\"ImageObject\",\"inLanguage\":\"fr-FR\",\"@id\":\"https:\/\/royal-glass.com\/fr\/#\/schema\/logo\/image\/\",\"url\":\"https:\/\/royal-glass.com\/wp-content\/uploads\/2023\/02\/logo-royal-glass.png\",\"contentUrl\":\"https:\/\/royal-glass.com\/wp-content\/uploads\/2023\/02\/logo-royal-glass.png\",\"width\":2097,\"height\":382,\"caption\":\"Royal Glass\"},\"image\":{\"@id\":\"https:\/\/royal-glass.com\/fr\/#\/schema\/logo\/image\/\"},\"sameAs\":[\"https:\/\/www.facebook.com\/royalglassoffical\/\",\"https:\/\/instagram.com\/royal_glass_official\/\"]}]}<\/script>\n<!-- \/ Yoast SEO plugin. -->","yoast_head_json":{"title":"P\u00e9tillant - Royal Glass","robots":{"index":"index","follow":"follow","max-snippet":"max-snippet:-1","max-image-preview":"max-image-preview:large","max-video-preview":"max-video-preview:-1"},"canonical":"https:\/\/royal-glass.com\/fr\/glossaire\/sparkling\/","og_locale":"fr_FR","og_type":"article","og_title":"P\u00e9tillant - Royal Glass","og_description":"Le scintillement d\u00e9signe un effet visuel o\u00f9 la lumi\u00e8re se refl\u00e8te sur la surface du cristal, cr\u00e9ant des points lumineux. Cet effet est particuli\u00e8rement appr\u00e9ci\u00e9 dans la verrerie de haute qualit\u00e9, ajoutant une dimension esth\u00e9tique captivante \u00e0 chaque pi\u00e8ce. Chez Royal Glass, nous nous engageons \u00e0 produire des verres qui pr\u00e9sentent des qualit\u00e9s de scintillement [...]","og_url":"https:\/\/royal-glass.com\/fr\/glossaire\/sparkling\/","og_site_name":"Royal Glass","article_publisher":"https:\/\/www.facebook.com\/royalglassoffical\/","article_modified_time":"2025-02-12T12:32:23+00:00","twitter_card":"summary_large_image","twitter_misc":{"Dur\u00e9e de lecture estim\u00e9e":"1 minute"},"schema":{"@context":"https:\/\/schema.org","@graph":[{"@type":"WebPage","@id":"https:\/\/royal-glass.com\/fr\/glossaire\/sparkling\/","url":"https:\/\/royal-glass.com\/fr\/glossaire\/sparkling\/","name":"P\u00e9tillant - Royal Glass","isPartOf":{"@id":"https:\/\/royal-glass.com\/fr\/#website"},"primaryImageOfPage":{"@id":"https:\/\/royal-glass.com\/fr\/glossaire\/sparkling\/#primaryimage"},"image":{"@id":"https:\/\/royal-glass.com\/fr\/glossaire\/sparkling\/#primaryimage"},"thumbnailUrl":"https:\/\/royal-glass.com\/wp-content\/uploads\/2025\/02\/letter-p-9.jpg","datePublished":"2025-02-08T15:44:34+00:00","dateModified":"2025-02-12T12:32:23+00:00","breadcrumb":{"@id":"https:\/\/royal-glass.com\/fr\/glossaire\/sparkling\/#breadcrumb"},"inLanguage":"fr-FR","potentialAction":[{"@type":"ReadAction","target":["https:\/\/royal-glass.com\/fr\/glossaire\/sparkling\/"]}]},{"@type":"ImageObject","inLanguage":"fr-FR","@id":"https:\/\/royal-glass.com\/fr\/glossaire\/sparkling\/#primaryimage","url":"https:\/\/royal-glass.com\/wp-content\/uploads\/2025\/02\/letter-p-9.jpg","contentUrl":"https:\/\/royal-glass.com\/wp-content\/uploads\/2025\/02\/letter-p-9.jpg","width":600,"height":400},{"@type":"BreadcrumbList","@id":"https:\/\/royal-glass.com\/fr\/glossaire\/sparkling\/#breadcrumb","itemListElement":[{"@type":"ListItem","position":1,"name":"Home","item":"https:\/\/royal-glass.com\/fr\/"},{"@type":"ListItem","position":2,"name":"Glossaire","item":"https:\/\/royal-glass.com\/fr\/glossaire\/"},{"@type":"ListItem","position":3,"name":"P\u00e9tillant"}]},{"@type":"WebSite","@id":"https:\/\/royal-glass.com\/fr\/#website","url":"https:\/\/royal-glass.com\/fr\/","name":"Royal Glass","description":"The perfect wine glass","publisher":{"@id":"https:\/\/royal-glass.com\/fr\/#organization"},"potentialAction":[{"@type":"SearchAction","target":{"@type":"EntryPoint","urlTemplate":"https:\/\/royal-glass.com\/fr\/?s={search_term_string}"},"query-input":{"@type":"PropertyValueSpecification","valueRequired":true,"valueName":"search_term_string"}}],"inLanguage":"fr-FR"},{"@type":"Organization","@id":"https:\/\/royal-glass.com\/fr\/#organization","name":"Royal Glass","url":"https:\/\/royal-glass.com\/fr\/","logo":{"@type":"ImageObject","inLanguage":"fr-FR","@id":"https:\/\/royal-glass.com\/fr\/#\/schema\/logo\/image\/","url":"https:\/\/royal-glass.com\/wp-content\/uploads\/2023\/02\/logo-royal-glass.png","contentUrl":"https:\/\/royal-glass.com\/wp-content\/uploads\/2023\/02\/logo-royal-glass.png","width":2097,"height":382,"caption":"Royal Glass"},"image":{"@id":"https:\/\/royal-glass.com\/fr\/#\/schema\/logo\/image\/"},"sameAs":["https:\/\/www.facebook.com\/royalglassoffical\/","https:\/\/instagram.com\/royal_glass_official\/"]}]}},"_links":{"self":[{"href":"https:\/\/royal-glass.com\/fr\/wp-json\/wp\/v2\/pages\/5092","targetHints":{"allow":["GET"]}}],"collection":[{"href":"https:\/\/royal-glass.com\/fr\/wp-json\/wp\/v2\/pages"}],"about":[{"href":"https:\/\/royal-glass.com\/fr\/wp-json\/wp\/v2\/types\/page"}],"author":[{"embeddable":true,"href":"https:\/\/royal-glass.com\/fr\/wp-json\/wp\/v2\/users\/2"}],"replies":[{"embeddable":true,"href":"https:\/\/royal-glass.com\/fr\/wp-json\/wp\/v2\/comments?post=5092"}],"version-history":[{"count":0,"href":"https:\/\/royal-glass.com\/fr\/wp-json\/wp\/v2\/pages\/5092\/revisions"}],"up":[{"embeddable":true,"href":"https:\/\/royal-glass.com\/fr\/wp-json\/wp\/v2\/pages\/5113"}],"wp:featuredmedia":[{"embeddable":true,"href":"https:\/\/royal-glass.com\/fr\/wp-json\/wp\/v2\/media\/5574"}],"wp:attachment":[{"href":"https:\/\/royal-glass.com\/fr\/wp-json\/wp\/v2\/media?parent=5092"}],"curies":[{"name":"wp","href":"https:\/\/api.w.org\/{rel}","templated":true}]}}