{"id":5073,"date":"2025-02-08T16:44:34","date_gmt":"2025-02-08T15:44:34","guid":{"rendered":"https:\/\/royal-glass.com\/transparency-2\/"},"modified":"2025-02-12T13:32:23","modified_gmt":"2025-02-12T12:32:23","slug":"transparency-2","status":"publish","type":"page","link":"https:\/\/royal-glass.com\/fr\/glossaire\/transparency-2\/","title":{"rendered":"Transparence"},"content":{"rendered":"<p>La transparence fait r\u00e9f\u00e9rence \u00e0 la clart\u00e9 visuelle, particuli\u00e8rement appr\u00e9ci\u00e9e dans le cristal de qualit\u00e9. Un degr\u00e9 \u00e9lev\u00e9 de transparence permet d&#8217;appr\u00e9cier pleinement la couleur du vin, r\u00e9v\u00e9lant la profondeur et la luminosit\u00e9 du liquide. Chez Royal Glass, nous nous effor\u00e7ons de cr\u00e9er des verres qui offrent une transparence optimale, comme en t\u00e9moignent nos mod\u00e8les &#8220;Polymaster&#8221; et &#8220;Ultima&#8221;. Cette qualit\u00e9 est essentielle pour une exp\u00e9rience de d\u00e9gustation enrichie, car elle permet aux d\u00e9gustateurs de voir les caract\u00e9ristiques du vin et de l&#8217;appr\u00e9cier \u00e0 sa juste valeur. En choisissant des verres d&#8217;une excellente transparence, vous investissez dans des pi\u00e8ces qui mettent en valeur la beaut\u00e9 du vin et enrichissent chaque moment partag\u00e9.    <\/p>\n","protected":false},"excerpt":{"rendered":"<p>La transparence fait r\u00e9f\u00e9rence \u00e0 la clart\u00e9 visuelle, particuli\u00e8rement appr\u00e9ci\u00e9e dans le cristal de qualit\u00e9. Un degr\u00e9 \u00e9lev\u00e9 de transparence permet d&#8217;appr\u00e9cier pleinement la couleur du vin, r\u00e9v\u00e9lant la profondeur et la luminosit\u00e9 du liquide. Chez Royal Glass, nous nous effor\u00e7ons de cr\u00e9er des verres qui offrent une transparence optimale, comme en t\u00e9moignent nos mod\u00e8les [&#8230;]\n","protected":false},"author":2,"featured_media":5620,"parent":5113,"menu_order":0,"comment_status":"closed","ping_status":"open","template":"page-right-sidebar.php","meta":{"_acf_changed":false,"footnotes":""},"class_list":["post-5073","page","type-page","status-publish","has-post-thumbnail","hentry"],"acf":[],"yoast_head":"<!-- This site is optimized with the Yoast SEO plugin v27.5 - https:\/\/yoast.com\/product\/yoast-seo-wordpress\/ -->\n<title>Transparence - Royal Glass<\/title>\n<meta name=\"robots\" content=\"index, follow, max-snippet:-1, max-image-preview:large, max-video-preview:-1\" \/>\n<link rel=\"canonical\" href=\"https:\/\/royal-glass.com\/fr\/glossaire\/transparency-2\/\" \/>\n<meta property=\"og:locale\" content=\"fr_FR\" \/>\n<meta property=\"og:type\" content=\"article\" \/>\n<meta property=\"og:title\" content=\"Transparence - Royal Glass\" \/>\n<meta property=\"og:description\" content=\"La transparence fait r\u00e9f\u00e9rence \u00e0 la clart\u00e9 visuelle, particuli\u00e8rement appr\u00e9ci\u00e9e dans le cristal de qualit\u00e9. Un degr\u00e9 \u00e9lev\u00e9 de transparence permet d&#8217;appr\u00e9cier pleinement la couleur du vin, r\u00e9v\u00e9lant la profondeur et la luminosit\u00e9 du liquide. Chez Royal Glass, nous nous effor\u00e7ons de cr\u00e9er des verres qui offrent une transparence optimale, comme en t\u00e9moignent nos mod\u00e8les [...]\" \/>\n<meta property=\"og:url\" content=\"https:\/\/royal-glass.com\/fr\/glossaire\/transparency-2\/\" \/>\n<meta property=\"og:site_name\" content=\"Royal Glass\" \/>\n<meta property=\"article:publisher\" content=\"https:\/\/www.facebook.com\/royalglassoffical\/\" \/>\n<meta property=\"article:modified_time\" content=\"2025-02-12T12:32:23+00:00\" \/>\n<meta name=\"twitter:card\" content=\"summary_large_image\" \/>\n<meta name=\"twitter:label1\" content=\"Dur\u00e9e de lecture estim\u00e9e\" \/>\n\t<meta name=\"twitter:data1\" content=\"1 minute\" \/>\n<script type=\"application\/ld+json\" class=\"yoast-schema-graph\">{\"@context\":\"https:\\\/\\\/schema.org\",\"@graph\":[{\"@type\":\"WebPage\",\"@id\":\"https:\\\/\\\/royal-glass.com\\\/fr\\\/glossaire\\\/transparency-2\\\/\",\"url\":\"https:\\\/\\\/royal-glass.com\\\/fr\\\/glossaire\\\/transparency-2\\\/\",\"name\":\"Transparence - Royal Glass\",\"isPartOf\":{\"@id\":\"https:\\\/\\\/royal-glass.com\\\/fr\\\/#website\"},\"primaryImageOfPage\":{\"@id\":\"https:\\\/\\\/royal-glass.com\\\/fr\\\/glossaire\\\/transparency-2\\\/#primaryimage\"},\"image\":{\"@id\":\"https:\\\/\\\/royal-glass.com\\\/fr\\\/glossaire\\\/transparency-2\\\/#primaryimage\"},\"thumbnailUrl\":\"https:\\\/\\\/royal-glass.com\\\/wp-content\\\/uploads\\\/2025\\\/02\\\/letter-t-10.jpg\",\"datePublished\":\"2025-02-08T15:44:34+00:00\",\"dateModified\":\"2025-02-12T12:32:23+00:00\",\"breadcrumb\":{\"@id\":\"https:\\\/\\\/royal-glass.com\\\/fr\\\/glossaire\\\/transparency-2\\\/#breadcrumb\"},\"inLanguage\":\"fr-FR\",\"potentialAction\":[{\"@type\":\"ReadAction\",\"target\":[\"https:\\\/\\\/royal-glass.com\\\/fr\\\/glossaire\\\/transparency-2\\\/\"]}]},{\"@type\":\"ImageObject\",\"inLanguage\":\"fr-FR\",\"@id\":\"https:\\\/\\\/royal-glass.com\\\/fr\\\/glossaire\\\/transparency-2\\\/#primaryimage\",\"url\":\"https:\\\/\\\/royal-glass.com\\\/wp-content\\\/uploads\\\/2025\\\/02\\\/letter-t-10.jpg\",\"contentUrl\":\"https:\\\/\\\/royal-glass.com\\\/wp-content\\\/uploads\\\/2025\\\/02\\\/letter-t-10.jpg\",\"width\":600,\"height\":400},{\"@type\":\"BreadcrumbList\",\"@id\":\"https:\\\/\\\/royal-glass.com\\\/fr\\\/glossaire\\\/transparency-2\\\/#breadcrumb\",\"itemListElement\":[{\"@type\":\"ListItem\",\"position\":1,\"name\":\"Home\",\"item\":\"https:\\\/\\\/royal-glass.com\\\/fr\\\/\"},{\"@type\":\"ListItem\",\"position\":2,\"name\":\"Glossaire\",\"item\":\"https:\\\/\\\/royal-glass.com\\\/fr\\\/glossaire\\\/\"},{\"@type\":\"ListItem\",\"position\":3,\"name\":\"Transparence\"}]},{\"@type\":\"WebSite\",\"@id\":\"https:\\\/\\\/royal-glass.com\\\/fr\\\/#website\",\"url\":\"https:\\\/\\\/royal-glass.com\\\/fr\\\/\",\"name\":\"Royal Glass\",\"description\":\"The perfect wine glass\",\"publisher\":{\"@id\":\"https:\\\/\\\/royal-glass.com\\\/fr\\\/#organization\"},\"potentialAction\":[{\"@type\":\"SearchAction\",\"target\":{\"@type\":\"EntryPoint\",\"urlTemplate\":\"https:\\\/\\\/royal-glass.com\\\/fr\\\/?s={search_term_string}\"},\"query-input\":{\"@type\":\"PropertyValueSpecification\",\"valueRequired\":true,\"valueName\":\"search_term_string\"}}],\"inLanguage\":\"fr-FR\"},{\"@type\":\"Organization\",\"@id\":\"https:\\\/\\\/royal-glass.com\\\/fr\\\/#organization\",\"name\":\"Royal Glass\",\"url\":\"https:\\\/\\\/royal-glass.com\\\/fr\\\/\",\"logo\":{\"@type\":\"ImageObject\",\"inLanguage\":\"fr-FR\",\"@id\":\"https:\\\/\\\/royal-glass.com\\\/fr\\\/#\\\/schema\\\/logo\\\/image\\\/\",\"url\":\"https:\\\/\\\/royal-glass.com\\\/wp-content\\\/uploads\\\/2023\\\/02\\\/logo-royal-glass.png\",\"contentUrl\":\"https:\\\/\\\/royal-glass.com\\\/wp-content\\\/uploads\\\/2023\\\/02\\\/logo-royal-glass.png\",\"width\":2097,\"height\":382,\"caption\":\"Royal Glass\"},\"image\":{\"@id\":\"https:\\\/\\\/royal-glass.com\\\/fr\\\/#\\\/schema\\\/logo\\\/image\\\/\"},\"sameAs\":[\"https:\\\/\\\/www.facebook.com\\\/royalglassoffical\\\/\",\"https:\\\/\\\/instagram.com\\\/royal_glass_official\\\/\"]}]}<\/script>\n<!-- \/ Yoast SEO plugin. -->","yoast_head_json":{"title":"Transparence - Royal Glass","robots":{"index":"index","follow":"follow","max-snippet":"max-snippet:-1","max-image-preview":"max-image-preview:large","max-video-preview":"max-video-preview:-1"},"canonical":"https:\/\/royal-glass.com\/fr\/glossaire\/transparency-2\/","og_locale":"fr_FR","og_type":"article","og_title":"Transparence - Royal Glass","og_description":"La transparence fait r\u00e9f\u00e9rence \u00e0 la clart\u00e9 visuelle, particuli\u00e8rement appr\u00e9ci\u00e9e dans le cristal de qualit\u00e9. Un degr\u00e9 \u00e9lev\u00e9 de transparence permet d&#8217;appr\u00e9cier pleinement la couleur du vin, r\u00e9v\u00e9lant la profondeur et la luminosit\u00e9 du liquide. Chez Royal Glass, nous nous effor\u00e7ons de cr\u00e9er des verres qui offrent une transparence optimale, comme en t\u00e9moignent nos mod\u00e8les [...]","og_url":"https:\/\/royal-glass.com\/fr\/glossaire\/transparency-2\/","og_site_name":"Royal Glass","article_publisher":"https:\/\/www.facebook.com\/royalglassoffical\/","article_modified_time":"2025-02-12T12:32:23+00:00","twitter_card":"summary_large_image","twitter_misc":{"Dur\u00e9e de lecture estim\u00e9e":"1 minute"},"schema":{"@context":"https:\/\/schema.org","@graph":[{"@type":"WebPage","@id":"https:\/\/royal-glass.com\/fr\/glossaire\/transparency-2\/","url":"https:\/\/royal-glass.com\/fr\/glossaire\/transparency-2\/","name":"Transparence - Royal Glass","isPartOf":{"@id":"https:\/\/royal-glass.com\/fr\/#website"},"primaryImageOfPage":{"@id":"https:\/\/royal-glass.com\/fr\/glossaire\/transparency-2\/#primaryimage"},"image":{"@id":"https:\/\/royal-glass.com\/fr\/glossaire\/transparency-2\/#primaryimage"},"thumbnailUrl":"https:\/\/royal-glass.com\/wp-content\/uploads\/2025\/02\/letter-t-10.jpg","datePublished":"2025-02-08T15:44:34+00:00","dateModified":"2025-02-12T12:32:23+00:00","breadcrumb":{"@id":"https:\/\/royal-glass.com\/fr\/glossaire\/transparency-2\/#breadcrumb"},"inLanguage":"fr-FR","potentialAction":[{"@type":"ReadAction","target":["https:\/\/royal-glass.com\/fr\/glossaire\/transparency-2\/"]}]},{"@type":"ImageObject","inLanguage":"fr-FR","@id":"https:\/\/royal-glass.com\/fr\/glossaire\/transparency-2\/#primaryimage","url":"https:\/\/royal-glass.com\/wp-content\/uploads\/2025\/02\/letter-t-10.jpg","contentUrl":"https:\/\/royal-glass.com\/wp-content\/uploads\/2025\/02\/letter-t-10.jpg","width":600,"height":400},{"@type":"BreadcrumbList","@id":"https:\/\/royal-glass.com\/fr\/glossaire\/transparency-2\/#breadcrumb","itemListElement":[{"@type":"ListItem","position":1,"name":"Home","item":"https:\/\/royal-glass.com\/fr\/"},{"@type":"ListItem","position":2,"name":"Glossaire","item":"https:\/\/royal-glass.com\/fr\/glossaire\/"},{"@type":"ListItem","position":3,"name":"Transparence"}]},{"@type":"WebSite","@id":"https:\/\/royal-glass.com\/fr\/#website","url":"https:\/\/royal-glass.com\/fr\/","name":"Royal Glass","description":"The perfect wine glass","publisher":{"@id":"https:\/\/royal-glass.com\/fr\/#organization"},"potentialAction":[{"@type":"SearchAction","target":{"@type":"EntryPoint","urlTemplate":"https:\/\/royal-glass.com\/fr\/?s={search_term_string}"},"query-input":{"@type":"PropertyValueSpecification","valueRequired":true,"valueName":"search_term_string"}}],"inLanguage":"fr-FR"},{"@type":"Organization","@id":"https:\/\/royal-glass.com\/fr\/#organization","name":"Royal Glass","url":"https:\/\/royal-glass.com\/fr\/","logo":{"@type":"ImageObject","inLanguage":"fr-FR","@id":"https:\/\/royal-glass.com\/fr\/#\/schema\/logo\/image\/","url":"https:\/\/royal-glass.com\/wp-content\/uploads\/2023\/02\/logo-royal-glass.png","contentUrl":"https:\/\/royal-glass.com\/wp-content\/uploads\/2023\/02\/logo-royal-glass.png","width":2097,"height":382,"caption":"Royal Glass"},"image":{"@id":"https:\/\/royal-glass.com\/fr\/#\/schema\/logo\/image\/"},"sameAs":["https:\/\/www.facebook.com\/royalglassoffical\/","https:\/\/instagram.com\/royal_glass_official\/"]}]}},"_links":{"self":[{"href":"https:\/\/royal-glass.com\/fr\/wp-json\/wp\/v2\/pages\/5073","targetHints":{"allow":["GET"]}}],"collection":[{"href":"https:\/\/royal-glass.com\/fr\/wp-json\/wp\/v2\/pages"}],"about":[{"href":"https:\/\/royal-glass.com\/fr\/wp-json\/wp\/v2\/types\/page"}],"author":[{"embeddable":true,"href":"https:\/\/royal-glass.com\/fr\/wp-json\/wp\/v2\/users\/2"}],"replies":[{"embeddable":true,"href":"https:\/\/royal-glass.com\/fr\/wp-json\/wp\/v2\/comments?post=5073"}],"version-history":[{"count":0,"href":"https:\/\/royal-glass.com\/fr\/wp-json\/wp\/v2\/pages\/5073\/revisions"}],"up":[{"embeddable":true,"href":"https:\/\/royal-glass.com\/fr\/wp-json\/wp\/v2\/pages\/5113"}],"wp:featuredmedia":[{"embeddable":true,"href":"https:\/\/royal-glass.com\/fr\/wp-json\/wp\/v2\/media\/5620"}],"wp:attachment":[{"href":"https:\/\/royal-glass.com\/fr\/wp-json\/wp\/v2\/media?parent=5073"}],"curies":[{"name":"wp","href":"https:\/\/api.w.org\/{rel}","templated":true}]}}