{"id":5039,"date":"2025-02-08T16:44:29","date_gmt":"2025-02-08T15:44:29","guid":{"rendered":"https:\/\/royal-glass.com\/deep-engraving\/"},"modified":"2025-02-12T13:32:22","modified_gmt":"2025-02-12T12:32:22","slug":"deep-engraving","status":"publish","type":"page","link":"https:\/\/royal-glass.com\/fr\/glossaire\/deep-engraving\/","title":{"rendered":"Gravure profonde"},"content":{"rendered":"<p>La gravure en profondeur est une technique de gravure en relief avec une profondeur visible, cr\u00e9ant des motifs frappants et marqu\u00e9s. Cette m\u00e9thode n&#8217;ajoute pas seulement un aspect dimensionnel aux pi\u00e8ces, mais am\u00e9liore \u00e9galement l&#8217;interaction visuelle et tactile avec le verre. Chez Royal Glass, nous int\u00e9grons la gravure en profondeur dans certains de nos mod\u00e8les, tels que le &#8220;Polymaster&#8221; et l'&#8221;Ultima&#8221;, afin d&#8217;enrichir l&#8217;exp\u00e9rience de la d\u00e9gustation. Les verres grav\u00e9s en profondeur captivent l&#8217;\u0153il et rendent chaque gorg\u00e9e sp\u00e9ciale. En choisissant des verres dot\u00e9s de cette technique, vous investissez dans des pi\u00e8ces qui allient art et durabilit\u00e9, garantissant ainsi que chaque d\u00e9gustation s&#8217;accompagne d&#8217;une esth\u00e9tique m\u00e9morable.    <\/p>\n","protected":false},"excerpt":{"rendered":"<p>La gravure en profondeur est une technique de gravure en relief avec une profondeur visible, cr\u00e9ant des motifs frappants et marqu\u00e9s. Cette m\u00e9thode n&#8217;ajoute pas seulement un aspect dimensionnel aux pi\u00e8ces, mais am\u00e9liore \u00e9galement l&#8217;interaction visuelle et tactile avec le verre. Chez Royal Glass, nous int\u00e9grons la gravure en profondeur dans certains de nos mod\u00e8les, [&#8230;]\n","protected":false},"author":2,"featured_media":5522,"parent":5113,"menu_order":0,"comment_status":"closed","ping_status":"open","template":"page-right-sidebar.php","meta":{"_acf_changed":false,"footnotes":""},"class_list":["post-5039","page","type-page","status-publish","has-post-thumbnail","hentry"],"acf":[],"yoast_head":"<!-- This site is optimized with the Yoast SEO plugin v27.2 - https:\/\/yoast.com\/product\/yoast-seo-wordpress\/ -->\n<title>Gravure profonde - Royal Glass<\/title>\n<meta name=\"robots\" content=\"index, follow, max-snippet:-1, max-image-preview:large, max-video-preview:-1\" \/>\n<link rel=\"canonical\" href=\"https:\/\/royal-glass.com\/fr\/glossaire\/deep-engraving\/\" \/>\n<meta property=\"og:locale\" content=\"fr_FR\" \/>\n<meta property=\"og:type\" content=\"article\" \/>\n<meta property=\"og:title\" content=\"Gravure profonde - Royal Glass\" \/>\n<meta property=\"og:description\" content=\"La gravure en profondeur est une technique de gravure en relief avec une profondeur visible, cr\u00e9ant des motifs frappants et marqu\u00e9s. Cette m\u00e9thode n&#8217;ajoute pas seulement un aspect dimensionnel aux pi\u00e8ces, mais am\u00e9liore \u00e9galement l&#8217;interaction visuelle et tactile avec le verre. Chez Royal Glass, nous int\u00e9grons la gravure en profondeur dans certains de nos mod\u00e8les, [...]\" \/>\n<meta property=\"og:url\" content=\"https:\/\/royal-glass.com\/fr\/glossaire\/deep-engraving\/\" \/>\n<meta property=\"og:site_name\" content=\"Royal Glass\" \/>\n<meta property=\"article:publisher\" content=\"https:\/\/www.facebook.com\/royalglassoffical\/\" \/>\n<meta property=\"article:modified_time\" content=\"2025-02-12T12:32:22+00:00\" \/>\n<meta name=\"twitter:card\" content=\"summary_large_image\" \/>\n<meta name=\"twitter:label1\" content=\"Dur\u00e9e de lecture estim\u00e9e\" \/>\n\t<meta name=\"twitter:data1\" content=\"1 minute\" \/>\n<script type=\"application\/ld+json\" class=\"yoast-schema-graph\">{\"@context\":\"https:\/\/schema.org\",\"@graph\":[{\"@type\":\"WebPage\",\"@id\":\"https:\/\/royal-glass.com\/fr\/glossaire\/deep-engraving\/\",\"url\":\"https:\/\/royal-glass.com\/fr\/glossaire\/deep-engraving\/\",\"name\":\"Gravure profonde - Royal Glass\",\"isPartOf\":{\"@id\":\"https:\/\/royal-glass.com\/fr\/#website\"},\"primaryImageOfPage\":{\"@id\":\"https:\/\/royal-glass.com\/fr\/glossaire\/deep-engraving\/#primaryimage\"},\"image\":{\"@id\":\"https:\/\/royal-glass.com\/fr\/glossaire\/deep-engraving\/#primaryimage\"},\"thumbnailUrl\":\"https:\/\/royal-glass.com\/wp-content\/uploads\/2025\/02\/letter-g-8.jpg\",\"datePublished\":\"2025-02-08T15:44:29+00:00\",\"dateModified\":\"2025-02-12T12:32:22+00:00\",\"breadcrumb\":{\"@id\":\"https:\/\/royal-glass.com\/fr\/glossaire\/deep-engraving\/#breadcrumb\"},\"inLanguage\":\"fr-FR\",\"potentialAction\":[{\"@type\":\"ReadAction\",\"target\":[\"https:\/\/royal-glass.com\/fr\/glossaire\/deep-engraving\/\"]}]},{\"@type\":\"ImageObject\",\"inLanguage\":\"fr-FR\",\"@id\":\"https:\/\/royal-glass.com\/fr\/glossaire\/deep-engraving\/#primaryimage\",\"url\":\"https:\/\/royal-glass.com\/wp-content\/uploads\/2025\/02\/letter-g-8.jpg\",\"contentUrl\":\"https:\/\/royal-glass.com\/wp-content\/uploads\/2025\/02\/letter-g-8.jpg\",\"width\":600,\"height\":400},{\"@type\":\"BreadcrumbList\",\"@id\":\"https:\/\/royal-glass.com\/fr\/glossaire\/deep-engraving\/#breadcrumb\",\"itemListElement\":[{\"@type\":\"ListItem\",\"position\":1,\"name\":\"Home\",\"item\":\"https:\/\/royal-glass.com\/fr\/\"},{\"@type\":\"ListItem\",\"position\":2,\"name\":\"Glossaire\",\"item\":\"https:\/\/royal-glass.com\/fr\/glossaire\/\"},{\"@type\":\"ListItem\",\"position\":3,\"name\":\"Gravure profonde\"}]},{\"@type\":\"WebSite\",\"@id\":\"https:\/\/royal-glass.com\/fr\/#website\",\"url\":\"https:\/\/royal-glass.com\/fr\/\",\"name\":\"Royal Glass\",\"description\":\"The perfect wine glass\",\"publisher\":{\"@id\":\"https:\/\/royal-glass.com\/fr\/#organization\"},\"potentialAction\":[{\"@type\":\"SearchAction\",\"target\":{\"@type\":\"EntryPoint\",\"urlTemplate\":\"https:\/\/royal-glass.com\/fr\/?s={search_term_string}\"},\"query-input\":{\"@type\":\"PropertyValueSpecification\",\"valueRequired\":true,\"valueName\":\"search_term_string\"}}],\"inLanguage\":\"fr-FR\"},{\"@type\":\"Organization\",\"@id\":\"https:\/\/royal-glass.com\/fr\/#organization\",\"name\":\"Royal Glass\",\"url\":\"https:\/\/royal-glass.com\/fr\/\",\"logo\":{\"@type\":\"ImageObject\",\"inLanguage\":\"fr-FR\",\"@id\":\"https:\/\/royal-glass.com\/fr\/#\/schema\/logo\/image\/\",\"url\":\"https:\/\/royal-glass.com\/wp-content\/uploads\/2023\/02\/logo-royal-glass.png\",\"contentUrl\":\"https:\/\/royal-glass.com\/wp-content\/uploads\/2023\/02\/logo-royal-glass.png\",\"width\":2097,\"height\":382,\"caption\":\"Royal Glass\"},\"image\":{\"@id\":\"https:\/\/royal-glass.com\/fr\/#\/schema\/logo\/image\/\"},\"sameAs\":[\"https:\/\/www.facebook.com\/royalglassoffical\/\",\"https:\/\/instagram.com\/royal_glass_official\/\"]}]}<\/script>\n<!-- \/ Yoast SEO plugin. -->","yoast_head_json":{"title":"Gravure profonde - Royal Glass","robots":{"index":"index","follow":"follow","max-snippet":"max-snippet:-1","max-image-preview":"max-image-preview:large","max-video-preview":"max-video-preview:-1"},"canonical":"https:\/\/royal-glass.com\/fr\/glossaire\/deep-engraving\/","og_locale":"fr_FR","og_type":"article","og_title":"Gravure profonde - Royal Glass","og_description":"La gravure en profondeur est une technique de gravure en relief avec une profondeur visible, cr\u00e9ant des motifs frappants et marqu\u00e9s. Cette m\u00e9thode n&#8217;ajoute pas seulement un aspect dimensionnel aux pi\u00e8ces, mais am\u00e9liore \u00e9galement l&#8217;interaction visuelle et tactile avec le verre. Chez Royal Glass, nous int\u00e9grons la gravure en profondeur dans certains de nos mod\u00e8les, [...]","og_url":"https:\/\/royal-glass.com\/fr\/glossaire\/deep-engraving\/","og_site_name":"Royal Glass","article_publisher":"https:\/\/www.facebook.com\/royalglassoffical\/","article_modified_time":"2025-02-12T12:32:22+00:00","twitter_card":"summary_large_image","twitter_misc":{"Dur\u00e9e de lecture estim\u00e9e":"1 minute"},"schema":{"@context":"https:\/\/schema.org","@graph":[{"@type":"WebPage","@id":"https:\/\/royal-glass.com\/fr\/glossaire\/deep-engraving\/","url":"https:\/\/royal-glass.com\/fr\/glossaire\/deep-engraving\/","name":"Gravure profonde - Royal Glass","isPartOf":{"@id":"https:\/\/royal-glass.com\/fr\/#website"},"primaryImageOfPage":{"@id":"https:\/\/royal-glass.com\/fr\/glossaire\/deep-engraving\/#primaryimage"},"image":{"@id":"https:\/\/royal-glass.com\/fr\/glossaire\/deep-engraving\/#primaryimage"},"thumbnailUrl":"https:\/\/royal-glass.com\/wp-content\/uploads\/2025\/02\/letter-g-8.jpg","datePublished":"2025-02-08T15:44:29+00:00","dateModified":"2025-02-12T12:32:22+00:00","breadcrumb":{"@id":"https:\/\/royal-glass.com\/fr\/glossaire\/deep-engraving\/#breadcrumb"},"inLanguage":"fr-FR","potentialAction":[{"@type":"ReadAction","target":["https:\/\/royal-glass.com\/fr\/glossaire\/deep-engraving\/"]}]},{"@type":"ImageObject","inLanguage":"fr-FR","@id":"https:\/\/royal-glass.com\/fr\/glossaire\/deep-engraving\/#primaryimage","url":"https:\/\/royal-glass.com\/wp-content\/uploads\/2025\/02\/letter-g-8.jpg","contentUrl":"https:\/\/royal-glass.com\/wp-content\/uploads\/2025\/02\/letter-g-8.jpg","width":600,"height":400},{"@type":"BreadcrumbList","@id":"https:\/\/royal-glass.com\/fr\/glossaire\/deep-engraving\/#breadcrumb","itemListElement":[{"@type":"ListItem","position":1,"name":"Home","item":"https:\/\/royal-glass.com\/fr\/"},{"@type":"ListItem","position":2,"name":"Glossaire","item":"https:\/\/royal-glass.com\/fr\/glossaire\/"},{"@type":"ListItem","position":3,"name":"Gravure profonde"}]},{"@type":"WebSite","@id":"https:\/\/royal-glass.com\/fr\/#website","url":"https:\/\/royal-glass.com\/fr\/","name":"Royal Glass","description":"The perfect wine glass","publisher":{"@id":"https:\/\/royal-glass.com\/fr\/#organization"},"potentialAction":[{"@type":"SearchAction","target":{"@type":"EntryPoint","urlTemplate":"https:\/\/royal-glass.com\/fr\/?s={search_term_string}"},"query-input":{"@type":"PropertyValueSpecification","valueRequired":true,"valueName":"search_term_string"}}],"inLanguage":"fr-FR"},{"@type":"Organization","@id":"https:\/\/royal-glass.com\/fr\/#organization","name":"Royal Glass","url":"https:\/\/royal-glass.com\/fr\/","logo":{"@type":"ImageObject","inLanguage":"fr-FR","@id":"https:\/\/royal-glass.com\/fr\/#\/schema\/logo\/image\/","url":"https:\/\/royal-glass.com\/wp-content\/uploads\/2023\/02\/logo-royal-glass.png","contentUrl":"https:\/\/royal-glass.com\/wp-content\/uploads\/2023\/02\/logo-royal-glass.png","width":2097,"height":382,"caption":"Royal Glass"},"image":{"@id":"https:\/\/royal-glass.com\/fr\/#\/schema\/logo\/image\/"},"sameAs":["https:\/\/www.facebook.com\/royalglassoffical\/","https:\/\/instagram.com\/royal_glass_official\/"]}]}},"_links":{"self":[{"href":"https:\/\/royal-glass.com\/fr\/wp-json\/wp\/v2\/pages\/5039","targetHints":{"allow":["GET"]}}],"collection":[{"href":"https:\/\/royal-glass.com\/fr\/wp-json\/wp\/v2\/pages"}],"about":[{"href":"https:\/\/royal-glass.com\/fr\/wp-json\/wp\/v2\/types\/page"}],"author":[{"embeddable":true,"href":"https:\/\/royal-glass.com\/fr\/wp-json\/wp\/v2\/users\/2"}],"replies":[{"embeddable":true,"href":"https:\/\/royal-glass.com\/fr\/wp-json\/wp\/v2\/comments?post=5039"}],"version-history":[{"count":0,"href":"https:\/\/royal-glass.com\/fr\/wp-json\/wp\/v2\/pages\/5039\/revisions"}],"up":[{"embeddable":true,"href":"https:\/\/royal-glass.com\/fr\/wp-json\/wp\/v2\/pages\/5113"}],"wp:featuredmedia":[{"embeddable":true,"href":"https:\/\/royal-glass.com\/fr\/wp-json\/wp\/v2\/media\/5522"}],"wp:attachment":[{"href":"https:\/\/royal-glass.com\/fr\/wp-json\/wp\/v2\/media?parent=5039"}],"curies":[{"name":"wp","href":"https:\/\/api.w.org\/{rel}","templated":true}]}}