{"id":5032,"date":"2025-02-08T16:44:27","date_gmt":"2025-02-08T15:44:27","guid":{"rendered":"https:\/\/royal-glass.com\/brilliance\/"},"modified":"2025-02-18T13:20:57","modified_gmt":"2025-02-18T12:20:57","slug":"brilliance","status":"publish","type":"page","link":"https:\/\/royal-glass.com\/fr\/glossaire\/brilliance\/","title":{"rendered":"Brillance"},"content":{"rendered":"<p>La brillance d\u00e9signe l&#8217;\u00e9clat d&#8217;un verre, particuli\u00e8rement appr\u00e9ci\u00e9 dans les objets en cristal de haute qualit\u00e9. Synonyme de luxe et d&#8217;\u00e9l\u00e9gance, cette brillance attire le regard et met en valeur le vin qu&#8217;il contient. Chez Royal Glass, nous nous attachons \u00e0 concevoir des verres qui poss\u00e8dent une brillance exceptionnelle, notamment dans nos mod\u00e8les &#8220;Polymaster&#8221; et &#8220;Ultima&#8221;. Le choix de mat\u00e9riaux de premi\u00e8re qualit\u00e9 et de techniques de fabrication avanc\u00e9es cr\u00e9e une surface lisse et r\u00e9fl\u00e9chissante qui met en valeur chaque gorg\u00e9e. Un verre qui brille non seulement rehausse l&#8217;esth\u00e9tique de votre table mais aussi l&#8217;exp\u00e9rience de la d\u00e9gustation, transformant chaque moment en une c\u00e9l\u00e9bration du raffinement et de la qualit\u00e9.    <\/p>\n","protected":false},"excerpt":{"rendered":"<p>La brillance d\u00e9signe l&#8217;\u00e9clat d&#8217;un verre, particuli\u00e8rement appr\u00e9ci\u00e9 dans les objets en cristal de haute qualit\u00e9. Synonyme de luxe et d&#8217;\u00e9l\u00e9gance, cette brillance attire le regard et met en valeur le vin qu&#8217;il contient. Chez Royal Glass, nous nous attachons \u00e0 concevoir des verres qui poss\u00e8dent une brillance exceptionnelle, notamment dans nos mod\u00e8les &#8220;Polymaster&#8221; et [&#8230;]\n","protected":false},"author":2,"featured_media":5424,"parent":5113,"menu_order":0,"comment_status":"closed","ping_status":"open","template":"page-right-sidebar.php","meta":{"_acf_changed":false,"footnotes":""},"class_list":["post-5032","page","type-page","status-publish","has-post-thumbnail","hentry"],"acf":[],"yoast_head":"<!-- This site is optimized with the Yoast SEO plugin v27.3 - https:\/\/yoast.com\/product\/yoast-seo-wordpress\/ -->\n<title>Brillance - Royal Glass<\/title>\n<meta name=\"robots\" content=\"index, follow, max-snippet:-1, max-image-preview:large, max-video-preview:-1\" \/>\n<link rel=\"canonical\" href=\"https:\/\/royal-glass.com\/fr\/glossaire\/brilliance\/\" \/>\n<meta property=\"og:locale\" content=\"fr_FR\" \/>\n<meta property=\"og:type\" content=\"article\" \/>\n<meta property=\"og:title\" content=\"Brillance - Royal Glass\" \/>\n<meta property=\"og:description\" content=\"La brillance d\u00e9signe l&#8217;\u00e9clat d&#8217;un verre, particuli\u00e8rement appr\u00e9ci\u00e9 dans les objets en cristal de haute qualit\u00e9. Synonyme de luxe et d&#8217;\u00e9l\u00e9gance, cette brillance attire le regard et met en valeur le vin qu&#8217;il contient. Chez Royal Glass, nous nous attachons \u00e0 concevoir des verres qui poss\u00e8dent une brillance exceptionnelle, notamment dans nos mod\u00e8les &#8220;Polymaster&#8221; et [...]\" \/>\n<meta property=\"og:url\" content=\"https:\/\/royal-glass.com\/fr\/glossaire\/brilliance\/\" \/>\n<meta property=\"og:site_name\" content=\"Royal Glass\" \/>\n<meta property=\"article:publisher\" content=\"https:\/\/www.facebook.com\/royalglassoffical\/\" \/>\n<meta property=\"article:modified_time\" content=\"2025-02-18T12:20:57+00:00\" \/>\n<meta property=\"og:image\" content=\"https:\/\/royal-glass.com\/wp-content\/uploads\/2025\/02\/letter-b-10.jpg\" \/>\n\t<meta property=\"og:image:width\" content=\"600\" \/>\n\t<meta property=\"og:image:height\" content=\"400\" \/>\n\t<meta property=\"og:image:type\" content=\"image\/jpeg\" \/>\n<meta name=\"twitter:card\" content=\"summary_large_image\" \/>\n<meta name=\"twitter:label1\" content=\"Dur\u00e9e de lecture estim\u00e9e\" \/>\n\t<meta name=\"twitter:data1\" content=\"1 minute\" \/>\n<script type=\"application\/ld+json\" class=\"yoast-schema-graph\">{\"@context\":\"https:\\\/\\\/schema.org\",\"@graph\":[{\"@type\":\"WebPage\",\"@id\":\"https:\\\/\\\/royal-glass.com\\\/fr\\\/glossaire\\\/brilliance\\\/\",\"url\":\"https:\\\/\\\/royal-glass.com\\\/fr\\\/glossaire\\\/brilliance\\\/\",\"name\":\"Brillance - Royal Glass\",\"isPartOf\":{\"@id\":\"https:\\\/\\\/royal-glass.com\\\/fr\\\/#website\"},\"primaryImageOfPage\":{\"@id\":\"https:\\\/\\\/royal-glass.com\\\/fr\\\/glossaire\\\/brilliance\\\/#primaryimage\"},\"image\":{\"@id\":\"https:\\\/\\\/royal-glass.com\\\/fr\\\/glossaire\\\/brilliance\\\/#primaryimage\"},\"thumbnailUrl\":\"https:\\\/\\\/royal-glass.com\\\/wp-content\\\/uploads\\\/2025\\\/02\\\/letter-b-10.jpg\",\"datePublished\":\"2025-02-08T15:44:27+00:00\",\"dateModified\":\"2025-02-18T12:20:57+00:00\",\"breadcrumb\":{\"@id\":\"https:\\\/\\\/royal-glass.com\\\/fr\\\/glossaire\\\/brilliance\\\/#breadcrumb\"},\"inLanguage\":\"fr-FR\",\"potentialAction\":[{\"@type\":\"ReadAction\",\"target\":[\"https:\\\/\\\/royal-glass.com\\\/fr\\\/glossaire\\\/brilliance\\\/\"]}]},{\"@type\":\"ImageObject\",\"inLanguage\":\"fr-FR\",\"@id\":\"https:\\\/\\\/royal-glass.com\\\/fr\\\/glossaire\\\/brilliance\\\/#primaryimage\",\"url\":\"https:\\\/\\\/royal-glass.com\\\/wp-content\\\/uploads\\\/2025\\\/02\\\/letter-b-10.jpg\",\"contentUrl\":\"https:\\\/\\\/royal-glass.com\\\/wp-content\\\/uploads\\\/2025\\\/02\\\/letter-b-10.jpg\",\"width\":600,\"height\":400},{\"@type\":\"BreadcrumbList\",\"@id\":\"https:\\\/\\\/royal-glass.com\\\/fr\\\/glossaire\\\/brilliance\\\/#breadcrumb\",\"itemListElement\":[{\"@type\":\"ListItem\",\"position\":1,\"name\":\"Home\",\"item\":\"https:\\\/\\\/royal-glass.com\\\/fr\\\/\"},{\"@type\":\"ListItem\",\"position\":2,\"name\":\"Glossaire\",\"item\":\"https:\\\/\\\/royal-glass.com\\\/fr\\\/glossaire\\\/\"},{\"@type\":\"ListItem\",\"position\":3,\"name\":\"Brillance\"}]},{\"@type\":\"WebSite\",\"@id\":\"https:\\\/\\\/royal-glass.com\\\/fr\\\/#website\",\"url\":\"https:\\\/\\\/royal-glass.com\\\/fr\\\/\",\"name\":\"Royal Glass\",\"description\":\"The perfect wine glass\",\"publisher\":{\"@id\":\"https:\\\/\\\/royal-glass.com\\\/fr\\\/#organization\"},\"potentialAction\":[{\"@type\":\"SearchAction\",\"target\":{\"@type\":\"EntryPoint\",\"urlTemplate\":\"https:\\\/\\\/royal-glass.com\\\/fr\\\/?s={search_term_string}\"},\"query-input\":{\"@type\":\"PropertyValueSpecification\",\"valueRequired\":true,\"valueName\":\"search_term_string\"}}],\"inLanguage\":\"fr-FR\"},{\"@type\":\"Organization\",\"@id\":\"https:\\\/\\\/royal-glass.com\\\/fr\\\/#organization\",\"name\":\"Royal Glass\",\"url\":\"https:\\\/\\\/royal-glass.com\\\/fr\\\/\",\"logo\":{\"@type\":\"ImageObject\",\"inLanguage\":\"fr-FR\",\"@id\":\"https:\\\/\\\/royal-glass.com\\\/fr\\\/#\\\/schema\\\/logo\\\/image\\\/\",\"url\":\"https:\\\/\\\/royal-glass.com\\\/wp-content\\\/uploads\\\/2023\\\/02\\\/logo-royal-glass.png\",\"contentUrl\":\"https:\\\/\\\/royal-glass.com\\\/wp-content\\\/uploads\\\/2023\\\/02\\\/logo-royal-glass.png\",\"width\":2097,\"height\":382,\"caption\":\"Royal Glass\"},\"image\":{\"@id\":\"https:\\\/\\\/royal-glass.com\\\/fr\\\/#\\\/schema\\\/logo\\\/image\\\/\"},\"sameAs\":[\"https:\\\/\\\/www.facebook.com\\\/royalglassoffical\\\/\",\"https:\\\/\\\/instagram.com\\\/royal_glass_official\\\/\"]}]}<\/script>\n<!-- \/ Yoast SEO plugin. -->","yoast_head_json":{"title":"Brillance - Royal Glass","robots":{"index":"index","follow":"follow","max-snippet":"max-snippet:-1","max-image-preview":"max-image-preview:large","max-video-preview":"max-video-preview:-1"},"canonical":"https:\/\/royal-glass.com\/fr\/glossaire\/brilliance\/","og_locale":"fr_FR","og_type":"article","og_title":"Brillance - Royal Glass","og_description":"La brillance d\u00e9signe l&#8217;\u00e9clat d&#8217;un verre, particuli\u00e8rement appr\u00e9ci\u00e9 dans les objets en cristal de haute qualit\u00e9. Synonyme de luxe et d&#8217;\u00e9l\u00e9gance, cette brillance attire le regard et met en valeur le vin qu&#8217;il contient. Chez Royal Glass, nous nous attachons \u00e0 concevoir des verres qui poss\u00e8dent une brillance exceptionnelle, notamment dans nos mod\u00e8les &#8220;Polymaster&#8221; et [...]","og_url":"https:\/\/royal-glass.com\/fr\/glossaire\/brilliance\/","og_site_name":"Royal Glass","article_publisher":"https:\/\/www.facebook.com\/royalglassoffical\/","article_modified_time":"2025-02-18T12:20:57+00:00","og_image":[{"width":600,"height":400,"url":"https:\/\/royal-glass.com\/wp-content\/uploads\/2025\/02\/letter-b-10.jpg","type":"image\/jpeg"}],"twitter_card":"summary_large_image","twitter_misc":{"Dur\u00e9e de lecture estim\u00e9e":"1 minute"},"schema":{"@context":"https:\/\/schema.org","@graph":[{"@type":"WebPage","@id":"https:\/\/royal-glass.com\/fr\/glossaire\/brilliance\/","url":"https:\/\/royal-glass.com\/fr\/glossaire\/brilliance\/","name":"Brillance - Royal Glass","isPartOf":{"@id":"https:\/\/royal-glass.com\/fr\/#website"},"primaryImageOfPage":{"@id":"https:\/\/royal-glass.com\/fr\/glossaire\/brilliance\/#primaryimage"},"image":{"@id":"https:\/\/royal-glass.com\/fr\/glossaire\/brilliance\/#primaryimage"},"thumbnailUrl":"https:\/\/royal-glass.com\/wp-content\/uploads\/2025\/02\/letter-b-10.jpg","datePublished":"2025-02-08T15:44:27+00:00","dateModified":"2025-02-18T12:20:57+00:00","breadcrumb":{"@id":"https:\/\/royal-glass.com\/fr\/glossaire\/brilliance\/#breadcrumb"},"inLanguage":"fr-FR","potentialAction":[{"@type":"ReadAction","target":["https:\/\/royal-glass.com\/fr\/glossaire\/brilliance\/"]}]},{"@type":"ImageObject","inLanguage":"fr-FR","@id":"https:\/\/royal-glass.com\/fr\/glossaire\/brilliance\/#primaryimage","url":"https:\/\/royal-glass.com\/wp-content\/uploads\/2025\/02\/letter-b-10.jpg","contentUrl":"https:\/\/royal-glass.com\/wp-content\/uploads\/2025\/02\/letter-b-10.jpg","width":600,"height":400},{"@type":"BreadcrumbList","@id":"https:\/\/royal-glass.com\/fr\/glossaire\/brilliance\/#breadcrumb","itemListElement":[{"@type":"ListItem","position":1,"name":"Home","item":"https:\/\/royal-glass.com\/fr\/"},{"@type":"ListItem","position":2,"name":"Glossaire","item":"https:\/\/royal-glass.com\/fr\/glossaire\/"},{"@type":"ListItem","position":3,"name":"Brillance"}]},{"@type":"WebSite","@id":"https:\/\/royal-glass.com\/fr\/#website","url":"https:\/\/royal-glass.com\/fr\/","name":"Royal Glass","description":"The perfect wine glass","publisher":{"@id":"https:\/\/royal-glass.com\/fr\/#organization"},"potentialAction":[{"@type":"SearchAction","target":{"@type":"EntryPoint","urlTemplate":"https:\/\/royal-glass.com\/fr\/?s={search_term_string}"},"query-input":{"@type":"PropertyValueSpecification","valueRequired":true,"valueName":"search_term_string"}}],"inLanguage":"fr-FR"},{"@type":"Organization","@id":"https:\/\/royal-glass.com\/fr\/#organization","name":"Royal Glass","url":"https:\/\/royal-glass.com\/fr\/","logo":{"@type":"ImageObject","inLanguage":"fr-FR","@id":"https:\/\/royal-glass.com\/fr\/#\/schema\/logo\/image\/","url":"https:\/\/royal-glass.com\/wp-content\/uploads\/2023\/02\/logo-royal-glass.png","contentUrl":"https:\/\/royal-glass.com\/wp-content\/uploads\/2023\/02\/logo-royal-glass.png","width":2097,"height":382,"caption":"Royal Glass"},"image":{"@id":"https:\/\/royal-glass.com\/fr\/#\/schema\/logo\/image\/"},"sameAs":["https:\/\/www.facebook.com\/royalglassoffical\/","https:\/\/instagram.com\/royal_glass_official\/"]}]}},"_links":{"self":[{"href":"https:\/\/royal-glass.com\/fr\/wp-json\/wp\/v2\/pages\/5032","targetHints":{"allow":["GET"]}}],"collection":[{"href":"https:\/\/royal-glass.com\/fr\/wp-json\/wp\/v2\/pages"}],"about":[{"href":"https:\/\/royal-glass.com\/fr\/wp-json\/wp\/v2\/types\/page"}],"author":[{"embeddable":true,"href":"https:\/\/royal-glass.com\/fr\/wp-json\/wp\/v2\/users\/2"}],"replies":[{"embeddable":true,"href":"https:\/\/royal-glass.com\/fr\/wp-json\/wp\/v2\/comments?post=5032"}],"version-history":[{"count":0,"href":"https:\/\/royal-glass.com\/fr\/wp-json\/wp\/v2\/pages\/5032\/revisions"}],"up":[{"embeddable":true,"href":"https:\/\/royal-glass.com\/fr\/wp-json\/wp\/v2\/pages\/5113"}],"wp:featuredmedia":[{"embeddable":true,"href":"https:\/\/royal-glass.com\/fr\/wp-json\/wp\/v2\/media\/5424"}],"wp:attachment":[{"href":"https:\/\/royal-glass.com\/fr\/wp-json\/wp\/v2\/media?parent=5032"}],"curies":[{"name":"wp","href":"https:\/\/api.w.org\/{rel}","templated":true}]}}