{"id":5024,"date":"2025-02-08T16:44:27","date_gmt":"2025-02-08T15:44:27","guid":{"rendered":"https:\/\/royal-glass.com\/filigree\/"},"modified":"2025-02-12T13:32:21","modified_gmt":"2025-02-12T12:32:21","slug":"filigree","status":"publish","type":"page","link":"https:\/\/royal-glass.com\/fr\/glossaire\/filigree\/","title":{"rendered":"Filigrane"},"content":{"rendered":"<p>Le filigrane est une technique d\u00e9corative qui consiste \u00e0 incruster ou \u00e0 peindre de d\u00e9licats motifs sur la surface d&#8217;un verre. Cette m\u00e9thode artisanale ajoute une touche de raffinement et d&#8217;\u00e9l\u00e9gance, transformant chaque pi\u00e8ce en un v\u00e9ritable chef-d&#8217;\u0153uvre. Chez Royal Glass, nous aspirons \u00e0 incorporer des \u00e9l\u00e9ments filigranes dans certaines de nos cr\u00e9ations, notamment le &#8220;Polymaster&#8221; et l'&#8221;Ultima&#8221;, afin d&#8217;offrir une exp\u00e9rience visuelle et tactile unique. Les verres orn\u00e9s de filigranes cr\u00e9ent une interaction subtile avec la lumi\u00e8re, ajoutant un chatoiement captivant \u00e0 chaque gorg\u00e9e. En choisissant des verres filigran\u00e9s, vous agr\u00e9mentez votre table de pi\u00e8ces artistiques et raffin\u00e9es qui mettent en valeur votre collection de vins.    <\/p>\n","protected":false},"excerpt":{"rendered":"<p>Le filigrane est une technique d\u00e9corative qui consiste \u00e0 incruster ou \u00e0 peindre de d\u00e9licats motifs sur la surface d&#8217;un verre. Cette m\u00e9thode artisanale ajoute une touche de raffinement et d&#8217;\u00e9l\u00e9gance, transformant chaque pi\u00e8ce en un v\u00e9ritable chef-d&#8217;\u0153uvre. Chez Royal Glass, nous aspirons \u00e0 incorporer des \u00e9l\u00e9ments filigranes dans certaines de nos cr\u00e9ations, notamment le [&#8230;]\n","protected":false},"author":2,"featured_media":5494,"parent":5113,"menu_order":0,"comment_status":"closed","ping_status":"open","template":"page-right-sidebar.php","meta":{"_acf_changed":false,"footnotes":""},"class_list":["post-5024","page","type-page","status-publish","has-post-thumbnail","hentry"],"acf":[],"yoast_head":"<!-- This site is optimized with the Yoast SEO plugin v27.4 - https:\/\/yoast.com\/product\/yoast-seo-wordpress\/ -->\n<title>Filigrane - Royal Glass<\/title>\n<meta name=\"robots\" content=\"index, follow, max-snippet:-1, max-image-preview:large, max-video-preview:-1\" \/>\n<link rel=\"canonical\" href=\"https:\/\/royal-glass.com\/fr\/glossaire\/filigree\/\" \/>\n<meta property=\"og:locale\" content=\"fr_FR\" \/>\n<meta property=\"og:type\" content=\"article\" \/>\n<meta property=\"og:title\" content=\"Filigrane - Royal Glass\" \/>\n<meta property=\"og:description\" content=\"Le filigrane est une technique d\u00e9corative qui consiste \u00e0 incruster ou \u00e0 peindre de d\u00e9licats motifs sur la surface d&#8217;un verre. Cette m\u00e9thode artisanale ajoute une touche de raffinement et d&#8217;\u00e9l\u00e9gance, transformant chaque pi\u00e8ce en un v\u00e9ritable chef-d&#8217;\u0153uvre. Chez Royal Glass, nous aspirons \u00e0 incorporer des \u00e9l\u00e9ments filigranes dans certaines de nos cr\u00e9ations, notamment le [...]\" \/>\n<meta property=\"og:url\" content=\"https:\/\/royal-glass.com\/fr\/glossaire\/filigree\/\" \/>\n<meta property=\"og:site_name\" content=\"Royal Glass\" \/>\n<meta property=\"article:publisher\" content=\"https:\/\/www.facebook.com\/royalglassoffical\/\" \/>\n<meta property=\"article:modified_time\" content=\"2025-02-12T12:32:21+00:00\" \/>\n<meta name=\"twitter:card\" content=\"summary_large_image\" \/>\n<meta name=\"twitter:label1\" content=\"Dur\u00e9e de lecture estim\u00e9e\" \/>\n\t<meta name=\"twitter:data1\" content=\"1 minute\" \/>\n<script type=\"application\/ld+json\" class=\"yoast-schema-graph\">{\"@context\":\"https:\\\/\\\/schema.org\",\"@graph\":[{\"@type\":\"WebPage\",\"@id\":\"https:\\\/\\\/royal-glass.com\\\/fr\\\/glossaire\\\/filigree\\\/\",\"url\":\"https:\\\/\\\/royal-glass.com\\\/fr\\\/glossaire\\\/filigree\\\/\",\"name\":\"Filigrane - Royal Glass\",\"isPartOf\":{\"@id\":\"https:\\\/\\\/royal-glass.com\\\/fr\\\/#website\"},\"primaryImageOfPage\":{\"@id\":\"https:\\\/\\\/royal-glass.com\\\/fr\\\/glossaire\\\/filigree\\\/#primaryimage\"},\"image\":{\"@id\":\"https:\\\/\\\/royal-glass.com\\\/fr\\\/glossaire\\\/filigree\\\/#primaryimage\"},\"thumbnailUrl\":\"https:\\\/\\\/royal-glass.com\\\/wp-content\\\/uploads\\\/2025\\\/02\\\/letter-f-14.jpg\",\"datePublished\":\"2025-02-08T15:44:27+00:00\",\"dateModified\":\"2025-02-12T12:32:21+00:00\",\"breadcrumb\":{\"@id\":\"https:\\\/\\\/royal-glass.com\\\/fr\\\/glossaire\\\/filigree\\\/#breadcrumb\"},\"inLanguage\":\"fr-FR\",\"potentialAction\":[{\"@type\":\"ReadAction\",\"target\":[\"https:\\\/\\\/royal-glass.com\\\/fr\\\/glossaire\\\/filigree\\\/\"]}]},{\"@type\":\"ImageObject\",\"inLanguage\":\"fr-FR\",\"@id\":\"https:\\\/\\\/royal-glass.com\\\/fr\\\/glossaire\\\/filigree\\\/#primaryimage\",\"url\":\"https:\\\/\\\/royal-glass.com\\\/wp-content\\\/uploads\\\/2025\\\/02\\\/letter-f-14.jpg\",\"contentUrl\":\"https:\\\/\\\/royal-glass.com\\\/wp-content\\\/uploads\\\/2025\\\/02\\\/letter-f-14.jpg\",\"width\":600,\"height\":400},{\"@type\":\"BreadcrumbList\",\"@id\":\"https:\\\/\\\/royal-glass.com\\\/fr\\\/glossaire\\\/filigree\\\/#breadcrumb\",\"itemListElement\":[{\"@type\":\"ListItem\",\"position\":1,\"name\":\"Home\",\"item\":\"https:\\\/\\\/royal-glass.com\\\/fr\\\/\"},{\"@type\":\"ListItem\",\"position\":2,\"name\":\"Glossaire\",\"item\":\"https:\\\/\\\/royal-glass.com\\\/fr\\\/glossaire\\\/\"},{\"@type\":\"ListItem\",\"position\":3,\"name\":\"Filigrane\"}]},{\"@type\":\"WebSite\",\"@id\":\"https:\\\/\\\/royal-glass.com\\\/fr\\\/#website\",\"url\":\"https:\\\/\\\/royal-glass.com\\\/fr\\\/\",\"name\":\"Royal Glass\",\"description\":\"The perfect wine glass\",\"publisher\":{\"@id\":\"https:\\\/\\\/royal-glass.com\\\/fr\\\/#organization\"},\"potentialAction\":[{\"@type\":\"SearchAction\",\"target\":{\"@type\":\"EntryPoint\",\"urlTemplate\":\"https:\\\/\\\/royal-glass.com\\\/fr\\\/?s={search_term_string}\"},\"query-input\":{\"@type\":\"PropertyValueSpecification\",\"valueRequired\":true,\"valueName\":\"search_term_string\"}}],\"inLanguage\":\"fr-FR\"},{\"@type\":\"Organization\",\"@id\":\"https:\\\/\\\/royal-glass.com\\\/fr\\\/#organization\",\"name\":\"Royal Glass\",\"url\":\"https:\\\/\\\/royal-glass.com\\\/fr\\\/\",\"logo\":{\"@type\":\"ImageObject\",\"inLanguage\":\"fr-FR\",\"@id\":\"https:\\\/\\\/royal-glass.com\\\/fr\\\/#\\\/schema\\\/logo\\\/image\\\/\",\"url\":\"https:\\\/\\\/royal-glass.com\\\/wp-content\\\/uploads\\\/2023\\\/02\\\/logo-royal-glass.png\",\"contentUrl\":\"https:\\\/\\\/royal-glass.com\\\/wp-content\\\/uploads\\\/2023\\\/02\\\/logo-royal-glass.png\",\"width\":2097,\"height\":382,\"caption\":\"Royal Glass\"},\"image\":{\"@id\":\"https:\\\/\\\/royal-glass.com\\\/fr\\\/#\\\/schema\\\/logo\\\/image\\\/\"},\"sameAs\":[\"https:\\\/\\\/www.facebook.com\\\/royalglassoffical\\\/\",\"https:\\\/\\\/instagram.com\\\/royal_glass_official\\\/\"]}]}<\/script>\n<!-- \/ Yoast SEO plugin. -->","yoast_head_json":{"title":"Filigrane - Royal Glass","robots":{"index":"index","follow":"follow","max-snippet":"max-snippet:-1","max-image-preview":"max-image-preview:large","max-video-preview":"max-video-preview:-1"},"canonical":"https:\/\/royal-glass.com\/fr\/glossaire\/filigree\/","og_locale":"fr_FR","og_type":"article","og_title":"Filigrane - Royal Glass","og_description":"Le filigrane est une technique d\u00e9corative qui consiste \u00e0 incruster ou \u00e0 peindre de d\u00e9licats motifs sur la surface d&#8217;un verre. Cette m\u00e9thode artisanale ajoute une touche de raffinement et d&#8217;\u00e9l\u00e9gance, transformant chaque pi\u00e8ce en un v\u00e9ritable chef-d&#8217;\u0153uvre. Chez Royal Glass, nous aspirons \u00e0 incorporer des \u00e9l\u00e9ments filigranes dans certaines de nos cr\u00e9ations, notamment le [...]","og_url":"https:\/\/royal-glass.com\/fr\/glossaire\/filigree\/","og_site_name":"Royal Glass","article_publisher":"https:\/\/www.facebook.com\/royalglassoffical\/","article_modified_time":"2025-02-12T12:32:21+00:00","twitter_card":"summary_large_image","twitter_misc":{"Dur\u00e9e de lecture estim\u00e9e":"1 minute"},"schema":{"@context":"https:\/\/schema.org","@graph":[{"@type":"WebPage","@id":"https:\/\/royal-glass.com\/fr\/glossaire\/filigree\/","url":"https:\/\/royal-glass.com\/fr\/glossaire\/filigree\/","name":"Filigrane - Royal Glass","isPartOf":{"@id":"https:\/\/royal-glass.com\/fr\/#website"},"primaryImageOfPage":{"@id":"https:\/\/royal-glass.com\/fr\/glossaire\/filigree\/#primaryimage"},"image":{"@id":"https:\/\/royal-glass.com\/fr\/glossaire\/filigree\/#primaryimage"},"thumbnailUrl":"https:\/\/royal-glass.com\/wp-content\/uploads\/2025\/02\/letter-f-14.jpg","datePublished":"2025-02-08T15:44:27+00:00","dateModified":"2025-02-12T12:32:21+00:00","breadcrumb":{"@id":"https:\/\/royal-glass.com\/fr\/glossaire\/filigree\/#breadcrumb"},"inLanguage":"fr-FR","potentialAction":[{"@type":"ReadAction","target":["https:\/\/royal-glass.com\/fr\/glossaire\/filigree\/"]}]},{"@type":"ImageObject","inLanguage":"fr-FR","@id":"https:\/\/royal-glass.com\/fr\/glossaire\/filigree\/#primaryimage","url":"https:\/\/royal-glass.com\/wp-content\/uploads\/2025\/02\/letter-f-14.jpg","contentUrl":"https:\/\/royal-glass.com\/wp-content\/uploads\/2025\/02\/letter-f-14.jpg","width":600,"height":400},{"@type":"BreadcrumbList","@id":"https:\/\/royal-glass.com\/fr\/glossaire\/filigree\/#breadcrumb","itemListElement":[{"@type":"ListItem","position":1,"name":"Home","item":"https:\/\/royal-glass.com\/fr\/"},{"@type":"ListItem","position":2,"name":"Glossaire","item":"https:\/\/royal-glass.com\/fr\/glossaire\/"},{"@type":"ListItem","position":3,"name":"Filigrane"}]},{"@type":"WebSite","@id":"https:\/\/royal-glass.com\/fr\/#website","url":"https:\/\/royal-glass.com\/fr\/","name":"Royal Glass","description":"The perfect wine glass","publisher":{"@id":"https:\/\/royal-glass.com\/fr\/#organization"},"potentialAction":[{"@type":"SearchAction","target":{"@type":"EntryPoint","urlTemplate":"https:\/\/royal-glass.com\/fr\/?s={search_term_string}"},"query-input":{"@type":"PropertyValueSpecification","valueRequired":true,"valueName":"search_term_string"}}],"inLanguage":"fr-FR"},{"@type":"Organization","@id":"https:\/\/royal-glass.com\/fr\/#organization","name":"Royal Glass","url":"https:\/\/royal-glass.com\/fr\/","logo":{"@type":"ImageObject","inLanguage":"fr-FR","@id":"https:\/\/royal-glass.com\/fr\/#\/schema\/logo\/image\/","url":"https:\/\/royal-glass.com\/wp-content\/uploads\/2023\/02\/logo-royal-glass.png","contentUrl":"https:\/\/royal-glass.com\/wp-content\/uploads\/2023\/02\/logo-royal-glass.png","width":2097,"height":382,"caption":"Royal Glass"},"image":{"@id":"https:\/\/royal-glass.com\/fr\/#\/schema\/logo\/image\/"},"sameAs":["https:\/\/www.facebook.com\/royalglassoffical\/","https:\/\/instagram.com\/royal_glass_official\/"]}]}},"_links":{"self":[{"href":"https:\/\/royal-glass.com\/fr\/wp-json\/wp\/v2\/pages\/5024","targetHints":{"allow":["GET"]}}],"collection":[{"href":"https:\/\/royal-glass.com\/fr\/wp-json\/wp\/v2\/pages"}],"about":[{"href":"https:\/\/royal-glass.com\/fr\/wp-json\/wp\/v2\/types\/page"}],"author":[{"embeddable":true,"href":"https:\/\/royal-glass.com\/fr\/wp-json\/wp\/v2\/users\/2"}],"replies":[{"embeddable":true,"href":"https:\/\/royal-glass.com\/fr\/wp-json\/wp\/v2\/comments?post=5024"}],"version-history":[{"count":0,"href":"https:\/\/royal-glass.com\/fr\/wp-json\/wp\/v2\/pages\/5024\/revisions"}],"up":[{"embeddable":true,"href":"https:\/\/royal-glass.com\/fr\/wp-json\/wp\/v2\/pages\/5113"}],"wp:featuredmedia":[{"embeddable":true,"href":"https:\/\/royal-glass.com\/fr\/wp-json\/wp\/v2\/media\/5494"}],"wp:attachment":[{"href":"https:\/\/royal-glass.com\/fr\/wp-json\/wp\/v2\/media?parent=5024"}],"curies":[{"name":"wp","href":"https:\/\/api.w.org\/{rel}","templated":true}]}}