{"id":5010,"date":"2025-02-08T16:44:25","date_gmt":"2025-02-08T15:44:25","guid":{"rendered":"https:\/\/royal-glass.com\/crystal-clarity\/"},"modified":"2025-02-18T13:20:54","modified_gmt":"2025-02-18T12:20:54","slug":"clarte-cristal","status":"publish","type":"page","link":"https:\/\/royal-glass.com\/fr\/glossaire\/clarte-cristal\/","title":{"rendered":"Clart\u00e9 du cristal"},"content":{"rendered":"<p>La clart\u00e9 du cristal d\u00e9signe le niveau maximal de puret\u00e9, exempt de d\u00e9fauts visuels, qui est essentiel pour une appr\u00e9ciation optimale du vin. Un cristal d&#8217;une clart\u00e9 irr\u00e9prochable permet aux d\u00e9gustateurs d&#8217;observer chaque nuance de couleur, ainsi que la brillance et la texture du vin qu&#8217;ils savourent. Chez Royal Glass, nous nous engageons \u00e0 utiliser les mat\u00e9riaux de la plus haute qualit\u00e9 pour garantir la clart\u00e9 du cristal dans nos verres, tels que le &#8220;Polymaster&#8221; et l'&#8221;Ultima&#8221;. Cette puret\u00e9 exceptionnelle fait de chaque gorg\u00e9e une exp\u00e9rience visuellement enrichissante, r\u00e9v\u00e9lant les caract\u00e9ristiques uniques de chaque vin. En investissant dans des verres d&#8217;une telle clart\u00e9, vous vous assurez que chaque d\u00e9gustation est non seulement un d\u00e9lice pour le palais, mais aussi un r\u00e9gal pour les yeux.    <\/p>\n","protected":false},"excerpt":{"rendered":"<p>La clart\u00e9 du cristal d\u00e9signe le niveau maximal de puret\u00e9, exempt de d\u00e9fauts visuels, qui est essentiel pour une appr\u00e9ciation optimale du vin. Un cristal d&#8217;une clart\u00e9 irr\u00e9prochable permet aux d\u00e9gustateurs d&#8217;observer chaque nuance de couleur, ainsi que la brillance et la texture du vin qu&#8217;ils savourent. Chez Royal Glass, nous nous engageons \u00e0 utiliser [&#8230;]\n","protected":false},"author":2,"featured_media":5420,"parent":5113,"menu_order":0,"comment_status":"closed","ping_status":"open","template":"page-right-sidebar.php","meta":{"_acf_changed":false,"footnotes":""},"class_list":["post-5010","page","type-page","status-publish","has-post-thumbnail","hentry"],"acf":[],"yoast_head":"<!-- This site is optimized with the Yoast SEO plugin v27.5 - https:\/\/yoast.com\/product\/yoast-seo-wordpress\/ -->\n<title>Clart\u00e9 du cristal - Royal Glass<\/title>\n<meta name=\"robots\" content=\"index, follow, max-snippet:-1, max-image-preview:large, max-video-preview:-1\" \/>\n<link rel=\"canonical\" href=\"https:\/\/royal-glass.com\/fr\/glossaire\/clarte-cristal\/\" \/>\n<meta property=\"og:locale\" content=\"fr_FR\" \/>\n<meta property=\"og:type\" content=\"article\" \/>\n<meta property=\"og:title\" content=\"Clart\u00e9 du cristal - Royal Glass\" \/>\n<meta property=\"og:description\" content=\"La clart\u00e9 du cristal d\u00e9signe le niveau maximal de puret\u00e9, exempt de d\u00e9fauts visuels, qui est essentiel pour une appr\u00e9ciation optimale du vin. Un cristal d&#8217;une clart\u00e9 irr\u00e9prochable permet aux d\u00e9gustateurs d&#8217;observer chaque nuance de couleur, ainsi que la brillance et la texture du vin qu&#8217;ils savourent. Chez Royal Glass, nous nous engageons \u00e0 utiliser [...]\" \/>\n<meta property=\"og:url\" content=\"https:\/\/royal-glass.com\/fr\/glossaire\/clarte-cristal\/\" \/>\n<meta property=\"og:site_name\" content=\"Royal Glass\" \/>\n<meta property=\"article:publisher\" content=\"https:\/\/www.facebook.com\/royalglassoffical\/\" \/>\n<meta property=\"article:modified_time\" content=\"2025-02-18T12:20:54+00:00\" \/>\n<meta property=\"og:image\" content=\"https:\/\/royal-glass.com\/wp-content\/uploads\/2025\/02\/letter-c-18.jpg\" \/>\n\t<meta property=\"og:image:width\" content=\"600\" \/>\n\t<meta property=\"og:image:height\" content=\"400\" \/>\n\t<meta property=\"og:image:type\" content=\"image\/jpeg\" \/>\n<meta name=\"twitter:card\" content=\"summary_large_image\" \/>\n<meta name=\"twitter:label1\" content=\"Dur\u00e9e de lecture estim\u00e9e\" \/>\n\t<meta name=\"twitter:data1\" content=\"1 minute\" \/>\n<script type=\"application\/ld+json\" class=\"yoast-schema-graph\">{\"@context\":\"https:\\\/\\\/schema.org\",\"@graph\":[{\"@type\":\"WebPage\",\"@id\":\"https:\\\/\\\/royal-glass.com\\\/fr\\\/glossaire\\\/clarte-cristal\\\/\",\"url\":\"https:\\\/\\\/royal-glass.com\\\/fr\\\/glossaire\\\/clarte-cristal\\\/\",\"name\":\"Clart\u00e9 du cristal - Royal Glass\",\"isPartOf\":{\"@id\":\"https:\\\/\\\/royal-glass.com\\\/fr\\\/#website\"},\"primaryImageOfPage\":{\"@id\":\"https:\\\/\\\/royal-glass.com\\\/fr\\\/glossaire\\\/clarte-cristal\\\/#primaryimage\"},\"image\":{\"@id\":\"https:\\\/\\\/royal-glass.com\\\/fr\\\/glossaire\\\/clarte-cristal\\\/#primaryimage\"},\"thumbnailUrl\":\"https:\\\/\\\/royal-glass.com\\\/wp-content\\\/uploads\\\/2025\\\/02\\\/letter-c-18.jpg\",\"datePublished\":\"2025-02-08T15:44:25+00:00\",\"dateModified\":\"2025-02-18T12:20:54+00:00\",\"breadcrumb\":{\"@id\":\"https:\\\/\\\/royal-glass.com\\\/fr\\\/glossaire\\\/clarte-cristal\\\/#breadcrumb\"},\"inLanguage\":\"fr-FR\",\"potentialAction\":[{\"@type\":\"ReadAction\",\"target\":[\"https:\\\/\\\/royal-glass.com\\\/fr\\\/glossaire\\\/clarte-cristal\\\/\"]}]},{\"@type\":\"ImageObject\",\"inLanguage\":\"fr-FR\",\"@id\":\"https:\\\/\\\/royal-glass.com\\\/fr\\\/glossaire\\\/clarte-cristal\\\/#primaryimage\",\"url\":\"https:\\\/\\\/royal-glass.com\\\/wp-content\\\/uploads\\\/2025\\\/02\\\/letter-c-18.jpg\",\"contentUrl\":\"https:\\\/\\\/royal-glass.com\\\/wp-content\\\/uploads\\\/2025\\\/02\\\/letter-c-18.jpg\",\"width\":600,\"height\":400},{\"@type\":\"BreadcrumbList\",\"@id\":\"https:\\\/\\\/royal-glass.com\\\/fr\\\/glossaire\\\/clarte-cristal\\\/#breadcrumb\",\"itemListElement\":[{\"@type\":\"ListItem\",\"position\":1,\"name\":\"Home\",\"item\":\"https:\\\/\\\/royal-glass.com\\\/fr\\\/\"},{\"@type\":\"ListItem\",\"position\":2,\"name\":\"Glossaire\",\"item\":\"https:\\\/\\\/royal-glass.com\\\/fr\\\/glossaire\\\/\"},{\"@type\":\"ListItem\",\"position\":3,\"name\":\"Clart\u00e9 du cristal\"}]},{\"@type\":\"WebSite\",\"@id\":\"https:\\\/\\\/royal-glass.com\\\/fr\\\/#website\",\"url\":\"https:\\\/\\\/royal-glass.com\\\/fr\\\/\",\"name\":\"Royal Glass\",\"description\":\"The perfect wine glass\",\"publisher\":{\"@id\":\"https:\\\/\\\/royal-glass.com\\\/fr\\\/#organization\"},\"potentialAction\":[{\"@type\":\"SearchAction\",\"target\":{\"@type\":\"EntryPoint\",\"urlTemplate\":\"https:\\\/\\\/royal-glass.com\\\/fr\\\/?s={search_term_string}\"},\"query-input\":{\"@type\":\"PropertyValueSpecification\",\"valueRequired\":true,\"valueName\":\"search_term_string\"}}],\"inLanguage\":\"fr-FR\"},{\"@type\":\"Organization\",\"@id\":\"https:\\\/\\\/royal-glass.com\\\/fr\\\/#organization\",\"name\":\"Royal Glass\",\"url\":\"https:\\\/\\\/royal-glass.com\\\/fr\\\/\",\"logo\":{\"@type\":\"ImageObject\",\"inLanguage\":\"fr-FR\",\"@id\":\"https:\\\/\\\/royal-glass.com\\\/fr\\\/#\\\/schema\\\/logo\\\/image\\\/\",\"url\":\"https:\\\/\\\/royal-glass.com\\\/wp-content\\\/uploads\\\/2023\\\/02\\\/logo-royal-glass.png\",\"contentUrl\":\"https:\\\/\\\/royal-glass.com\\\/wp-content\\\/uploads\\\/2023\\\/02\\\/logo-royal-glass.png\",\"width\":2097,\"height\":382,\"caption\":\"Royal Glass\"},\"image\":{\"@id\":\"https:\\\/\\\/royal-glass.com\\\/fr\\\/#\\\/schema\\\/logo\\\/image\\\/\"},\"sameAs\":[\"https:\\\/\\\/www.facebook.com\\\/royalglassoffical\\\/\",\"https:\\\/\\\/instagram.com\\\/royal_glass_official\\\/\"]}]}<\/script>\n<!-- \/ Yoast SEO plugin. -->","yoast_head_json":{"title":"Clart\u00e9 du cristal - Royal Glass","robots":{"index":"index","follow":"follow","max-snippet":"max-snippet:-1","max-image-preview":"max-image-preview:large","max-video-preview":"max-video-preview:-1"},"canonical":"https:\/\/royal-glass.com\/fr\/glossaire\/clarte-cristal\/","og_locale":"fr_FR","og_type":"article","og_title":"Clart\u00e9 du cristal - Royal Glass","og_description":"La clart\u00e9 du cristal d\u00e9signe le niveau maximal de puret\u00e9, exempt de d\u00e9fauts visuels, qui est essentiel pour une appr\u00e9ciation optimale du vin. Un cristal d&#8217;une clart\u00e9 irr\u00e9prochable permet aux d\u00e9gustateurs d&#8217;observer chaque nuance de couleur, ainsi que la brillance et la texture du vin qu&#8217;ils savourent. Chez Royal Glass, nous nous engageons \u00e0 utiliser [...]","og_url":"https:\/\/royal-glass.com\/fr\/glossaire\/clarte-cristal\/","og_site_name":"Royal Glass","article_publisher":"https:\/\/www.facebook.com\/royalglassoffical\/","article_modified_time":"2025-02-18T12:20:54+00:00","og_image":[{"width":600,"height":400,"url":"https:\/\/royal-glass.com\/wp-content\/uploads\/2025\/02\/letter-c-18.jpg","type":"image\/jpeg"}],"twitter_card":"summary_large_image","twitter_misc":{"Dur\u00e9e de lecture estim\u00e9e":"1 minute"},"schema":{"@context":"https:\/\/schema.org","@graph":[{"@type":"WebPage","@id":"https:\/\/royal-glass.com\/fr\/glossaire\/clarte-cristal\/","url":"https:\/\/royal-glass.com\/fr\/glossaire\/clarte-cristal\/","name":"Clart\u00e9 du cristal - Royal Glass","isPartOf":{"@id":"https:\/\/royal-glass.com\/fr\/#website"},"primaryImageOfPage":{"@id":"https:\/\/royal-glass.com\/fr\/glossaire\/clarte-cristal\/#primaryimage"},"image":{"@id":"https:\/\/royal-glass.com\/fr\/glossaire\/clarte-cristal\/#primaryimage"},"thumbnailUrl":"https:\/\/royal-glass.com\/wp-content\/uploads\/2025\/02\/letter-c-18.jpg","datePublished":"2025-02-08T15:44:25+00:00","dateModified":"2025-02-18T12:20:54+00:00","breadcrumb":{"@id":"https:\/\/royal-glass.com\/fr\/glossaire\/clarte-cristal\/#breadcrumb"},"inLanguage":"fr-FR","potentialAction":[{"@type":"ReadAction","target":["https:\/\/royal-glass.com\/fr\/glossaire\/clarte-cristal\/"]}]},{"@type":"ImageObject","inLanguage":"fr-FR","@id":"https:\/\/royal-glass.com\/fr\/glossaire\/clarte-cristal\/#primaryimage","url":"https:\/\/royal-glass.com\/wp-content\/uploads\/2025\/02\/letter-c-18.jpg","contentUrl":"https:\/\/royal-glass.com\/wp-content\/uploads\/2025\/02\/letter-c-18.jpg","width":600,"height":400},{"@type":"BreadcrumbList","@id":"https:\/\/royal-glass.com\/fr\/glossaire\/clarte-cristal\/#breadcrumb","itemListElement":[{"@type":"ListItem","position":1,"name":"Home","item":"https:\/\/royal-glass.com\/fr\/"},{"@type":"ListItem","position":2,"name":"Glossaire","item":"https:\/\/royal-glass.com\/fr\/glossaire\/"},{"@type":"ListItem","position":3,"name":"Clart\u00e9 du cristal"}]},{"@type":"WebSite","@id":"https:\/\/royal-glass.com\/fr\/#website","url":"https:\/\/royal-glass.com\/fr\/","name":"Royal Glass","description":"The perfect wine glass","publisher":{"@id":"https:\/\/royal-glass.com\/fr\/#organization"},"potentialAction":[{"@type":"SearchAction","target":{"@type":"EntryPoint","urlTemplate":"https:\/\/royal-glass.com\/fr\/?s={search_term_string}"},"query-input":{"@type":"PropertyValueSpecification","valueRequired":true,"valueName":"search_term_string"}}],"inLanguage":"fr-FR"},{"@type":"Organization","@id":"https:\/\/royal-glass.com\/fr\/#organization","name":"Royal Glass","url":"https:\/\/royal-glass.com\/fr\/","logo":{"@type":"ImageObject","inLanguage":"fr-FR","@id":"https:\/\/royal-glass.com\/fr\/#\/schema\/logo\/image\/","url":"https:\/\/royal-glass.com\/wp-content\/uploads\/2023\/02\/logo-royal-glass.png","contentUrl":"https:\/\/royal-glass.com\/wp-content\/uploads\/2023\/02\/logo-royal-glass.png","width":2097,"height":382,"caption":"Royal Glass"},"image":{"@id":"https:\/\/royal-glass.com\/fr\/#\/schema\/logo\/image\/"},"sameAs":["https:\/\/www.facebook.com\/royalglassoffical\/","https:\/\/instagram.com\/royal_glass_official\/"]}]}},"_links":{"self":[{"href":"https:\/\/royal-glass.com\/fr\/wp-json\/wp\/v2\/pages\/5010","targetHints":{"allow":["GET"]}}],"collection":[{"href":"https:\/\/royal-glass.com\/fr\/wp-json\/wp\/v2\/pages"}],"about":[{"href":"https:\/\/royal-glass.com\/fr\/wp-json\/wp\/v2\/types\/page"}],"author":[{"embeddable":true,"href":"https:\/\/royal-glass.com\/fr\/wp-json\/wp\/v2\/users\/2"}],"replies":[{"embeddable":true,"href":"https:\/\/royal-glass.com\/fr\/wp-json\/wp\/v2\/comments?post=5010"}],"version-history":[{"count":0,"href":"https:\/\/royal-glass.com\/fr\/wp-json\/wp\/v2\/pages\/5010\/revisions"}],"up":[{"embeddable":true,"href":"https:\/\/royal-glass.com\/fr\/wp-json\/wp\/v2\/pages\/5113"}],"wp:featuredmedia":[{"embeddable":true,"href":"https:\/\/royal-glass.com\/fr\/wp-json\/wp\/v2\/media\/5420"}],"wp:attachment":[{"href":"https:\/\/royal-glass.com\/fr\/wp-json\/wp\/v2\/media?parent=5010"}],"curies":[{"name":"wp","href":"https:\/\/api.w.org\/{rel}","templated":true}]}}