{"id":5006,"date":"2025-02-08T16:44:25","date_gmt":"2025-02-08T15:44:25","guid":{"rendered":"https:\/\/royal-glass.com\/lead-free-crystal\/"},"modified":"2025-02-12T13:32:20","modified_gmt":"2025-02-12T12:32:20","slug":"lead-free-crystal","status":"publish","type":"page","link":"https:\/\/royal-glass.com\/fr\/glossaire\/lead-free-crystal\/","title":{"rendered":"Cristal sans plomb"},"content":{"rendered":"<p>Le cristal sans plomb repr\u00e9sente une alternative moderne au cristal traditionnel, appr\u00e9ci\u00e9 pour son respect de l&#8217;environnement. Ce mat\u00e9riau offre une clart\u00e9 et une brillance comparables \u00e0 celles du cristal au plomb, tout en garantissant une s\u00e9curit\u00e9 accrue pour la sant\u00e9. Chez Royal Glass, nous utilisons du cristal sans plomb de haute qualit\u00e9 dans nos verres, tels que le &#8220;Polymaster&#8221; et l'&#8221;Ultima&#8221;, afin de r\u00e9pondre aux attentes des consommateurs soucieux de leur sant\u00e9 et de l&#8217;environnement. En choisissant des verres en cristal sans plomb, vous optez pour un produit qui allie durabilit\u00e9, esth\u00e9tique et fonctionnalit\u00e9. Ces verres vous permettent de savourer chaque gorg\u00e9e de vin en toute s\u00e9r\u00e9nit\u00e9, en sachant que vous faites un choix \u00e9clair\u00e9 pour votre sant\u00e9 et la plan\u00e8te.    <\/p>\n","protected":false},"excerpt":{"rendered":"<p>Le cristal sans plomb repr\u00e9sente une alternative moderne au cristal traditionnel, appr\u00e9ci\u00e9 pour son respect de l&#8217;environnement. Ce mat\u00e9riau offre une clart\u00e9 et une brillance comparables \u00e0 celles du cristal au plomb, tout en garantissant une s\u00e9curit\u00e9 accrue pour la sant\u00e9. Chez Royal Glass, nous utilisons du cristal sans plomb de haute qualit\u00e9 dans nos [&#8230;]\n","protected":false},"author":2,"featured_media":5458,"parent":5113,"menu_order":0,"comment_status":"closed","ping_status":"open","template":"page-right-sidebar.php","meta":{"_acf_changed":false,"footnotes":""},"class_list":["post-5006","page","type-page","status-publish","has-post-thumbnail","hentry"],"acf":[],"yoast_head":"<!-- This site is optimized with the Yoast SEO plugin v27.5 - https:\/\/yoast.com\/product\/yoast-seo-wordpress\/ -->\n<title>Cristal sans plomb - Royal Glass<\/title>\n<meta name=\"robots\" content=\"index, follow, max-snippet:-1, max-image-preview:large, max-video-preview:-1\" \/>\n<link rel=\"canonical\" href=\"https:\/\/royal-glass.com\/fr\/glossaire\/lead-free-crystal\/\" \/>\n<meta property=\"og:locale\" content=\"fr_FR\" \/>\n<meta property=\"og:type\" content=\"article\" \/>\n<meta property=\"og:title\" content=\"Cristal sans plomb - Royal Glass\" \/>\n<meta property=\"og:description\" content=\"Le cristal sans plomb repr\u00e9sente une alternative moderne au cristal traditionnel, appr\u00e9ci\u00e9 pour son respect de l&#8217;environnement. Ce mat\u00e9riau offre une clart\u00e9 et une brillance comparables \u00e0 celles du cristal au plomb, tout en garantissant une s\u00e9curit\u00e9 accrue pour la sant\u00e9. Chez Royal Glass, nous utilisons du cristal sans plomb de haute qualit\u00e9 dans nos [...]\" \/>\n<meta property=\"og:url\" content=\"https:\/\/royal-glass.com\/fr\/glossaire\/lead-free-crystal\/\" \/>\n<meta property=\"og:site_name\" content=\"Royal Glass\" \/>\n<meta property=\"article:publisher\" content=\"https:\/\/www.facebook.com\/royalglassoffical\/\" \/>\n<meta property=\"article:modified_time\" content=\"2025-02-12T12:32:20+00:00\" \/>\n<meta name=\"twitter:card\" content=\"summary_large_image\" \/>\n<meta name=\"twitter:label1\" content=\"Dur\u00e9e de lecture estim\u00e9e\" \/>\n\t<meta name=\"twitter:data1\" content=\"1 minute\" \/>\n<script type=\"application\/ld+json\" class=\"yoast-schema-graph\">{\"@context\":\"https:\\\/\\\/schema.org\",\"@graph\":[{\"@type\":\"WebPage\",\"@id\":\"https:\\\/\\\/royal-glass.com\\\/fr\\\/glossaire\\\/lead-free-crystal\\\/\",\"url\":\"https:\\\/\\\/royal-glass.com\\\/fr\\\/glossaire\\\/lead-free-crystal\\\/\",\"name\":\"Cristal sans plomb - Royal Glass\",\"isPartOf\":{\"@id\":\"https:\\\/\\\/royal-glass.com\\\/fr\\\/#website\"},\"primaryImageOfPage\":{\"@id\":\"https:\\\/\\\/royal-glass.com\\\/fr\\\/glossaire\\\/lead-free-crystal\\\/#primaryimage\"},\"image\":{\"@id\":\"https:\\\/\\\/royal-glass.com\\\/fr\\\/glossaire\\\/lead-free-crystal\\\/#primaryimage\"},\"thumbnailUrl\":\"https:\\\/\\\/royal-glass.com\\\/wp-content\\\/uploads\\\/2025\\\/02\\\/letter-c-28.jpg\",\"datePublished\":\"2025-02-08T15:44:25+00:00\",\"dateModified\":\"2025-02-12T12:32:20+00:00\",\"breadcrumb\":{\"@id\":\"https:\\\/\\\/royal-glass.com\\\/fr\\\/glossaire\\\/lead-free-crystal\\\/#breadcrumb\"},\"inLanguage\":\"fr-FR\",\"potentialAction\":[{\"@type\":\"ReadAction\",\"target\":[\"https:\\\/\\\/royal-glass.com\\\/fr\\\/glossaire\\\/lead-free-crystal\\\/\"]}]},{\"@type\":\"ImageObject\",\"inLanguage\":\"fr-FR\",\"@id\":\"https:\\\/\\\/royal-glass.com\\\/fr\\\/glossaire\\\/lead-free-crystal\\\/#primaryimage\",\"url\":\"https:\\\/\\\/royal-glass.com\\\/wp-content\\\/uploads\\\/2025\\\/02\\\/letter-c-28.jpg\",\"contentUrl\":\"https:\\\/\\\/royal-glass.com\\\/wp-content\\\/uploads\\\/2025\\\/02\\\/letter-c-28.jpg\",\"width\":600,\"height\":400},{\"@type\":\"BreadcrumbList\",\"@id\":\"https:\\\/\\\/royal-glass.com\\\/fr\\\/glossaire\\\/lead-free-crystal\\\/#breadcrumb\",\"itemListElement\":[{\"@type\":\"ListItem\",\"position\":1,\"name\":\"Home\",\"item\":\"https:\\\/\\\/royal-glass.com\\\/fr\\\/\"},{\"@type\":\"ListItem\",\"position\":2,\"name\":\"Glossaire\",\"item\":\"https:\\\/\\\/royal-glass.com\\\/fr\\\/glossaire\\\/\"},{\"@type\":\"ListItem\",\"position\":3,\"name\":\"Cristal sans plomb\"}]},{\"@type\":\"WebSite\",\"@id\":\"https:\\\/\\\/royal-glass.com\\\/fr\\\/#website\",\"url\":\"https:\\\/\\\/royal-glass.com\\\/fr\\\/\",\"name\":\"Royal Glass\",\"description\":\"The perfect wine glass\",\"publisher\":{\"@id\":\"https:\\\/\\\/royal-glass.com\\\/fr\\\/#organization\"},\"potentialAction\":[{\"@type\":\"SearchAction\",\"target\":{\"@type\":\"EntryPoint\",\"urlTemplate\":\"https:\\\/\\\/royal-glass.com\\\/fr\\\/?s={search_term_string}\"},\"query-input\":{\"@type\":\"PropertyValueSpecification\",\"valueRequired\":true,\"valueName\":\"search_term_string\"}}],\"inLanguage\":\"fr-FR\"},{\"@type\":\"Organization\",\"@id\":\"https:\\\/\\\/royal-glass.com\\\/fr\\\/#organization\",\"name\":\"Royal Glass\",\"url\":\"https:\\\/\\\/royal-glass.com\\\/fr\\\/\",\"logo\":{\"@type\":\"ImageObject\",\"inLanguage\":\"fr-FR\",\"@id\":\"https:\\\/\\\/royal-glass.com\\\/fr\\\/#\\\/schema\\\/logo\\\/image\\\/\",\"url\":\"https:\\\/\\\/royal-glass.com\\\/wp-content\\\/uploads\\\/2023\\\/02\\\/logo-royal-glass.png\",\"contentUrl\":\"https:\\\/\\\/royal-glass.com\\\/wp-content\\\/uploads\\\/2023\\\/02\\\/logo-royal-glass.png\",\"width\":2097,\"height\":382,\"caption\":\"Royal Glass\"},\"image\":{\"@id\":\"https:\\\/\\\/royal-glass.com\\\/fr\\\/#\\\/schema\\\/logo\\\/image\\\/\"},\"sameAs\":[\"https:\\\/\\\/www.facebook.com\\\/royalglassoffical\\\/\",\"https:\\\/\\\/instagram.com\\\/royal_glass_official\\\/\"]}]}<\/script>\n<!-- \/ Yoast SEO plugin. -->","yoast_head_json":{"title":"Cristal sans plomb - Royal Glass","robots":{"index":"index","follow":"follow","max-snippet":"max-snippet:-1","max-image-preview":"max-image-preview:large","max-video-preview":"max-video-preview:-1"},"canonical":"https:\/\/royal-glass.com\/fr\/glossaire\/lead-free-crystal\/","og_locale":"fr_FR","og_type":"article","og_title":"Cristal sans plomb - Royal Glass","og_description":"Le cristal sans plomb repr\u00e9sente une alternative moderne au cristal traditionnel, appr\u00e9ci\u00e9 pour son respect de l&#8217;environnement. Ce mat\u00e9riau offre une clart\u00e9 et une brillance comparables \u00e0 celles du cristal au plomb, tout en garantissant une s\u00e9curit\u00e9 accrue pour la sant\u00e9. Chez Royal Glass, nous utilisons du cristal sans plomb de haute qualit\u00e9 dans nos [...]","og_url":"https:\/\/royal-glass.com\/fr\/glossaire\/lead-free-crystal\/","og_site_name":"Royal Glass","article_publisher":"https:\/\/www.facebook.com\/royalglassoffical\/","article_modified_time":"2025-02-12T12:32:20+00:00","twitter_card":"summary_large_image","twitter_misc":{"Dur\u00e9e de lecture estim\u00e9e":"1 minute"},"schema":{"@context":"https:\/\/schema.org","@graph":[{"@type":"WebPage","@id":"https:\/\/royal-glass.com\/fr\/glossaire\/lead-free-crystal\/","url":"https:\/\/royal-glass.com\/fr\/glossaire\/lead-free-crystal\/","name":"Cristal sans plomb - Royal Glass","isPartOf":{"@id":"https:\/\/royal-glass.com\/fr\/#website"},"primaryImageOfPage":{"@id":"https:\/\/royal-glass.com\/fr\/glossaire\/lead-free-crystal\/#primaryimage"},"image":{"@id":"https:\/\/royal-glass.com\/fr\/glossaire\/lead-free-crystal\/#primaryimage"},"thumbnailUrl":"https:\/\/royal-glass.com\/wp-content\/uploads\/2025\/02\/letter-c-28.jpg","datePublished":"2025-02-08T15:44:25+00:00","dateModified":"2025-02-12T12:32:20+00:00","breadcrumb":{"@id":"https:\/\/royal-glass.com\/fr\/glossaire\/lead-free-crystal\/#breadcrumb"},"inLanguage":"fr-FR","potentialAction":[{"@type":"ReadAction","target":["https:\/\/royal-glass.com\/fr\/glossaire\/lead-free-crystal\/"]}]},{"@type":"ImageObject","inLanguage":"fr-FR","@id":"https:\/\/royal-glass.com\/fr\/glossaire\/lead-free-crystal\/#primaryimage","url":"https:\/\/royal-glass.com\/wp-content\/uploads\/2025\/02\/letter-c-28.jpg","contentUrl":"https:\/\/royal-glass.com\/wp-content\/uploads\/2025\/02\/letter-c-28.jpg","width":600,"height":400},{"@type":"BreadcrumbList","@id":"https:\/\/royal-glass.com\/fr\/glossaire\/lead-free-crystal\/#breadcrumb","itemListElement":[{"@type":"ListItem","position":1,"name":"Home","item":"https:\/\/royal-glass.com\/fr\/"},{"@type":"ListItem","position":2,"name":"Glossaire","item":"https:\/\/royal-glass.com\/fr\/glossaire\/"},{"@type":"ListItem","position":3,"name":"Cristal sans plomb"}]},{"@type":"WebSite","@id":"https:\/\/royal-glass.com\/fr\/#website","url":"https:\/\/royal-glass.com\/fr\/","name":"Royal Glass","description":"The perfect wine glass","publisher":{"@id":"https:\/\/royal-glass.com\/fr\/#organization"},"potentialAction":[{"@type":"SearchAction","target":{"@type":"EntryPoint","urlTemplate":"https:\/\/royal-glass.com\/fr\/?s={search_term_string}"},"query-input":{"@type":"PropertyValueSpecification","valueRequired":true,"valueName":"search_term_string"}}],"inLanguage":"fr-FR"},{"@type":"Organization","@id":"https:\/\/royal-glass.com\/fr\/#organization","name":"Royal Glass","url":"https:\/\/royal-glass.com\/fr\/","logo":{"@type":"ImageObject","inLanguage":"fr-FR","@id":"https:\/\/royal-glass.com\/fr\/#\/schema\/logo\/image\/","url":"https:\/\/royal-glass.com\/wp-content\/uploads\/2023\/02\/logo-royal-glass.png","contentUrl":"https:\/\/royal-glass.com\/wp-content\/uploads\/2023\/02\/logo-royal-glass.png","width":2097,"height":382,"caption":"Royal Glass"},"image":{"@id":"https:\/\/royal-glass.com\/fr\/#\/schema\/logo\/image\/"},"sameAs":["https:\/\/www.facebook.com\/royalglassoffical\/","https:\/\/instagram.com\/royal_glass_official\/"]}]}},"_links":{"self":[{"href":"https:\/\/royal-glass.com\/fr\/wp-json\/wp\/v2\/pages\/5006","targetHints":{"allow":["GET"]}}],"collection":[{"href":"https:\/\/royal-glass.com\/fr\/wp-json\/wp\/v2\/pages"}],"about":[{"href":"https:\/\/royal-glass.com\/fr\/wp-json\/wp\/v2\/types\/page"}],"author":[{"embeddable":true,"href":"https:\/\/royal-glass.com\/fr\/wp-json\/wp\/v2\/users\/2"}],"replies":[{"embeddable":true,"href":"https:\/\/royal-glass.com\/fr\/wp-json\/wp\/v2\/comments?post=5006"}],"version-history":[{"count":0,"href":"https:\/\/royal-glass.com\/fr\/wp-json\/wp\/v2\/pages\/5006\/revisions"}],"up":[{"embeddable":true,"href":"https:\/\/royal-glass.com\/fr\/wp-json\/wp\/v2\/pages\/5113"}],"wp:featuredmedia":[{"embeddable":true,"href":"https:\/\/royal-glass.com\/fr\/wp-json\/wp\/v2\/media\/5458"}],"wp:attachment":[{"href":"https:\/\/royal-glass.com\/fr\/wp-json\/wp\/v2\/media?parent=5006"}],"curies":[{"name":"wp","href":"https:\/\/api.w.org\/{rel}","templated":true}]}}