{"id":4097,"date":"2024-06-26T16:16:33","date_gmt":"2024-06-26T16:16:33","guid":{"rendered":"https:\/\/royal-glass.com\/cgv-2024\/"},"modified":"2024-06-26T16:29:44","modified_gmt":"2024-06-26T16:29:44","slug":"cgv-2024","status":"publish","type":"page","link":"https:\/\/royal-glass.com\/fr\/cgv-2024\/","title":{"rendered":"Conditions g\u00e9n\u00e9rales de vente 2024"},"content":{"rendered":"\n\t<section class=\"section\" id=\"section_1582595065\">\n\t\t<div class=\"section-bg fill\" >\n\t\t\t\t\t\t\t\t\t\n\t\t\t\n\n\t\t<\/div>\n\n\t\t\n\n\t\t<div class=\"section-content relative\">\n\t\t\t\n<div class=\"row\"  id=\"row-1367900024\">\n\n\t<div id=\"col-470113854\" class=\"col small-12 large-12\"  >\n\t\t\t\t<div class=\"col-inner text-center\"  >\n\t\t\t\n\t\t\t\n\t<div class=\"img has-hover x md-x lg-x y md-y lg-y\" id=\"image_1227804724\">\n\t\t\t\t\t\t\t\t<div class=\"img-inner dark\" >\n\t\t\t<img loading=\"lazy\" decoding=\"async\" width=\"512\" height=\"512\" src=\"https:\/\/royal-glass.com\/wp-content\/uploads\/2023\/02\/cropped-star.png\" class=\"attachment-large size-large\" alt=\"\" srcset=\"https:\/\/royal-glass.com\/wp-content\/uploads\/2023\/02\/cropped-star.png 512w, https:\/\/royal-glass.com\/wp-content\/uploads\/2023\/02\/cropped-star-300x300.png 300w, https:\/\/royal-glass.com\/wp-content\/uploads\/2023\/02\/cropped-star-100x100.png 100w, https:\/\/royal-glass.com\/wp-content\/uploads\/2023\/02\/cropped-star-270x270.png 270w, https:\/\/royal-glass.com\/wp-content\/uploads\/2023\/02\/cropped-star-192x192.png 192w, https:\/\/royal-glass.com\/wp-content\/uploads\/2023\/02\/cropped-star-180x180.png 180w, https:\/\/royal-glass.com\/wp-content\/uploads\/2023\/02\/cropped-star-32x32.png 32w\" sizes=\"auto, (max-width: 512px) 100vw, 512px\" \/>\t\t\t\t\t\t\n\t\t\t\t\t<\/div>\n\t\t\t\t\t\t\t\t\n<style>\n#image_1227804724 {\n  width: 5%;\n}\n<\/style>\n\t<\/div>\n\t\n\t<div id=\"text-3720733961\" class=\"text\">\n\t\t\n<h3 class=\"uppercase\" style=\"text-align: center;\">Conditions G\u00e9n\u00e9rales de Vente et d&#8217;Utilisation<\/h3>\n\t\t\n<style>\n#text-3720733961 {\n  font-size: 1.4rem;\n}\n<\/style>\n\t<\/div>\n\t\n\t\t<\/div>\n\t\t\t\t\n<style>\n#col-470113854 > .col-inner {\n  margin: 0px 0px -20px 0px;\n}\n<\/style>\n\t<\/div>\n\n\t\n<\/div>\n\t<div id=\"gap-300779190\" class=\"gap-element clearfix\" style=\"display:block; height:auto;\">\n\t\t\n<style>\n#gap-300779190 {\n  padding-top: 30px;\n}\n<\/style>\n\t<\/div>\n\t\n<div class=\"row\"  id=\"row-835404066\">\n\n\t<div id=\"col-1419963641\" class=\"col small-12 large-12\"  >\n\t\t\t\t<div class=\"col-inner\"  >\n\t\t\t\n\t\t\t\n\t<div id=\"text-2357913270\" class=\"text\">\n\t\t\n<p><strong>Conditions G\u00e9n\u00e9rales de Vente et d&#8217;Utilisation<\/strong> de <a href=\"http:\/\/www.royal-glass.com\"><strong>www.royal-glass.com<\/strong><\/a><\/p>\n<ol>\n<li>\n<h4><strong>Acceptation des Conditions<\/strong><\/h4>\n<\/li>\n<\/ol>\n<p>En utilisant le site <a href=\"http:\/\/www.royal-glass.com\">www.royal-glass.com<\/a>, vous confirmez avoir lu et compris ces conditions et vous engagez \u00e0 les respecter \u00e0 tout moment. Ce site est d\u00e9tenu et exploit\u00e9 par Royal Glass. Ce site est d\u00e9tenu et exploit\u00e9 par Royal Glass. Type of site: e-commerce<\/p>\n<ol start=\"2\">\n<li>\n<h4><strong>Propri\u00e9t\u00e9 Intellectuelle<\/strong><\/h4>\n<\/li>\n<\/ol>\n<p>Tout le contenu de ce site, incluant images, textes, logos, documents, et fichiers t\u00e9l\u00e9chargeables, est la propri\u00e9t\u00e9 exclusive de Royal Glass et ses cr\u00e9ateurs.<\/p>\n<ol start=\"3\">\n<li>\n<h4><strong>Contributions des Utilisateurs<\/strong><\/h4>\n<\/li>\n<\/ol>\n<p>Les utilisateurs peuvent publier des commentaires publics sur notre site. En publiant, vous vous engagez \u00e0 respecter toutes les lois applicables et \u00e0 ne pas enfreindre nos conditions d&#8217;utilisation. <\/p>\n<ol start=\"4\">\n<li>\n<h4><strong>Comptes d&#8217;Utilisateurs<\/strong><\/h4>\n<\/li>\n<\/ol>\n<p>En cr\u00e9ant un compte, vous acceptez :<\/p>\n<ul>\n<li>D&#8217;\u00eatre responsable de la gestion de votre compte et de sa s\u00e9curit\u00e9.<\/li>\n<li>De fournir des informations personnelles exactes et les mettre \u00e0 jour si n\u00e9cessaire. Royal Glass se r\u00e9serve le droit de suspendre ou terminer tout compte en cas d&#8217;utilisation inappropri\u00e9e ou ill\u00e9gale du site.<\/li>\n<\/ul>\n<ol start=\"5\">\n<li>\n<h4><strong>Vente de Biens et Services<\/strong><\/h4>\n<\/li>\n<\/ol>\n<p>5. Vente de Biens et Services Nos produits incluent verres \u00e0 vin et carafes. Les produits disponibles sont ceux list\u00e9s sur le site au moment de votre consultation, y compris ceux en rupture de stock. Toutes les informations, descriptions ou images que nous fournissons sur nos produits sont d\u00e9crites et pr\u00e9sent\u00e9es avec la meilleure pr\u00e9cision possible. Cependant nous ne pouvons garantir leur parfaite exactitude, vous acceptez d&#8217;acheter ces produits \u00e0 vos propres risques.   <\/p>\n<ol start=\"6\">\n<li>\n<h4><strong>Paiements<\/strong><\/h4>\n<\/li>\n<\/ol>\n<p>Nous acceptons les paiements par carte de cr\u00e9dit\/d\u00e9bit et PayPal. En fournissant vos informations de paiement, vous autorisez leur utilisation pour le r\u00e8glement des achats effectu\u00e9s. Si nous estimons que votre paiement a enfreint une loi ou l&#8217;une de nos conditions de service, nous nous r\u00e9servons le droit d&#8217;annuler votre transaction.  <\/p>\n<ol start=\"7\">\n<li>\n<h4><strong>Transport et Livraison<\/strong><\/h4>\n<\/li>\n<\/ol>\n<p>Nous acceptons les paiements par carte de cr\u00e9dit\/d\u00e9bit et PayPal. En fournissant vos informations de paiement, vous autorisez leur utilisation pour le r\u00e8glement des achats effectu\u00e9s. Si nous estimons que votre paiement a enfreint une loi ou l&#8217;une de nos conditions de service, nous nous r\u00e9servons le droit d&#8217;annuler votre transaction.   <\/p>\n<ol start=\"8\">\n<li>\n<h4><strong>Politique de Retour et Remboursement<\/strong><\/h4>\n<\/li>\n<\/ol>\n<p>Nous acceptons les demandes de remboursement sur notre site pour les produits qui r\u00e9pondent \u00e0 l&#8217;une des conditions suivantes :<\/p>\n<ul>\n<li>l&#8217;article a \u00e9t\u00e9 cass\u00e9 pendant le transport<\/li>\n<li>l&#8217;article n&#8217;est pas conforme \u00e0 la description qui en est faite sur le site. Les demandes de remboursement doivent \u00eatre effectu\u00e9es dans les 2 jours suivant la r\u00e9ception des marchandises et \u00eatre accompagn\u00e9es de photos montrant les preuves de la r\u00e9clamation.<\/li>\n<\/ul>\n<p>Veuillez noter les conditions suivantes pour les retours :<\/p>\n<ul>\n<li>Les verres \u00e0 vin doivent \u00eatre inutilis\u00e9s, dans leur emballage d&#8217;origine et en \u00e9tat de revente.<\/li>\n<li>Les retours doivent \u00eatre effectu\u00e9s dans les 7 jours suivant la r\u00e9ception de la commande.<\/li>\n<li>Les frais de retour sont \u00e0 votre charge, sauf si le retour est d\u00fb \u00e0 une erreur de notre part.<\/li>\n<\/ul>\n<p>Pour retourner vos articles par la poste, contactez-nous via notre adresse e-mail pour obtenir les modalit\u00e9s de retour des articles et joignez une photo explicative.<\/p>\n<p>Cette politique de retour et de remboursement ne s&#8217;applique qu&#8217;aux achats effectu\u00e9s directement sur notre site web.<\/p>\n<ol start=\"9\">\n<li>\n<h4><strong>Limitation de Responsabilit\u00e9<\/strong><\/h4>\n<\/li>\n<\/ol>\n<p>Royal Glass n&#8217;est pas responsable des probl\u00e8mes r\u00e9sultant d&#8217;une mauvaise utilisation du site.<\/p>\n<ol start=\"10\">\n<li>\n<h4><strong>Indemnisation<\/strong><\/h4>\n<\/li>\n<\/ol>\n<p>En tant qu&#8217;utilisateur, vous acceptez de d\u00e9gager Royal Glass de toute responsabilit\u00e9 en cas de litige d\u00e9coulant de l&#8217;utilisation du site.<\/p>\n<ol start=\"11\">\n<li>\n<h4><strong>Lois Applicables<\/strong><\/h4>\n<\/li>\n<\/ol>\n<p>11. Lois Applicables Ce document est r\u00e9gi par les lois fran\u00e7aises et se conforme aux r\u00e9glementations en vigueur, incluant le GDPR.<\/p>\n<ol start=\"12\">\n<li>\n<h4><strong>Divisibilit\u00e9 et Modifications<\/strong><\/h4>\n<\/li>\n<\/ol>\n<p>Si une disposition de ces conditions est jug\u00e9e invalide, les autres dispositions restent en vigueur. Les conditions peuvent \u00eatre modifi\u00e9es p\u00e9riodiquement pour rester conformes \u00e0 la l\u00e9gislation. <\/p>\n<ol start=\"13\">\n<li>\n<h4><strong>Contact et Informations<\/strong><\/h4>\n<\/li>\n<\/ol>\n<p>Pour toute question, veuillez nous contacter \u00e0 :<\/p>\n<p><a href=\"mailto:contact@royal-glass.com\">contact@royal-glass.com<\/a><\/p>\n<p>The Atrium, Blackthorn Road, Dublin 18, Ireland<\/p>\n<p>Ces conditions sont en vigueur depuis le 7 d\u00e9cembre 2020.<br \/>\n\t\t\n<style>\n#text-2357913270 {\n  text-align: left;\n}\n<\/style>\n\t<\/div>\n\t\n\t\t<\/div>\n\t\t\t\t\t<\/div>\n\n\t\n<\/div>\n\t\t<\/div>\n\n\t\t\n<style>\n#section_1582595065 {\n  padding-top: 30px;\n  padding-bottom: 30px;\n}\n<\/style>\n\t<\/section>\n\t\n","protected":false},"excerpt":{"rendered":"","protected":false},"author":2,"featured_media":4996,"parent":0,"menu_order":0,"comment_status":"closed","ping_status":"closed","template":"page-blank.php","meta":{"_acf_changed":false,"footnotes":""},"class_list":["post-4097","page","type-page","status-publish","has-post-thumbnail","hentry"],"acf":[],"yoast_head":"<!-- This site is optimized with the Yoast SEO plugin v27.4 - https:\/\/yoast.com\/product\/yoast-seo-wordpress\/ -->\n<title>Conditions g\u00e9n\u00e9rales de vente 2024 - Royal Glass<\/title>\n<meta name=\"robots\" content=\"index, follow, max-snippet:-1, max-image-preview:large, max-video-preview:-1\" \/>\n<link rel=\"canonical\" href=\"https:\/\/royal-glass.com\/fr\/cgv-2024\/\" \/>\n<meta property=\"og:locale\" content=\"fr_FR\" \/>\n<meta property=\"og:type\" content=\"article\" \/>\n<meta property=\"og:title\" content=\"Conditions g\u00e9n\u00e9rales de vente 2024 - Royal Glass\" \/>\n<meta property=\"og:url\" content=\"https:\/\/royal-glass.com\/fr\/cgv-2024\/\" \/>\n<meta property=\"og:site_name\" content=\"Royal Glass\" \/>\n<meta property=\"article:publisher\" content=\"https:\/\/www.facebook.com\/royalglassoffical\/\" \/>\n<meta property=\"article:modified_time\" content=\"2024-06-26T16:29:44+00:00\" \/>\n<meta name=\"twitter:card\" content=\"summary_large_image\" \/>\n<meta name=\"twitter:label1\" content=\"Dur\u00e9e de lecture estim\u00e9e\" \/>\n\t<meta name=\"twitter:data1\" content=\"4 minutes\" \/>\n<script type=\"application\/ld+json\" class=\"yoast-schema-graph\">{\"@context\":\"https:\\\/\\\/schema.org\",\"@graph\":[{\"@type\":\"WebPage\",\"@id\":\"https:\\\/\\\/royal-glass.com\\\/fr\\\/cgv-2024\\\/\",\"url\":\"https:\\\/\\\/royal-glass.com\\\/fr\\\/cgv-2024\\\/\",\"name\":\"Conditions g\u00e9n\u00e9rales de vente 2024 - Royal Glass\",\"isPartOf\":{\"@id\":\"https:\\\/\\\/royal-glass.com\\\/fr\\\/#website\"},\"primaryImageOfPage\":{\"@id\":\"https:\\\/\\\/royal-glass.com\\\/fr\\\/cgv-2024\\\/#primaryimage\"},\"image\":{\"@id\":\"https:\\\/\\\/royal-glass.com\\\/fr\\\/cgv-2024\\\/#primaryimage\"},\"thumbnailUrl\":\"https:\\\/\\\/royal-glass.com\\\/wp-content\\\/uploads\\\/2025\\\/02\\\/glossaire-1.jpg\",\"datePublished\":\"2024-06-26T16:16:33+00:00\",\"dateModified\":\"2024-06-26T16:29:44+00:00\",\"breadcrumb\":{\"@id\":\"https:\\\/\\\/royal-glass.com\\\/fr\\\/cgv-2024\\\/#breadcrumb\"},\"inLanguage\":\"fr-FR\",\"potentialAction\":[{\"@type\":\"ReadAction\",\"target\":[\"https:\\\/\\\/royal-glass.com\\\/fr\\\/cgv-2024\\\/\"]}]},{\"@type\":\"ImageObject\",\"inLanguage\":\"fr-FR\",\"@id\":\"https:\\\/\\\/royal-glass.com\\\/fr\\\/cgv-2024\\\/#primaryimage\",\"url\":\"https:\\\/\\\/royal-glass.com\\\/wp-content\\\/uploads\\\/2025\\\/02\\\/glossaire-1.jpg\",\"contentUrl\":\"https:\\\/\\\/royal-glass.com\\\/wp-content\\\/uploads\\\/2025\\\/02\\\/glossaire-1.jpg\",\"width\":1583,\"height\":1080},{\"@type\":\"BreadcrumbList\",\"@id\":\"https:\\\/\\\/royal-glass.com\\\/fr\\\/cgv-2024\\\/#breadcrumb\",\"itemListElement\":[{\"@type\":\"ListItem\",\"position\":1,\"name\":\"Home\",\"item\":\"https:\\\/\\\/royal-glass.com\\\/fr\\\/\"},{\"@type\":\"ListItem\",\"position\":2,\"name\":\"Conditions g\u00e9n\u00e9rales de vente 2024\"}]},{\"@type\":\"WebSite\",\"@id\":\"https:\\\/\\\/royal-glass.com\\\/fr\\\/#website\",\"url\":\"https:\\\/\\\/royal-glass.com\\\/fr\\\/\",\"name\":\"Royal Glass\",\"description\":\"The perfect wine glass\",\"publisher\":{\"@id\":\"https:\\\/\\\/royal-glass.com\\\/fr\\\/#organization\"},\"potentialAction\":[{\"@type\":\"SearchAction\",\"target\":{\"@type\":\"EntryPoint\",\"urlTemplate\":\"https:\\\/\\\/royal-glass.com\\\/fr\\\/?s={search_term_string}\"},\"query-input\":{\"@type\":\"PropertyValueSpecification\",\"valueRequired\":true,\"valueName\":\"search_term_string\"}}],\"inLanguage\":\"fr-FR\"},{\"@type\":\"Organization\",\"@id\":\"https:\\\/\\\/royal-glass.com\\\/fr\\\/#organization\",\"name\":\"Royal Glass\",\"url\":\"https:\\\/\\\/royal-glass.com\\\/fr\\\/\",\"logo\":{\"@type\":\"ImageObject\",\"inLanguage\":\"fr-FR\",\"@id\":\"https:\\\/\\\/royal-glass.com\\\/fr\\\/#\\\/schema\\\/logo\\\/image\\\/\",\"url\":\"https:\\\/\\\/royal-glass.com\\\/wp-content\\\/uploads\\\/2023\\\/02\\\/logo-royal-glass.png\",\"contentUrl\":\"https:\\\/\\\/royal-glass.com\\\/wp-content\\\/uploads\\\/2023\\\/02\\\/logo-royal-glass.png\",\"width\":2097,\"height\":382,\"caption\":\"Royal Glass\"},\"image\":{\"@id\":\"https:\\\/\\\/royal-glass.com\\\/fr\\\/#\\\/schema\\\/logo\\\/image\\\/\"},\"sameAs\":[\"https:\\\/\\\/www.facebook.com\\\/royalglassoffical\\\/\",\"https:\\\/\\\/instagram.com\\\/royal_glass_official\\\/\"]}]}<\/script>\n<!-- \/ Yoast SEO plugin. -->","yoast_head_json":{"title":"Conditions g\u00e9n\u00e9rales de vente 2024 - Royal Glass","robots":{"index":"index","follow":"follow","max-snippet":"max-snippet:-1","max-image-preview":"max-image-preview:large","max-video-preview":"max-video-preview:-1"},"canonical":"https:\/\/royal-glass.com\/fr\/cgv-2024\/","og_locale":"fr_FR","og_type":"article","og_title":"Conditions g\u00e9n\u00e9rales de vente 2024 - Royal Glass","og_url":"https:\/\/royal-glass.com\/fr\/cgv-2024\/","og_site_name":"Royal Glass","article_publisher":"https:\/\/www.facebook.com\/royalglassoffical\/","article_modified_time":"2024-06-26T16:29:44+00:00","twitter_card":"summary_large_image","twitter_misc":{"Dur\u00e9e de lecture estim\u00e9e":"4 minutes"},"schema":{"@context":"https:\/\/schema.org","@graph":[{"@type":"WebPage","@id":"https:\/\/royal-glass.com\/fr\/cgv-2024\/","url":"https:\/\/royal-glass.com\/fr\/cgv-2024\/","name":"Conditions g\u00e9n\u00e9rales de vente 2024 - Royal Glass","isPartOf":{"@id":"https:\/\/royal-glass.com\/fr\/#website"},"primaryImageOfPage":{"@id":"https:\/\/royal-glass.com\/fr\/cgv-2024\/#primaryimage"},"image":{"@id":"https:\/\/royal-glass.com\/fr\/cgv-2024\/#primaryimage"},"thumbnailUrl":"https:\/\/royal-glass.com\/wp-content\/uploads\/2025\/02\/glossaire-1.jpg","datePublished":"2024-06-26T16:16:33+00:00","dateModified":"2024-06-26T16:29:44+00:00","breadcrumb":{"@id":"https:\/\/royal-glass.com\/fr\/cgv-2024\/#breadcrumb"},"inLanguage":"fr-FR","potentialAction":[{"@type":"ReadAction","target":["https:\/\/royal-glass.com\/fr\/cgv-2024\/"]}]},{"@type":"ImageObject","inLanguage":"fr-FR","@id":"https:\/\/royal-glass.com\/fr\/cgv-2024\/#primaryimage","url":"https:\/\/royal-glass.com\/wp-content\/uploads\/2025\/02\/glossaire-1.jpg","contentUrl":"https:\/\/royal-glass.com\/wp-content\/uploads\/2025\/02\/glossaire-1.jpg","width":1583,"height":1080},{"@type":"BreadcrumbList","@id":"https:\/\/royal-glass.com\/fr\/cgv-2024\/#breadcrumb","itemListElement":[{"@type":"ListItem","position":1,"name":"Home","item":"https:\/\/royal-glass.com\/fr\/"},{"@type":"ListItem","position":2,"name":"Conditions g\u00e9n\u00e9rales de vente 2024"}]},{"@type":"WebSite","@id":"https:\/\/royal-glass.com\/fr\/#website","url":"https:\/\/royal-glass.com\/fr\/","name":"Royal Glass","description":"The perfect wine glass","publisher":{"@id":"https:\/\/royal-glass.com\/fr\/#organization"},"potentialAction":[{"@type":"SearchAction","target":{"@type":"EntryPoint","urlTemplate":"https:\/\/royal-glass.com\/fr\/?s={search_term_string}"},"query-input":{"@type":"PropertyValueSpecification","valueRequired":true,"valueName":"search_term_string"}}],"inLanguage":"fr-FR"},{"@type":"Organization","@id":"https:\/\/royal-glass.com\/fr\/#organization","name":"Royal Glass","url":"https:\/\/royal-glass.com\/fr\/","logo":{"@type":"ImageObject","inLanguage":"fr-FR","@id":"https:\/\/royal-glass.com\/fr\/#\/schema\/logo\/image\/","url":"https:\/\/royal-glass.com\/wp-content\/uploads\/2023\/02\/logo-royal-glass.png","contentUrl":"https:\/\/royal-glass.com\/wp-content\/uploads\/2023\/02\/logo-royal-glass.png","width":2097,"height":382,"caption":"Royal Glass"},"image":{"@id":"https:\/\/royal-glass.com\/fr\/#\/schema\/logo\/image\/"},"sameAs":["https:\/\/www.facebook.com\/royalglassoffical\/","https:\/\/instagram.com\/royal_glass_official\/"]}]}},"_links":{"self":[{"href":"https:\/\/royal-glass.com\/fr\/wp-json\/wp\/v2\/pages\/4097","targetHints":{"allow":["GET"]}}],"collection":[{"href":"https:\/\/royal-glass.com\/fr\/wp-json\/wp\/v2\/pages"}],"about":[{"href":"https:\/\/royal-glass.com\/fr\/wp-json\/wp\/v2\/types\/page"}],"author":[{"embeddable":true,"href":"https:\/\/royal-glass.com\/fr\/wp-json\/wp\/v2\/users\/2"}],"replies":[{"embeddable":true,"href":"https:\/\/royal-glass.com\/fr\/wp-json\/wp\/v2\/comments?post=4097"}],"version-history":[{"count":0,"href":"https:\/\/royal-glass.com\/fr\/wp-json\/wp\/v2\/pages\/4097\/revisions"}],"wp:featuredmedia":[{"embeddable":true,"href":"https:\/\/royal-glass.com\/fr\/wp-json\/wp\/v2\/media\/4996"}],"wp:attachment":[{"href":"https:\/\/royal-glass.com\/fr\/wp-json\/wp\/v2\/media?parent=4097"}],"curies":[{"name":"wp","href":"https:\/\/api.w.org\/{rel}","templated":true}]}}