{"id":3549,"date":"2023-05-08T15:22:28","date_gmt":"2023-05-08T13:22:28","guid":{"rendered":"https:\/\/royal-glass.com\/collection\/"},"modified":"2025-06-12T22:43:25","modified_gmt":"2025-06-12T20:43:25","slug":"collection","status":"publish","type":"page","link":"https:\/\/royal-glass.com\/fr\/collection\/","title":{"rendered":"Collection"},"content":{"rendered":"\n\t<section class=\"section\" id=\"section_515640078\">\n\t\t<div class=\"section-bg fill\" >\n\t\t\t\t\t\t\t\t\t\n\t\t\t\n\n\t\t<\/div>\n\n\t\t\n\n\t\t<div class=\"section-content relative\">\n\t\t\t\n<div class=\"row\"  id=\"row-1332956828\">\n\n\t<div id=\"col-763094749\" class=\"col small-12 large-12\"  >\n\t\t\t\t<div class=\"col-inner text-center\"  >\n\t\t\t\n\t\t\t\n\t<div class=\"img has-hover x md-x lg-x y md-y lg-y\" id=\"image_753405848\">\n\t\t\t\t\t\t\t\t<div class=\"img-inner dark\" >\n\t\t\t<img loading=\"lazy\" decoding=\"async\" width=\"512\" height=\"512\" src=\"https:\/\/royal-glass.com\/wp-content\/uploads\/2023\/02\/cropped-star.png\" class=\"attachment-large size-large\" alt=\"\" srcset=\"https:\/\/royal-glass.com\/wp-content\/uploads\/2023\/02\/cropped-star.png 512w, https:\/\/royal-glass.com\/wp-content\/uploads\/2023\/02\/cropped-star-300x300.png 300w, https:\/\/royal-glass.com\/wp-content\/uploads\/2023\/02\/cropped-star-100x100.png 100w, https:\/\/royal-glass.com\/wp-content\/uploads\/2023\/02\/cropped-star-270x270.png 270w, https:\/\/royal-glass.com\/wp-content\/uploads\/2023\/02\/cropped-star-192x192.png 192w, https:\/\/royal-glass.com\/wp-content\/uploads\/2023\/02\/cropped-star-180x180.png 180w, https:\/\/royal-glass.com\/wp-content\/uploads\/2023\/02\/cropped-star-32x32.png 32w\" sizes=\"auto, (max-width: 512px) 100vw, 512px\" \/>\t\t\t\t\t\t\n\t\t\t\t\t<\/div>\n\t\t\t\t\t\t\t\t\n<style>\n#image_753405848 {\n  width: 5%;\n}\n<\/style>\n\t<\/div>\n\t\n\t<div id=\"text-1804588948\" class=\"text\">\n\t\t\n<h2 class=\"uppercase\" style=\"text-align: center;\">Tout raisin, tout terroir, tout terrain<\/h2>\n\t\t\n<style>\n#text-1804588948 {\n  font-size: 1.4rem;\n}\n<\/style>\n\t<\/div>\n\t\n\t\t<\/div>\n\t\t\t\t\n<style>\n#col-763094749 > .col-inner {\n  margin: 0px 0px -20px 0px;\n}\n<\/style>\n\t<\/div>\n\n\t\n\n<style>\n#row-1332956828 > .col > .col-inner {\n  padding: 0px 0px 50px 0px;\n}\n<\/style>\n<\/div>\n<div class=\"row row-large align-center\" style=\"max-width:80%\" id=\"row-1343007915\">\n\n\t<div id=\"col-1219611079\" class=\"col medium-4 small-12 large-4\"  >\n\t\t\t\t<div class=\"col-inner\"  >\n\t\t\t\n\t\t\t\n\t\n  \n    <div class=\"row large-columns-1 medium-columns- small-columns- row-large has-shadow row-box-shadow-1 row-box-shadow-2-hover\" >\n  \n\t     <div class=\"col\" >\n\t\t\t\t\t\t<div class=\"col-inner\">\n\t\t\t\t\t\t\n<div class=\"badge-container absolute left top z-1\">\n\n<\/div>\n\t\t\t\t\t\t<div class=\"product-small box has-hover box-none box-text-bottom\">\n\t\t\t\t\t\t\t<div class=\"box-image\" >\n\t\t\t\t\t\t\t\t<div class=\"image-overlay-add image-zoom-long\" >\n\t\t\t\t\t\t\t\t\t<a href=\"https:\/\/royal-glass.com\/fr\/produit\/polymaster-34cl\/\" aria-label=\"Polymaster - 34cl - Set de 2 ou 6\">\n\t\t\t\t\t\t\t\t\t\t<img loading=\"lazy\" decoding=\"async\" width=\"1024\" height=\"1200\" src=\"https:\/\/royal-glass.com\/wp-content\/uploads\/2023\/02\/RG-Polymaster-2-HD-1024x1200.jpg\" class=\"show-on-hover absolute fill hide-for-small back-image\" alt=\"\" \/><img loading=\"lazy\" decoding=\"async\" width=\"1024\" height=\"1535\" src=\"https:\/\/royal-glass.com\/wp-content\/uploads\/2023\/02\/Collection-1-RG-Polymaster-1-HD.jpg\" class=\"attachment-original size-original\" alt=\"Polymaster - 34cl - Set de 2 ou 6\" srcset=\"https:\/\/royal-glass.com\/wp-content\/uploads\/2023\/02\/Collection-1-RG-Polymaster-1-HD.jpg 1024w, https:\/\/royal-glass.com\/wp-content\/uploads\/2023\/02\/Collection-1-RG-Polymaster-1-HD-1001x1500.jpg 1001w, https:\/\/royal-glass.com\/wp-content\/uploads\/2023\/02\/Collection-1-RG-Polymaster-1-HD-768x1151.jpg 768w\" sizes=\"auto, (max-width: 1024px) 100vw, 1024px\" \/>\t\t\t\t\t\t\t\t\t<\/a>\n\t\t\t\t\t\t\t\t\t\t\t\t\t\t\t\t\t\t \t\t\t\t\t\t\t\t<\/div>\n\t\t\t\t\t\t\t\t<div class=\"image-tools top right show-on-hover\">\n\t\t\t\t\t\t\t\t\t\t\t\t\t\t\t\t\t<\/div>\n\t\t\t\t\t\t\t\t\t\t\t\t\t\t\t\t\t<div class=\"image-tools grid-tools text-center hide-for-small bottom hover-slide-in show-on-hover\">\n\t\t\t\t\t\t\t\t\t\t  <a class=\"quick-view\" data-prod=\"3545\" href=\"#quick-view\">Aper\u00e7u<\/a>\t\t\t\t\t\t\t\t\t<\/div>\n\t\t\t\t\t\t\t\t\t\t\t\t\t\t\t\t\t\t\t\t\t\t\t<\/div>\n\n\t\t\t\t\t\t\t<div class=\"box-text show-on-hover hover-zoom-in text-center\" >\n\t\t\t\t\t\t\t\t<div class=\"title-wrapper\"><p class=\"name product-title woocommerce-loop-product__title\"><a href=\"https:\/\/royal-glass.com\/fr\/produit\/polymaster-34cl\/\" class=\"woocommerce-LoopProduct-link woocommerce-loop-product__link\">Polymaster &#8211; 34cl &#8211; Set de 2 ou 6<\/a><\/p><\/div><div class=\"price-wrapper\"><\/div>\t\t\t\t\t\t\t<\/div>\n\t\t\t\t\t\t<\/div>\n\t\t\t\t\t\t<\/div>\n\t\t\t\t\t<\/div><\/div>\n\t<div id=\"text-711636621\" class=\"text\">\n\t\t\n<p><span style=\"font-size: 23.04px; color: #333333;\">Polymaster<br \/>\n<\/span><span style=\"color: #999999;\">34cl<\/span><\/p>\n<p class=\"lead\"><span style=\"font-size: 100%;\">13.90\u20ac<\/span><\/p>\n\t\t\n<style>\n#text-711636621 {\n  line-height: 1.3;\n  text-align: center;\n}\n<\/style>\n\t<\/div>\n\t\n\t\t<\/div>\n\t\t\t\t\t<\/div>\n\n\t\n\n\t<div id=\"col-396606528\" class=\"col medium-4 small-12 large-4\"  >\n\t\t\t\t<div class=\"col-inner\"  >\n\t\t\t\n\t\t\t\n\t\n  \n    <div class=\"row large-columns-1 medium-columns- small-columns- row-large has-shadow row-box-shadow-1 row-box-shadow-2-hover\" >\n  \n\t     <div class=\"col\" >\n\t\t\t\t\t\t<div class=\"col-inner\">\n\t\t\t\t\t\t\n<div class=\"badge-container absolute left top z-1\">\n\n<\/div>\n\t\t\t\t\t\t<div class=\"product-small box has-hover box-none box-text-bottom\">\n\t\t\t\t\t\t\t<div class=\"box-image\" >\n\t\t\t\t\t\t\t\t<div class=\"image-overlay-add image-zoom-long\" >\n\t\t\t\t\t\t\t\t\t<a href=\"https:\/\/royal-glass.com\/fr\/produit\/ultima-40cl\/\" aria-label=\"Ultima - 40cl - Set de 2\">\n\t\t\t\t\t\t\t\t\t\t<img loading=\"lazy\" decoding=\"async\" width=\"1024\" height=\"1200\" src=\"https:\/\/royal-glass.com\/wp-content\/uploads\/2023\/02\/RG-Ultima-2-HD-1024x1200.jpg\" class=\"show-on-hover absolute fill hide-for-small back-image\" alt=\"\" \/><img loading=\"lazy\" decoding=\"async\" width=\"1024\" height=\"1535\" src=\"https:\/\/royal-glass.com\/wp-content\/uploads\/2023\/02\/Collection-2-RG-Ultima-HD.jpg\" class=\"attachment-original size-original\" alt=\"Ultima - 40cl - Set de 2\" srcset=\"https:\/\/royal-glass.com\/wp-content\/uploads\/2023\/02\/Collection-2-RG-Ultima-HD.jpg 1024w, https:\/\/royal-glass.com\/wp-content\/uploads\/2023\/02\/Collection-2-RG-Ultima-HD-1001x1500.jpg 1001w, https:\/\/royal-glass.com\/wp-content\/uploads\/2023\/02\/Collection-2-RG-Ultima-HD-768x1151.jpg 768w\" sizes=\"auto, (max-width: 1024px) 100vw, 1024px\" \/>\t\t\t\t\t\t\t\t\t<\/a>\n\t\t\t\t\t\t\t\t\t\t\t\t\t\t\t\t\t\t \t\t\t\t\t\t\t\t<\/div>\n\t\t\t\t\t\t\t\t<div class=\"image-tools top right show-on-hover\">\n\t\t\t\t\t\t\t\t\t\t\t\t\t\t\t\t\t<\/div>\n\t\t\t\t\t\t\t\t\t\t\t\t\t\t\t\t\t<div class=\"image-tools grid-tools text-center hide-for-small bottom hover-slide-in show-on-hover\">\n\t\t\t\t\t\t\t\t\t\t  <a class=\"quick-view\" data-prod=\"3546\" href=\"#quick-view\">Aper\u00e7u<\/a>\t\t\t\t\t\t\t\t\t<\/div>\n\t\t\t\t\t\t\t\t\t\t\t\t\t\t\t\t\t\t\t\t\t\t\t<\/div>\n\n\t\t\t\t\t\t\t<div class=\"box-text show-on-hover hover-zoom-in text-center\" >\n\t\t\t\t\t\t\t\t<div class=\"title-wrapper\"><p class=\"name product-title woocommerce-loop-product__title\"><a href=\"https:\/\/royal-glass.com\/fr\/produit\/ultima-40cl\/\" class=\"woocommerce-LoopProduct-link woocommerce-loop-product__link\">Ultima &#8211; 40cl &#8211; Set de 2<\/a><\/p><\/div><div class=\"price-wrapper\"><\/div>\t\t\t\t\t\t\t<\/div>\n\t\t\t\t\t\t<\/div>\n\t\t\t\t\t\t<\/div>\n\t\t\t\t\t<\/div><\/div>\n\t<div id=\"text-3267040900\" class=\"text\">\n\t\t\n<p><span style=\"font-size: 23.04px; color: #333333;\">Ultima<br \/>\n<\/span><span style=\"color: #999999;\">40cl<\/span><\/p>\n<p class=\"lead\"><span style=\"font-size: 100%;\">17.90\u20ac<\/span><\/p>\n\t\t\n<style>\n#text-3267040900 {\n  line-height: 1.3;\n  text-align: center;\n}\n<\/style>\n\t<\/div>\n\t\n\t\t<\/div>\n\t\t\t\t\t<\/div>\n\n\t\n\n\t<div id=\"col-425944741\" class=\"col medium-4 small-12 large-4\"  >\n\t\t\t\t<div class=\"col-inner\"  >\n\t\t\t\n\t\t\t\n\t\n  \n    <div class=\"row large-columns-1 medium-columns- small-columns- row-large has-shadow row-box-shadow-1 row-box-shadow-2-hover\" >\n  \n\t     <div class=\"col\" >\n\t\t\t\t\t\t<div class=\"col-inner\">\n\t\t\t\t\t\t\n<div class=\"badge-container absolute left top z-1\">\n\n<\/div>\n\t\t\t\t\t\t<div class=\"product-small box has-hover box-none box-text-bottom\">\n\t\t\t\t\t\t\t<div class=\"box-image\" >\n\t\t\t\t\t\t\t\t<div class=\"image-overlay-add image-zoom-long\" >\n\t\t\t\t\t\t\t\t\t<a href=\"https:\/\/royal-glass.com\/fr\/produit\/gran-ultima-54cl\/\" aria-label=\"Gran Ultima - 54cl - Set de 2\">\n\t\t\t\t\t\t\t\t\t\t<img loading=\"lazy\" decoding=\"async\" width=\"1024\" height=\"1200\" src=\"https:\/\/royal-glass.com\/wp-content\/uploads\/2023\/02\/RG-GrandUltima-2-HD-1024x1200.jpg\" class=\"show-on-hover absolute fill hide-for-small back-image\" alt=\"\" \/><img loading=\"lazy\" decoding=\"async\" width=\"1024\" height=\"1535\" src=\"https:\/\/royal-glass.com\/wp-content\/uploads\/2023\/02\/Collection-3-RG-GrandUltima-HD.jpg\" class=\"attachment-original size-original\" alt=\"Gran Ultima - 54cl - Set de 2\" srcset=\"https:\/\/royal-glass.com\/wp-content\/uploads\/2023\/02\/Collection-3-RG-GrandUltima-HD.jpg 1024w, https:\/\/royal-glass.com\/wp-content\/uploads\/2023\/02\/Collection-3-RG-GrandUltima-HD-1001x1500.jpg 1001w, https:\/\/royal-glass.com\/wp-content\/uploads\/2023\/02\/Collection-3-RG-GrandUltima-HD-768x1151.jpg 768w\" sizes=\"auto, (max-width: 1024px) 100vw, 1024px\" \/>\t\t\t\t\t\t\t\t\t<\/a>\n\t\t\t\t\t\t\t\t\t\t\t\t\t\t\t\t\t\t \t\t\t\t\t\t\t\t<\/div>\n\t\t\t\t\t\t\t\t<div class=\"image-tools top right show-on-hover\">\n\t\t\t\t\t\t\t\t\t\t\t\t\t\t\t\t\t<\/div>\n\t\t\t\t\t\t\t\t\t\t\t\t\t\t\t\t\t<div class=\"image-tools grid-tools text-center hide-for-small bottom hover-slide-in show-on-hover\">\n\t\t\t\t\t\t\t\t\t\t  <a class=\"quick-view\" data-prod=\"3547\" href=\"#quick-view\">Aper\u00e7u<\/a>\t\t\t\t\t\t\t\t\t<\/div>\n\t\t\t\t\t\t\t\t\t\t\t\t\t\t\t\t\t\t\t\t\t\t\t<\/div>\n\n\t\t\t\t\t\t\t<div class=\"box-text show-on-hover hover-zoom-in text-center\" >\n\t\t\t\t\t\t\t\t<div class=\"title-wrapper\"><p class=\"name product-title woocommerce-loop-product__title\"><a href=\"https:\/\/royal-glass.com\/fr\/produit\/gran-ultima-54cl\/\" class=\"woocommerce-LoopProduct-link woocommerce-loop-product__link\">Gran Ultima &#8211; 54cl &#8211; Set de 2<\/a><\/p><\/div><div class=\"price-wrapper\"><\/div>\t\t\t\t\t\t\t<\/div>\n\t\t\t\t\t\t<\/div>\n\t\t\t\t\t\t<\/div>\n\t\t\t\t\t<\/div><\/div>\n\t<div id=\"text-3395486191\" class=\"text\">\n\t\t\n<p><span style=\"font-size: 23.04px; color: #333333;\">Gran Ultima<br \/>\n<\/span><span style=\"color: #999999;\">54cl<\/span><\/p>\n<p class=\"lead\"><span style=\"font-size: 100%;\">22.90\u20ac<\/span><\/p>\n\t\t\n<style>\n#text-3395486191 {\n  line-height: 1.3;\n  text-align: center;\n}\n<\/style>\n\t<\/div>\n\t\n\t\t<\/div>\n\t\t\t\t\t<\/div>\n\n\t\n<\/div>\n<div class=\"row row-large align-center\" style=\"max-width:80%\" id=\"row-1062939464\">\n\n\t<div id=\"col-1203237081\" class=\"col medium-4 small-12 large-4\"  >\n\t\t\t\t<div class=\"col-inner\"  >\n\t\t\t\n\t\t\t\n\t\n  \n    <div class=\"row large-columns-1 medium-columns- small-columns- row-large has-shadow row-box-shadow-1 row-box-shadow-2-hover\" >\n  \n\t     <div class=\"col\" >\n\t\t\t\t\t\t<div class=\"col-inner\">\n\t\t\t\t\t\t\n<div class=\"badge-container absolute left top z-1\">\n\n<\/div>\n\t\t\t\t\t\t<div class=\"product-small box has-hover box-none box-text-bottom\">\n\t\t\t\t\t\t\t<div class=\"box-image\" >\n\t\t\t\t\t\t\t\t<div class=\"image-overlay-add image-zoom-long\" >\n\t\t\t\t\t\t\t\t\t<a href=\"https:\/\/royal-glass.com\/fr\/produit\/polymaster-black-34cl\/\" aria-label=\"Polymaster Noir - 34 cl - Lot de 2\">\n\t\t\t\t\t\t\t\t\t\t<img loading=\"lazy\" decoding=\"async\" width=\"1024\" height=\"1200\" src=\"https:\/\/royal-glass.com\/wp-content\/uploads\/2023\/02\/RG-Polymaster-2-HD-1024x1200.jpg\" class=\"show-on-hover absolute fill hide-for-small back-image\" alt=\"\" \/><img loading=\"lazy\" decoding=\"async\" width=\"1024\" height=\"1535\" src=\"https:\/\/royal-glass.com\/wp-content\/uploads\/2024\/08\/Polymaster-Black-Royal-Glass.jpg\" class=\"attachment-original size-original\" alt=\"Polymaster Black - Verre de d\u00e9gustation \u00e0 l&#039;aveugle - Royal Glass\" srcset=\"https:\/\/royal-glass.com\/wp-content\/uploads\/2024\/08\/Polymaster-Black-Royal-Glass.jpg 1024w, https:\/\/royal-glass.com\/wp-content\/uploads\/2024\/08\/Polymaster-Black-Royal-Glass-1001x1500.jpg 1001w, https:\/\/royal-glass.com\/wp-content\/uploads\/2024\/08\/Polymaster-Black-Royal-Glass-768x1151.jpg 768w\" sizes=\"auto, (max-width: 1024px) 100vw, 1024px\" \/>\t\t\t\t\t\t\t\t\t<\/a>\n\t\t\t\t\t\t\t\t\t\t\t\t\t\t\t\t\t\t \t\t\t\t\t\t\t\t<\/div>\n\t\t\t\t\t\t\t\t<div class=\"image-tools top right show-on-hover\">\n\t\t\t\t\t\t\t\t\t\t\t\t\t\t\t\t\t<\/div>\n\t\t\t\t\t\t\t\t\t\t\t\t\t\t\t\t\t<div class=\"image-tools grid-tools text-center hide-for-small bottom hover-slide-in show-on-hover\">\n\t\t\t\t\t\t\t\t\t\t  <a class=\"quick-view\" data-prod=\"4251\" href=\"#quick-view\">Aper\u00e7u<\/a>\t\t\t\t\t\t\t\t\t<\/div>\n\t\t\t\t\t\t\t\t\t\t\t\t\t\t\t\t\t\t\t\t\t\t\t<\/div>\n\n\t\t\t\t\t\t\t<div class=\"box-text show-on-hover hover-zoom-in text-center\" >\n\t\t\t\t\t\t\t\t<div class=\"title-wrapper\"><p class=\"name product-title woocommerce-loop-product__title\"><a href=\"https:\/\/royal-glass.com\/fr\/produit\/polymaster-black-34cl\/\" class=\"woocommerce-LoopProduct-link woocommerce-loop-product__link\">Polymaster Noir &#8211; 34 cl &#8211; Lot de 2<\/a><\/p><\/div><div class=\"price-wrapper\"><\/div>\t\t\t\t\t\t\t<\/div>\n\t\t\t\t\t\t<\/div>\n\t\t\t\t\t\t<\/div>\n\t\t\t\t\t<\/div><\/div>\n\t<div id=\"text-786664039\" class=\"text\">\n\t\t\n<p><span style=\"font-size: 23.04px; color: #333333;\">Polymaster Black<br \/><\/span><span style=\"color: #999999;\">34cl<\/span><\/p>\n<p class=\"lead\"><span style=\"font-size: 100%;\">27.80\u20ac<\/span><\/p>\n\t\t\n<style>\n#text-786664039 {\n  line-height: 1.3;\n  text-align: center;\n}\n<\/style>\n\t<\/div>\n\t\n\t\t<\/div>\n\t\t\t\t\t<\/div>\n\n\t\n\n\t<div id=\"col-1656304241\" class=\"col medium-4 small-12 large-4\"  >\n\t\t\t\t<div class=\"col-inner\"  >\n\t\t\t\n\t\t\t\n\t\n  \n    <div class=\"row large-columns-1 medium-columns- small-columns- row-large has-shadow row-box-shadow-1 row-box-shadow-2-hover\" >\n  \n\t     <div class=\"col\" >\n\t\t\t\t\t\t<div class=\"col-inner\">\n\t\t\t\t\t\t\n<div class=\"badge-container absolute left top z-1\">\n\n<\/div>\n\t\t\t\t\t\t<div class=\"product-small box has-hover box-none box-text-bottom\">\n\t\t\t\t\t\t\t<div class=\"box-image\" >\n\t\t\t\t\t\t\t\t<div class=\"image-overlay-add image-zoom-long\" >\n\t\t\t\t\t\t\t\t\t<a href=\"https:\/\/royal-glass.com\/fr\/produit\/graal\/\" aria-label=\"Graal\">\n\t\t\t\t\t\t\t\t\t\t<img loading=\"lazy\" decoding=\"async\" width=\"1024\" height=\"1200\" src=\"https:\/\/royal-glass.com\/wp-content\/uploads\/2023\/02\/RG-Polymaster-2-HD-1024x1200.jpg\" class=\"show-on-hover absolute fill hide-for-small back-image\" alt=\"\" \/><img loading=\"lazy\" decoding=\"async\" width=\"1024\" height=\"1535\" src=\"https:\/\/royal-glass.com\/wp-content\/uploads\/2025\/02\/Graal-1.jpg\" class=\"attachment-original size-original\" alt=\"Graal Wine Decanter - Royal Glass\" srcset=\"https:\/\/royal-glass.com\/wp-content\/uploads\/2025\/02\/Graal-1.jpg 1024w, https:\/\/royal-glass.com\/wp-content\/uploads\/2025\/02\/Graal-1-1001x1500.jpg 1001w, https:\/\/royal-glass.com\/wp-content\/uploads\/2025\/02\/Graal-1-768x1151.jpg 768w\" sizes=\"auto, (max-width: 1024px) 100vw, 1024px\" \/>\t\t\t\t\t\t\t\t\t<\/a>\n\t\t\t\t\t\t\t\t\t\t\t\t\t\t\t\t\t\t \t\t\t\t\t\t\t\t<\/div>\n\t\t\t\t\t\t\t\t<div class=\"image-tools top right show-on-hover\">\n\t\t\t\t\t\t\t\t\t\t\t\t\t\t\t\t\t<\/div>\n\t\t\t\t\t\t\t\t\t\t\t\t\t\t\t\t\t<div class=\"image-tools grid-tools text-center hide-for-small bottom hover-slide-in show-on-hover\">\n\t\t\t\t\t\t\t\t\t\t  <a class=\"quick-view\" data-prod=\"5699\" href=\"#quick-view\">Aper\u00e7u<\/a>\t\t\t\t\t\t\t\t\t<\/div>\n\t\t\t\t\t\t\t\t\t\t\t\t\t\t\t\t\t\t\t\t\t\t\t<\/div>\n\n\t\t\t\t\t\t\t<div class=\"box-text show-on-hover hover-zoom-in text-center\" >\n\t\t\t\t\t\t\t\t<div class=\"title-wrapper\"><p class=\"name product-title woocommerce-loop-product__title\"><a href=\"https:\/\/royal-glass.com\/fr\/produit\/graal\/\" class=\"woocommerce-LoopProduct-link woocommerce-loop-product__link\">Graal<\/a><\/p><\/div><div class=\"price-wrapper\"><\/div>\t\t\t\t\t\t\t<\/div>\n\t\t\t\t\t\t<\/div>\n\t\t\t\t\t\t<\/div>\n\t\t\t\t\t<\/div><\/div>\n\t<div id=\"text-3631670771\" class=\"text\">\n\t\t\n<p><span style=\"font-size: 23.04px; color: #333333;\">Graal <br \/><\/span><span style=\"color: #999999;\">Carafe<\/span><\/p>\n<p class=\"lead\"><span style=\"font-size: 100%;\">90.00\u20ac<\/span><\/p>\n\t\t\n<style>\n#text-3631670771 {\n  line-height: 1.3;\n  text-align: center;\n}\n<\/style>\n\t<\/div>\n\t\n\t\t<\/div>\n\t\t\t\t\t<\/div>\n\n\t\n<\/div>\n\t\t<\/div>\n\n\t\t\n<style>\n#section_515640078 {\n  padding-top: 30px;\n  padding-bottom: 30px;\n}\n<\/style>\n\t<\/section>\n\t\n","protected":false},"excerpt":{"rendered":"","protected":false},"author":1,"featured_media":0,"parent":0,"menu_order":0,"comment_status":"closed","ping_status":"closed","template":"page-blank.php","meta":{"_acf_changed":false,"footnotes":""},"class_list":["post-3549","page","type-page","status-publish","has-post-thumbnail","hentry"],"acf":[],"yoast_head":"<!-- This site is optimized with the Yoast SEO plugin v27.4 - https:\/\/yoast.com\/product\/yoast-seo-wordpress\/ -->\n<title>Verres \u00e0 vin pour rouges et blancs - Coffret verres \u00e0 vin - Royal Glass<\/title>\n<meta name=\"description\" content=\"Consultez notre collection compl\u00e8te de verres \u00e0 vin, et d\u00e9couvrez les meilleures verres pour le vin rouge et blanc ainsi que notre carafe.\" \/>\n<meta name=\"robots\" content=\"index, follow, max-snippet:-1, max-image-preview:large, max-video-preview:-1\" \/>\n<link rel=\"canonical\" href=\"https:\/\/royal-glass.com\/fr\/collection\/\" \/>\n<meta property=\"og:locale\" content=\"fr_FR\" \/>\n<meta property=\"og:type\" content=\"article\" \/>\n<meta property=\"og:title\" content=\"Verres \u00e0 vin pour rouges et blancs - Coffret verres \u00e0 vin - Royal Glass\" \/>\n<meta property=\"og:description\" content=\"Consultez notre collection compl\u00e8te de verres \u00e0 vin, et d\u00e9couvrez les meilleures verres pour le vin rouge et blanc ainsi que notre carafe.\" \/>\n<meta property=\"og:url\" content=\"https:\/\/royal-glass.com\/fr\/collection\/\" \/>\n<meta property=\"og:site_name\" content=\"Royal Glass\" \/>\n<meta property=\"article:publisher\" content=\"https:\/\/www.facebook.com\/royalglassoffical\/\" \/>\n<meta property=\"article:modified_time\" content=\"2025-06-12T20:43:25+00:00\" \/>\n<meta name=\"twitter:card\" content=\"summary_large_image\" \/>\n<meta name=\"twitter:label1\" content=\"Dur\u00e9e de lecture estim\u00e9e\" \/>\n\t<meta name=\"twitter:data1\" content=\"1 minute\" \/>\n<script type=\"application\/ld+json\" class=\"yoast-schema-graph\">{\"@context\":\"https:\\\/\\\/schema.org\",\"@graph\":[{\"@type\":\"WebPage\",\"@id\":\"https:\\\/\\\/royal-glass.com\\\/fr\\\/collection\\\/\",\"url\":\"https:\\\/\\\/royal-glass.com\\\/fr\\\/collection\\\/\",\"name\":\"Verres \u00e0 vin pour rouges et blancs - Coffret verres \u00e0 vin - Royal Glass\",\"isPartOf\":{\"@id\":\"https:\\\/\\\/royal-glass.com\\\/fr\\\/#website\"},\"datePublished\":\"2023-05-08T13:22:28+00:00\",\"dateModified\":\"2025-06-12T20:43:25+00:00\",\"description\":\"Consultez notre collection compl\u00e8te de verres \u00e0 vin, et d\u00e9couvrez les meilleures verres pour le vin rouge et blanc ainsi que notre carafe.\",\"breadcrumb\":{\"@id\":\"https:\\\/\\\/royal-glass.com\\\/fr\\\/collection\\\/#breadcrumb\"},\"inLanguage\":\"fr-FR\",\"potentialAction\":[{\"@type\":\"ReadAction\",\"target\":[\"https:\\\/\\\/royal-glass.com\\\/fr\\\/collection\\\/\"]}]},{\"@type\":\"BreadcrumbList\",\"@id\":\"https:\\\/\\\/royal-glass.com\\\/fr\\\/collection\\\/#breadcrumb\",\"itemListElement\":[{\"@type\":\"ListItem\",\"position\":1,\"name\":\"Home\",\"item\":\"https:\\\/\\\/royal-glass.com\\\/fr\\\/\"},{\"@type\":\"ListItem\",\"position\":2,\"name\":\"Collection\"}]},{\"@type\":\"WebSite\",\"@id\":\"https:\\\/\\\/royal-glass.com\\\/fr\\\/#website\",\"url\":\"https:\\\/\\\/royal-glass.com\\\/fr\\\/\",\"name\":\"Royal Glass\",\"description\":\"The perfect wine glass\",\"publisher\":{\"@id\":\"https:\\\/\\\/royal-glass.com\\\/fr\\\/#organization\"},\"potentialAction\":[{\"@type\":\"SearchAction\",\"target\":{\"@type\":\"EntryPoint\",\"urlTemplate\":\"https:\\\/\\\/royal-glass.com\\\/fr\\\/?s={search_term_string}\"},\"query-input\":{\"@type\":\"PropertyValueSpecification\",\"valueRequired\":true,\"valueName\":\"search_term_string\"}}],\"inLanguage\":\"fr-FR\"},{\"@type\":\"Organization\",\"@id\":\"https:\\\/\\\/royal-glass.com\\\/fr\\\/#organization\",\"name\":\"Royal Glass\",\"url\":\"https:\\\/\\\/royal-glass.com\\\/fr\\\/\",\"logo\":{\"@type\":\"ImageObject\",\"inLanguage\":\"fr-FR\",\"@id\":\"https:\\\/\\\/royal-glass.com\\\/fr\\\/#\\\/schema\\\/logo\\\/image\\\/\",\"url\":\"https:\\\/\\\/royal-glass.com\\\/wp-content\\\/uploads\\\/2023\\\/02\\\/logo-royal-glass.png\",\"contentUrl\":\"https:\\\/\\\/royal-glass.com\\\/wp-content\\\/uploads\\\/2023\\\/02\\\/logo-royal-glass.png\",\"width\":2097,\"height\":382,\"caption\":\"Royal Glass\"},\"image\":{\"@id\":\"https:\\\/\\\/royal-glass.com\\\/fr\\\/#\\\/schema\\\/logo\\\/image\\\/\"},\"sameAs\":[\"https:\\\/\\\/www.facebook.com\\\/royalglassoffical\\\/\",\"https:\\\/\\\/instagram.com\\\/royal_glass_official\\\/\"]}]}<\/script>\n<!-- \/ Yoast SEO plugin. -->","yoast_head_json":{"title":"Verres \u00e0 vin pour rouges et blancs - Coffret verres \u00e0 vin - Royal Glass","description":"Consultez notre collection compl\u00e8te de verres \u00e0 vin, et d\u00e9couvrez les meilleures verres pour le vin rouge et blanc ainsi que notre carafe.","robots":{"index":"index","follow":"follow","max-snippet":"max-snippet:-1","max-image-preview":"max-image-preview:large","max-video-preview":"max-video-preview:-1"},"canonical":"https:\/\/royal-glass.com\/fr\/collection\/","og_locale":"fr_FR","og_type":"article","og_title":"Verres \u00e0 vin pour rouges et blancs - Coffret verres \u00e0 vin - Royal Glass","og_description":"Consultez notre collection compl\u00e8te de verres \u00e0 vin, et d\u00e9couvrez les meilleures verres pour le vin rouge et blanc ainsi que notre carafe.","og_url":"https:\/\/royal-glass.com\/fr\/collection\/","og_site_name":"Royal Glass","article_publisher":"https:\/\/www.facebook.com\/royalglassoffical\/","article_modified_time":"2025-06-12T20:43:25+00:00","twitter_card":"summary_large_image","twitter_misc":{"Dur\u00e9e de lecture estim\u00e9e":"1 minute"},"schema":{"@context":"https:\/\/schema.org","@graph":[{"@type":"WebPage","@id":"https:\/\/royal-glass.com\/fr\/collection\/","url":"https:\/\/royal-glass.com\/fr\/collection\/","name":"Verres \u00e0 vin pour rouges et blancs - Coffret verres \u00e0 vin - Royal Glass","isPartOf":{"@id":"https:\/\/royal-glass.com\/fr\/#website"},"datePublished":"2023-05-08T13:22:28+00:00","dateModified":"2025-06-12T20:43:25+00:00","description":"Consultez notre collection compl\u00e8te de verres \u00e0 vin, et d\u00e9couvrez les meilleures verres pour le vin rouge et blanc ainsi que notre carafe.","breadcrumb":{"@id":"https:\/\/royal-glass.com\/fr\/collection\/#breadcrumb"},"inLanguage":"fr-FR","potentialAction":[{"@type":"ReadAction","target":["https:\/\/royal-glass.com\/fr\/collection\/"]}]},{"@type":"BreadcrumbList","@id":"https:\/\/royal-glass.com\/fr\/collection\/#breadcrumb","itemListElement":[{"@type":"ListItem","position":1,"name":"Home","item":"https:\/\/royal-glass.com\/fr\/"},{"@type":"ListItem","position":2,"name":"Collection"}]},{"@type":"WebSite","@id":"https:\/\/royal-glass.com\/fr\/#website","url":"https:\/\/royal-glass.com\/fr\/","name":"Royal Glass","description":"The perfect wine glass","publisher":{"@id":"https:\/\/royal-glass.com\/fr\/#organization"},"potentialAction":[{"@type":"SearchAction","target":{"@type":"EntryPoint","urlTemplate":"https:\/\/royal-glass.com\/fr\/?s={search_term_string}"},"query-input":{"@type":"PropertyValueSpecification","valueRequired":true,"valueName":"search_term_string"}}],"inLanguage":"fr-FR"},{"@type":"Organization","@id":"https:\/\/royal-glass.com\/fr\/#organization","name":"Royal Glass","url":"https:\/\/royal-glass.com\/fr\/","logo":{"@type":"ImageObject","inLanguage":"fr-FR","@id":"https:\/\/royal-glass.com\/fr\/#\/schema\/logo\/image\/","url":"https:\/\/royal-glass.com\/wp-content\/uploads\/2023\/02\/logo-royal-glass.png","contentUrl":"https:\/\/royal-glass.com\/wp-content\/uploads\/2023\/02\/logo-royal-glass.png","width":2097,"height":382,"caption":"Royal Glass"},"image":{"@id":"https:\/\/royal-glass.com\/fr\/#\/schema\/logo\/image\/"},"sameAs":["https:\/\/www.facebook.com\/royalglassoffical\/","https:\/\/instagram.com\/royal_glass_official\/"]}]}},"_links":{"self":[{"href":"https:\/\/royal-glass.com\/fr\/wp-json\/wp\/v2\/pages\/3549","targetHints":{"allow":["GET"]}}],"collection":[{"href":"https:\/\/royal-glass.com\/fr\/wp-json\/wp\/v2\/pages"}],"about":[{"href":"https:\/\/royal-glass.com\/fr\/wp-json\/wp\/v2\/types\/page"}],"author":[{"embeddable":true,"href":"https:\/\/royal-glass.com\/fr\/wp-json\/wp\/v2\/users\/1"}],"replies":[{"embeddable":true,"href":"https:\/\/royal-glass.com\/fr\/wp-json\/wp\/v2\/comments?post=3549"}],"version-history":[{"count":0,"href":"https:\/\/royal-glass.com\/fr\/wp-json\/wp\/v2\/pages\/3549\/revisions"}],"wp:attachment":[{"href":"https:\/\/royal-glass.com\/fr\/wp-json\/wp\/v2\/media?parent=3549"}],"curies":[{"name":"wp","href":"https:\/\/api.w.org\/{rel}","templated":true}]}}